{"id":1638,"date":"2023-01-10T17:27:54","date_gmt":"2023-01-10T16:27:54","guid":{"rendered":"https:\/\/www.camping-jablines.com\/toerisme-paris\/"},"modified":"2024-04-27T15:12:06","modified_gmt":"2024-04-27T13:12:06","slug":"toerisme-paris","status":"publish","type":"page","link":"https:\/\/www.camping-jablines.com\/nl\/toerisme-paris\/","title":{"rendered":"Paris"},"content":{"rendered":"<section id=\"ls-section-block_10eddea52a63bb4091f2c05cff93d290\" class=\"ls-section  home-first page-un\" >\n        <div class=\"container container--wide\">\n        \n\n<div class=\"wp-block-columns home-first page-un is-layout-flex wp-container-core-columns-is-layout-9d6595d7 wp-block-columns-is-layout-flex\">\n<div class=\"wp-block-column is-vertically-aligned-center is-layout-flow wp-block-column-is-layout-flow\" style=\"flex-basis:50%\"><div class=\"wp-block-image animated fadeInLeft slow\">\n<figure class=\"aligncenter size-full\"><a href=\"https:\/\/www.camping-jablines.com\/wp-content\/uploads\/2022\/12\/paris-la-tour-effeil.jpg\"><img decoding=\"async\" width=\"1000\" height=\"750\" src=\"https:\/\/www.camping-jablines.com\/wp-content\/uploads\/2022\/12\/paris-la-tour-effeil.jpg\" alt=\"camping proche paris tour effeil\" class=\"wp-image-988\" srcset=\"https:\/\/www.camping-jablines.com\/wp-content\/uploads\/2022\/12\/paris-la-tour-effeil.jpg 1000w, https:\/\/www.camping-jablines.com\/wp-content\/uploads\/2022\/12\/paris-la-tour-effeil-300x225.jpg 300w, https:\/\/www.camping-jablines.com\/wp-content\/uploads\/2022\/12\/paris-la-tour-effeil-768x576.jpg 768w\" sizes=\"(max-width: 1000px) 100vw, 1000px\" \/><\/a><\/figure>\n<\/div><\/div>\n\n\n\n<div class=\"wp-block-column is-vertically-aligned-center colonne-second animated fadeInRight slow delay-100ms is-layout-flow wp-block-column-is-layout-flow\" style=\"flex-basis:50%\">\n<h1 class=\"ls__heading wp-block-heading has-text-align-left home-first\">Toerisme in Paris<\/h1>\n\n\n\n<p class=\"ls-paragraph\">Kom en <a href=\"https:\/\/www.parisinfo.com\/\" target=\"_blank\" rel=\"noreferrer noopener nofollow\">ontdek Paris<\/a> en zijn vele monumenten op slechts 40 km van de camping.<\/p>\n\n\n\n<p class=\"ls-paragraph\">Het is mogelijk om er te komen met bus 2263 vanaf onze camping en met de RER A!<\/p>\n\n\n\n<h2 class=\"ls__heading wp-block-heading\"><strong>Must-see plaatsen in Parijs<\/strong><\/h2>\n\n\n\n<p class=\"ls-paragraph\">Ontdek de lichtstad in slechts een uur vanaf de <a href=\"\/\">camping bij Disneyland<\/a>. <\/p>\n\n\n\n<p class=\"ls-paragraph\">Begin uw dag met een kopje koffie op de <strong>Champs Elys\u00e9es<\/strong> en maak vervolgens een ontspannen wandeling naar de <strong>Eiffeltoren<\/strong>, het embleem van Parijs. <\/p>\n\n\n\n<p class=\"ls-paragraph\">Maak daarna een ritje op een van de <strong>beroemde &#8220;bateaux mouche&#8221;<\/strong> (vliegboten) van de stad over de Seine naar de Notre Dame de Paris. <\/p>\n\n\n\n<p class=\"ls-paragraph\">Sluit uw dag af op de heuvel Montmartre om te genieten van een uitzonderlijk panorama van de stad en haar monumenten, verlicht bij het vallen van de avond.<\/p>\n<\/div>\n<\/div>\n\n\n    <\/div>\n<\/section>\n\n<section id=\"ls-section-block_54c9b554b6153b72434704c70c24e5d2\" class=\"ls-section  home-second m-t-0 page-two p-b-10 page-deux has-background-image has-parallax has-m-b m-b-0\" >\n    <div class=\"ls-section__background-image opacity-100\"><img decoding=\"async\" src=\"https:\/\/www.camping-jablines.com\/wp-content\/uploads\/2022\/12\/jablines-proche-musee-du-louvre.jpg\" alt=\"jablines proche mus\u00e9e du louvre\"><\/div>    <div class=\"container container--wide\">\n        \n\n<div class=\"wp-block-columns is-layout-flex wp-container-core-columns-is-layout-9d6595d7 wp-block-columns-is-layout-flex\">\n<div class=\"wp-block-column is-layout-flow wp-block-column-is-layout-flow\">\n<h2 class=\"ls__heading wp-block-heading\"><strong>Wat te doen in Paris<\/strong><\/h2>\n\n\n\n<p class=\"ls-paragraph\">Als geschiedenis- en cultuurliefhebber kun je niet naar Parijs komen zonder het <a href=\"https:\/\/www.louvre.fr\/\" target=\"_blank\" rel=\"noreferrer noopener\">Louvre te bezoeken<\/a>.<\/p>\n\n\n\n<p class=\"ls-paragraph\">Als museum sinds 1793 behoren de collecties tot de mooiste ter wereld. Ze omspannen meerdere millennia en er worden meer dan 35.000 werken tentoongesteld, waaronder wereldberoemde meesterwerken als de Overwinning van Samothraki, de Mona Lisa en de Slaven van Michelangelo.<\/p>\n<\/div>\n\n\n\n<div class=\"wp-block-column is-vertically-aligned-center is-layout-flow wp-block-column-is-layout-flow\">\n<p class=\"ls-paragraph\">Paris heeft vele andere musea om te bezoeken, zoals het <strong>Mus\u00e9e d&#8217;Orsay<\/strong>, het <strong>Mus\u00e9e Gr\u00e9vin<\/strong>, het <strong>Centre Pompidou<\/strong>&#8230;<\/p>\n\n\n\n<p class=\"ls-paragraph\">Als u meerdere bezoeken wilt brengen, biedt de Paris Museum Pass toegang tot meer dan vijftig Paris monumenten en musea.<\/p>\n<\/div>\n<\/div>\n\n\n    <\/div>\n<\/section>\n\n<section id=\"ls-section-block_f82e776fc17abde4873875c2e72f51fe\" class=\"ls-section  has-m-t m-t-0\" >\n        <div class=\"container container--full\">\n        \n\n<h2 class=\"ls__heading wp-block-heading has-text-align-center\">Uniek verblijf in Paris, onze beste adressen<\/h2>\n\n\n\n<div class=\"wp-block-columns faux-cta is-layout-flex wp-container-core-columns-is-layout-9d6595d7 wp-block-columns-is-layout-flex\">\n<div class=\"wp-block-column is-layout-flow wp-block-column-is-layout-flow\">\n<div id=\"ls-cta-block_bd0e5242931ef534f8330f7c80ad9bff\" class=\"ls-cta\">  \n    \n\n<a href=\"https:\/\/www.operadeparis.fr\/\" target=\"\" rel=\"noopener\" class=\"ls-cta__link\">\n\n\t<div class=\"ls-cta__image\"><img decoding=\"async\" src=\"https:\/\/www.camping-jablines.com\/wp-content\/uploads\/2022\/12\/opera-garnier-paris-768x576.jpg\" alt=\"opera garnier paris\"><\/div>\n\t<div class=\"ls-cta__title\">\n\t\tOp\u00e9ra Garnier\t<\/div>\n\n\t\t\t<div class=\"ls-cta__description\">\n\t\t\tAmateur de spectacle, laissez-vous \u00e9blouir par ce v\u00e9ritable joyau au c\u0153ur de Paris.\t\t\n\t\t<\/div>\n\t\t\n<\/a><\/div><\/div>\n\n\n\n<div class=\"wp-block-column is-layout-flow wp-block-column-is-layout-flow\">\n<div id=\"ls-cta-block_ab77113af4a5862dba0bd9ab16df9d2d\" class=\"ls-cta\">  \n    \n\n<a href=\"https:\/\/www.camping-jablines.com\/nl\/toerisme-paris\/\" target=\"\" rel=\"noopener\" class=\"ls-cta__link\">\n\n\t<div class=\"ls-cta__image\"><img decoding=\"async\" src=\"https:\/\/www.camping-jablines.com\/wp-content\/uploads\/2022\/12\/les-galeries-lafayette-de-paris-768x576.jpg\" alt=\"les galeries lafayette paris\"><\/div>\n\t<div class=\"ls-cta__title\">\n\t\tGalerie Lafayette\t<\/div>\n\n\t\t\t<div class=\"ls-cta__description\">\n\t\t\tD\u00e9couvrez les vitrines des magasins de mode les plus luxueux au monde.\t\t\n\t\t<\/div>\n\t\t\n<\/a><\/div><\/div>\n\n\n\n<div class=\"wp-block-column is-layout-flow wp-block-column-is-layout-flow\">\n<div id=\"ls-cta-block_36d53a62f21690f6224b531c283676b8\" class=\"ls-cta\">  \n    \n\n<a href=\"https:\/\/www.camping-jablines.com\/nl\/toerisme-paris\/\" target=\"\" rel=\"noopener\" class=\"ls-cta__link\">\n\n\t<div class=\"ls-cta__image\"><img decoding=\"async\" src=\"https:\/\/www.camping-jablines.com\/wp-content\/uploads\/2022\/12\/marche-des-enfants-rouges-paris-768x576.jpg\" alt=\"march\u00e9 des enfants rouges\"><\/div>\n\t<div class=\"ls-cta__title\">\n\t\tMarch\u00e9 des enfants rouges\t<\/div>\n\n\t\t\t<div class=\"ls-cta__description\">\n\t\t\tD\u00e9gustez les sp\u00e9cialit\u00e9s fran\u00e7aises au sein du plus vieux march\u00e9 de Paris.\t\t\n\t\t<\/div>\n\t\t\n<\/a><\/div><\/div>\n\n\n\n<div class=\"wp-block-column is-layout-flow wp-block-column-is-layout-flow\">\n<div id=\"ls-cta-block_e670719d9e5b3f2e321f1fcc4598a6fd\" class=\"ls-cta\">  \n    \n\n<a href=\"https:\/\/www.camping-jablines.com\/nl\/toerisme-paris\/\" target=\"\" rel=\"noopener\" class=\"ls-cta__link\">\n\n\t<div class=\"ls-cta__image\"><img decoding=\"async\" src=\"https:\/\/www.camping-jablines.com\/wp-content\/uploads\/2022\/12\/la-coulee-verte-paris-768x576.jpg\" alt=\"la coul\u00e9e verte paris\"><\/div>\n\t<div class=\"ls-cta__title\">\n\t\tLa coul\u00e9e verte\t<\/div>\n\n\t\t\t<div class=\"ls-cta__description\">\n\t\t\tPromenez-vous de Bastille \u00e0 Vincennes dans cette multitude de jardins plus fleuris les uns que les autres.\t\t\n\t\t<\/div>\n\t\t\n<\/a><\/div><\/div>\n<\/div>\n\n\n    <\/div>\n<\/section>\n\n<section id=\"ls-section-block_ef75415b9f59f90608e54c8d6a41a8d0\" class=\"ls-section \" >\n        <div class=\"container container--wide\">\n        \n\n<div id=\"ls-heading ls-titre-div-block_f8ba39f4aea679c6779f999ce9ae4306\" class=\"ls-titre-div h2-like\" >\n    Om de omgeving van de camping te ontdekken<\/div>\n\n\n<div id=\"ls-maillage-block_bb6da3571a6a328e4796f141e2066b8d\" class=\"ls-maillage cta-style-normal\" data-rows=\"3\">\n    <div class=\"wp-block-columns\"><div class=\"wp-block-column\">\n\n<a href=\"https:\/\/www.camping-jablines.com\/nl\/toerisme-ile-de-france\/\" target=\"\" rel=\"noopener\" class=\"ls-cta__link\">\n\n\t<div class=\"ls-cta__image\"><img decoding=\"async\" src=\"https:\/\/www.camping-jablines.com\/wp-content\/uploads\/2022\/12\/base-de-loisirs-proche-jablines-768x382.jpg\" alt=\"base de loisirs proche de jablines\"><\/div>\n\t<div class=\"ls-cta__title\">\n\t\tActiviteiten rondom de camping\t<\/div>\n\n\t\t\n<\/a><\/div><div class=\"wp-block-column\">\n\n<a href=\"https:\/\/www.camping-jablines.com\/nl\/toerisme-disneyland-paris\/\" target=\"\" rel=\"noopener\" class=\"ls-cta__link\">\n\n\t<div class=\"ls-cta__image\"><img decoding=\"async\" src=\"https:\/\/www.camping-jablines.com\/wp-content\/uploads\/2023\/10\/60622-PTM-KV-Adapt-Adapt-Print-PCV_210x210-768x768.jpg\" alt=\"\"><\/div>\n\t<div class=\"ls-cta__title\">\n\t\tDisneyland Paris\t<\/div>\n\n\t\t\n<\/a><\/div><div class=\"wp-block-column\">\n\n<a href=\"https:\/\/www.camping-jablines.com\/nl\/camping-basis-loirs-paris\/\" target=\"\" rel=\"noopener\" class=\"ls-cta__link\">\n\n\t<div class=\"ls-cta__image\"><img decoding=\"async\" src=\"https:\/\/www.camping-jablines.com\/wp-content\/uploads\/2022\/12\/Camping-International-des-Jablines_AXELMARONI-13_0-768x576.jpg\" alt=\"\"><\/div>\n\t<div class=\"ls-cta__title\">\n\t\tHet recreatiecentrum\t<\/div>\n\n\t\t\n<\/a><\/div><\/div><\/div>\n\n    <\/div>\n<\/section>","protected":false},"excerpt":{"rendered":"","protected":false},"author":1,"featured_media":1042,"parent":0,"menu_order":0,"comment_status":"closed","ping_status":"closed","template":"","meta":{"_acf_changed":false,"footnotes":""},"sujet":[],"class_list":["post-1638","page","type-page","status-publish","has-post-thumbnail","hentry"],"acf":[],"yoast_head":"<!-- This site is optimized with the Yoast SEO plugin v23.4 - https:\/\/yoast.com\/wordpress\/plugins\/seo\/ -->\n<title>Vakantie in de buurt van Paris | Toerisme in Paris | Verblijf in Paris<\/title>\n<meta name=\"robots\" content=\"index, follow, max-snippet:-1, max-image-preview:large, max-video-preview:-1\" \/>\n<link rel=\"canonical\" href=\"https:\/\/www.camping-jablines.com\/nl\/toerisme-paris\/\" \/>\n<meta property=\"og:locale\" content=\"nl_NL\" \/>\n<meta property=\"og:type\" content=\"article\" \/>\n<meta property=\"og:title\" content=\"Vakantie in de buurt van Paris | Toerisme in Paris | Verblijf in Paris\" \/>\n<meta property=\"og:url\" content=\"https:\/\/www.camping-jablines.com\/nl\/toerisme-paris\/\" \/>\n<meta property=\"og:site_name\" content=\"International de Jablines\" \/>\n<meta property=\"article:modified_time\" content=\"2024-04-27T13:12:06+00:00\" \/>\n<meta property=\"og:image\" content=\"https:\/\/www.camping-jablines.com\/wp-content\/uploads\/2022\/12\/camping-familial-pour-visiter-paris.jpg\" \/>\n\t<meta property=\"og:image:width\" content=\"1348\" \/>\n\t<meta property=\"og:image:height\" content=\"670\" \/>\n\t<meta property=\"og:image:type\" content=\"image\/jpeg\" \/>\n<meta name=\"twitter:card\" content=\"summary_large_image\" \/>\n<meta name=\"twitter:label1\" content=\"Geschatte leestijd\" \/>\n\t<meta name=\"twitter:data1\" content=\"2 minuten\" \/>\n<script type=\"application\/ld+json\" class=\"yoast-schema-graph\">{\"@context\":\"https:\/\/schema.org\",\"@graph\":[{\"@type\":\"WebPage\",\"@id\":\"https:\/\/www.camping-jablines.com\/nl\/toerisme-paris\/\",\"url\":\"https:\/\/www.camping-jablines.com\/nl\/toerisme-paris\/\",\"name\":\"Vakantie in de buurt van Paris | Toerisme in Paris | Verblijf in Paris\",\"isPartOf\":{\"@id\":\"https:\/\/www.camping-jablines.com\/#website\"},\"primaryImageOfPage\":{\"@id\":\"https:\/\/www.camping-jablines.com\/nl\/toerisme-paris\/#primaryimage\"},\"image\":{\"@id\":\"https:\/\/www.camping-jablines.com\/nl\/toerisme-paris\/#primaryimage\"},\"thumbnailUrl\":\"https:\/\/www.camping-jablines.com\/wp-content\/uploads\/2022\/12\/camping-familial-pour-visiter-paris.jpg\",\"datePublished\":\"2023-01-10T16:27:54+00:00\",\"dateModified\":\"2024-04-27T13:12:06+00:00\",\"breadcrumb\":{\"@id\":\"https:\/\/www.camping-jablines.com\/nl\/toerisme-paris\/#breadcrumb\"},\"inLanguage\":\"nl-NL\",\"potentialAction\":[{\"@type\":\"ReadAction\",\"target\":[\"https:\/\/www.camping-jablines.com\/nl\/toerisme-paris\/\"]}]},{\"@type\":\"ImageObject\",\"inLanguage\":\"nl-NL\",\"@id\":\"https:\/\/www.camping-jablines.com\/nl\/toerisme-paris\/#primaryimage\",\"url\":\"https:\/\/www.camping-jablines.com\/wp-content\/uploads\/2022\/12\/camping-familial-pour-visiter-paris.jpg\",\"contentUrl\":\"https:\/\/www.camping-jablines.com\/wp-content\/uploads\/2022\/12\/camping-familial-pour-visiter-paris.jpg\",\"width\":1348,\"height\":670,\"caption\":\"camping familial pour visiter paris\"},{\"@type\":\"BreadcrumbList\",\"@id\":\"https:\/\/www.camping-jablines.com\/nl\/toerisme-paris\/#breadcrumb\",\"itemListElement\":[{\"@type\":\"ListItem\",\"position\":1,\"name\":\"Camping Seine-et-Marne\",\"item\":\"https:\/\/www.camping-jablines.com\/nl\/\"},{\"@type\":\"ListItem\",\"position\":2,\"name\":\"Verblijf in de buurt van Paris\"}]},{\"@type\":\"WebSite\",\"@id\":\"https:\/\/www.camping-jablines.com\/#website\",\"url\":\"https:\/\/www.camping-jablines.com\/\",\"name\":\"International de Jablines\",\"description\":\"\",\"publisher\":{\"@id\":\"https:\/\/www.camping-jablines.com\/#organization\"},\"potentialAction\":[{\"@type\":\"SearchAction\",\"target\":{\"@type\":\"EntryPoint\",\"urlTemplate\":\"https:\/\/www.camping-jablines.com\/?s={search_term_string}\"},\"query-input\":{\"@type\":\"PropertyValueSpecification\",\"valueRequired\":true,\"valueName\":\"search_term_string\"}}],\"inLanguage\":\"nl-NL\"},{\"@type\":\"Organization\",\"@id\":\"https:\/\/www.camping-jablines.com\/#organization\",\"name\":\"International de Jablines\",\"alternateName\":\"International de Jablines\",\"url\":\"https:\/\/www.camping-jablines.com\/\",\"logo\":{\"@type\":\"ImageObject\",\"inLanguage\":\"nl-NL\",\"@id\":\"https:\/\/www.camping-jablines.com\/#\/schema\/logo\/image\/\",\"url\":\"https:\/\/www.camping-jablines.com\/wp-content\/uploads\/2022\/12\/cropped-favicon.png\",\"contentUrl\":\"https:\/\/www.camping-jablines.com\/wp-content\/uploads\/2022\/12\/cropped-favicon.png\",\"width\":512,\"height\":512,\"caption\":\"International de Jablines\"},\"image\":{\"@id\":\"https:\/\/www.camping-jablines.com\/#\/schema\/logo\/image\/\"}}]}<\/script>\n<!-- \/ Yoast SEO plugin. -->","yoast_head_json":{"title":"Vakantie in de buurt van Paris | Toerisme in Paris | Verblijf in Paris","robots":{"index":"index","follow":"follow","max-snippet":"max-snippet:-1","max-image-preview":"max-image-preview:large","max-video-preview":"max-video-preview:-1"},"canonical":"https:\/\/www.camping-jablines.com\/nl\/toerisme-paris\/","og_locale":"nl_NL","og_type":"article","og_title":"Vakantie in de buurt van Paris | Toerisme in Paris | Verblijf in Paris","og_url":"https:\/\/www.camping-jablines.com\/nl\/toerisme-paris\/","og_site_name":"International de Jablines","article_modified_time":"2024-04-27T13:12:06+00:00","og_image":[{"width":1348,"height":670,"url":"https:\/\/www.camping-jablines.com\/wp-content\/uploads\/2022\/12\/camping-familial-pour-visiter-paris.jpg","type":"image\/jpeg"}],"twitter_card":"summary_large_image","twitter_misc":{"Geschatte leestijd":"2 minuten"},"schema":{"@context":"https:\/\/schema.org","@graph":[{"@type":"WebPage","@id":"https:\/\/www.camping-jablines.com\/nl\/toerisme-paris\/","url":"https:\/\/www.camping-jablines.com\/nl\/toerisme-paris\/","name":"Vakantie in de buurt van Paris | Toerisme in Paris | Verblijf in Paris","isPartOf":{"@id":"https:\/\/www.camping-jablines.com\/#website"},"primaryImageOfPage":{"@id":"https:\/\/www.camping-jablines.com\/nl\/toerisme-paris\/#primaryimage"},"image":{"@id":"https:\/\/www.camping-jablines.com\/nl\/toerisme-paris\/#primaryimage"},"thumbnailUrl":"https:\/\/www.camping-jablines.com\/wp-content\/uploads\/2022\/12\/camping-familial-pour-visiter-paris.jpg","datePublished":"2023-01-10T16:27:54+00:00","dateModified":"2024-04-27T13:12:06+00:00","breadcrumb":{"@id":"https:\/\/www.camping-jablines.com\/nl\/toerisme-paris\/#breadcrumb"},"inLanguage":"nl-NL","potentialAction":[{"@type":"ReadAction","target":["https:\/\/www.camping-jablines.com\/nl\/toerisme-paris\/"]}]},{"@type":"ImageObject","inLanguage":"nl-NL","@id":"https:\/\/www.camping-jablines.com\/nl\/toerisme-paris\/#primaryimage","url":"https:\/\/www.camping-jablines.com\/wp-content\/uploads\/2022\/12\/camping-familial-pour-visiter-paris.jpg","contentUrl":"https:\/\/www.camping-jablines.com\/wp-content\/uploads\/2022\/12\/camping-familial-pour-visiter-paris.jpg","width":1348,"height":670,"caption":"camping familial pour visiter paris"},{"@type":"BreadcrumbList","@id":"https:\/\/www.camping-jablines.com\/nl\/toerisme-paris\/#breadcrumb","itemListElement":[{"@type":"ListItem","position":1,"name":"Camping Seine-et-Marne","item":"https:\/\/www.camping-jablines.com\/nl\/"},{"@type":"ListItem","position":2,"name":"Verblijf in de buurt van Paris"}]},{"@type":"WebSite","@id":"https:\/\/www.camping-jablines.com\/#website","url":"https:\/\/www.camping-jablines.com\/","name":"International de Jablines","description":"","publisher":{"@id":"https:\/\/www.camping-jablines.com\/#organization"},"potentialAction":[{"@type":"SearchAction","target":{"@type":"EntryPoint","urlTemplate":"https:\/\/www.camping-jablines.com\/?s={search_term_string}"},"query-input":{"@type":"PropertyValueSpecification","valueRequired":true,"valueName":"search_term_string"}}],"inLanguage":"nl-NL"},{"@type":"Organization","@id":"https:\/\/www.camping-jablines.com\/#organization","name":"International de Jablines","alternateName":"International de Jablines","url":"https:\/\/www.camping-jablines.com\/","logo":{"@type":"ImageObject","inLanguage":"nl-NL","@id":"https:\/\/www.camping-jablines.com\/#\/schema\/logo\/image\/","url":"https:\/\/www.camping-jablines.com\/wp-content\/uploads\/2022\/12\/cropped-favicon.png","contentUrl":"https:\/\/www.camping-jablines.com\/wp-content\/uploads\/2022\/12\/cropped-favicon.png","width":512,"height":512,"caption":"International de Jablines"},"image":{"@id":"https:\/\/www.camping-jablines.com\/#\/schema\/logo\/image\/"}}]}},"_links":{"self":[{"href":"https:\/\/www.camping-jablines.com\/nl\/wp-json\/wp\/v2\/pages\/1638","targetHints":{"allow":["GET"]}}],"collection":[{"href":"https:\/\/www.camping-jablines.com\/nl\/wp-json\/wp\/v2\/pages"}],"about":[{"href":"https:\/\/www.camping-jablines.com\/nl\/wp-json\/wp\/v2\/types\/page"}],"author":[{"embeddable":true,"href":"https:\/\/www.camping-jablines.com\/nl\/wp-json\/wp\/v2\/users\/1"}],"replies":[{"embeddable":true,"href":"https:\/\/www.camping-jablines.com\/nl\/wp-json\/wp\/v2\/comments?post=1638"}],"version-history":[{"count":12,"href":"https:\/\/www.camping-jablines.com\/nl\/wp-json\/wp\/v2\/pages\/1638\/revisions"}],"predecessor-version":[{"id":2819,"href":"https:\/\/www.camping-jablines.com\/nl\/wp-json\/wp\/v2\/pages\/1638\/revisions\/2819"}],"wp:featuredmedia":[{"embeddable":true,"href":"https:\/\/www.camping-jablines.com\/nl\/wp-json\/wp\/v2\/media\/1042"}],"wp:attachment":[{"href":"https:\/\/www.camping-jablines.com\/nl\/wp-json\/wp\/v2\/media?parent=1638"}],"wp:term":[{"taxonomy":"sujet","embeddable":true,"href":"https:\/\/www.camping-jablines.com\/nl\/wp-json\/wp\/v2\/sujet?post=1638"}],"curies":[{"name":"wp","href":"https:\/\/api.w.org\/{rel}","templated":true}]}}