{"id":1634,"date":"2023-01-10T17:18:21","date_gmt":"2023-01-10T16:18:21","guid":{"rendered":"https:\/\/www.camping-jablines.com\/juridische-kennisgevingen\/"},"modified":"2025-10-27T14:48:46","modified_gmt":"2025-10-27T13:48:46","slug":"juridische-kennisgevingen","status":"publish","type":"page","link":"https:\/\/www.camping-jablines.com\/nl\/juridische-kennisgevingen\/","title":{"rendered":"Juridische informatie"},"content":{"rendered":"<section id=\"ls-section-block_aa533f63b95a0a10a18e09d2950a1090\" class=\"ls-section \" >\n        <div class=\"container container--wide\">\n        \n\n<h1 class=\"ls__heading wp-block-heading has-text-align-center\">Wettelijke kennisgeving<\/h1>\n\n\n\n<h2 class=\"ls__heading wp-block-heading\">Verantwoordelijk voor de site<\/h2>\n\n\n\n<p class=\"ls-paragraph\"><strong>L&#8217;INTERNATIONAL DE JABLINES<br\/><\/strong>Base de Loisirs de Jablines &#8211; 77450 Jablines<br\/>T\u00e9l : 01 60 26 09 37 \/ Fax : 01 60 26 43 33<br\/>E-mail: <a href=\"mailto:%77%65%6c%63%6f%6d%65@%63%61%6d%70%69%6e%67-%6a%61%62%6c%69%6e%65%73.%63%6f%6d\">welcome@camping-jablines.com<\/a><br\/>SIRET : 257 702 977 00022<br\/>APE : 926A<br\/>TVA Intracommunautaire : FR28 257 702 977<br\/>RCS : Meaux B 257 702 977<br\/>Responsable Publication : Cyril MIRA et Fanny LE CHAMPION<\/p>\n\n\n\n<h2 class=\"ls__heading wp-block-heading\">REALISATIE<\/h2>\n\n\n\n<p class=\"ls-paragraph\"><strong>GEEK TONIC<\/strong><br\/>Repr\u00e9sent\u00e9e par M. Yohan Darmayan en sa qualit\u00e9 de G\u00e9rant<br\/>Si\u00e8ge social : 1 ALL PIERRE GEORGES LATECOERE 64200 BIARRITZ<br\/>T\u00e9l : 05 32 74 11 52<br\/>E-mail : support@geek-tonic.com<br\/>Site web : <a href=\"https:\/\/www.geek-tonic.com\/\" target=\"_blank\" rel=\"noreferrer noopener\">www.geek-tonic.com<\/a><br\/>SIRET : 79078282500034<br\/>APE : 6201Z<\/p>\n\n\n\n<h2 class=\"ls__heading wp-block-heading\">AUTEURSRECHT EN AUTEURSCHAP<\/h2>\n\n\n\n<p class=\"ls-paragraph\">De volledige inhoud van deze site is onderworpen aan het auteursrecht en de intellectuele eigendomsrechten volgens het Franse recht. Elke reproductie (inclusief foto&#8217;s, iconen en downloadbare documenten) is verboden zonder voorafgaande toestemming van GEEK TONIC. Reproductie op een elektronische drager van de gehele of gedeeltelijke site in papieren of elektronische vorm is verboden. GEEK TONIC is niet verantwoordelijk voor de inhoud van de website. GEEK TONIC wijst ook alle verantwoordelijkheid af voor externe links naar deze site.<\/p>\n\n\n\n<h2 class=\"ls__heading wp-block-heading\" id=\"m-t-6\">PERSOONSGEGEVENS EN NOMINATIEVE INFORMATIE<\/h2>\n\n\n\n<p class=\"ls-paragraph\">U hebt het recht van toegang, wijziging, rectificatie en verwijdering van de u betreffende gegevens overeenkomstig artikel 34 van de Franse wet op de gegevensbescherming (Loi &#8221; Informatique et Libert\u00e9s &#8221; n\u00b0 78-17 van 6 januari 1978, gewijzigd op 6 augustus 2018). Om dit recht op toegang uit te oefenen, kunt u een schriftelijk verzoek indienen bij de uitgever van de site.<\/p>\n\n\n\n<h2 class=\"ls__heading wp-block-heading\">WETGEVING<\/h2>\n\n\n\n<p class=\"ls-paragraph\">Volgens de wet van 11 maart 1957 (art. 41) en het wetboek van intellectuele eigendom van 1 juli 1992 is het verboden enig deel van de site geheel of gedeeltelijk te reproduceren zonder voorafgaande toestemming van de uitgever van de site. Logo&#8217;s, beelden, foto&#8217;s, video&#8217;s, grafische kaarten en teksten zijn eigendom van hun respectieve eigenaars. Deze site kan, zonder zijn medeweten, door middel van hyperlinks verbonden zijn met andere sites. De uitgever van de site wijst alle verantwoordelijkheid af voor de informatie op deze andere sites. De internetgebruiker erkent dat op het gebruik van deze site het Franse recht van toepassing is.<\/p>\n\n\n    <\/div>\n<\/section>","protected":false},"excerpt":{"rendered":"","protected":false},"author":1,"featured_media":0,"parent":0,"menu_order":0,"comment_status":"closed","ping_status":"closed","template":"","meta":{"_acf_changed":false,"footnotes":""},"sujet":[],"class_list":["post-1634","page","type-page","status-publish","hentry"],"acf":[],"yoast_head":"<!-- This site is optimized with the Yoast SEO plugin v23.4 - https:\/\/yoast.com\/wordpress\/plugins\/seo\/ -->\n<title>Wettelijke kennisgeving - International de Jablines<\/title>\n<meta name=\"robots\" content=\"noindex, nofollow\" \/>\n<meta property=\"og:locale\" content=\"nl_NL\" \/>\n<meta property=\"og:type\" content=\"article\" \/>\n<meta property=\"og:title\" content=\"Wettelijke kennisgeving - International de Jablines\" \/>\n<meta property=\"og:url\" content=\"https:\/\/www.camping-jablines.com\/nl\/juridische-kennisgevingen\/\" \/>\n<meta property=\"og:site_name\" content=\"International de Jablines\" \/>\n<meta property=\"article:modified_time\" content=\"2025-10-27T13:48:46+00:00\" \/>\n<meta name=\"twitter:card\" content=\"summary_large_image\" \/>\n<meta name=\"twitter:label1\" content=\"Geschatte leestijd\" \/>\n\t<meta name=\"twitter:data1\" content=\"2 minuten\" \/>\n<script type=\"application\/ld+json\" class=\"yoast-schema-graph\">{\"@context\":\"https:\/\/schema.org\",\"@graph\":[{\"@type\":\"WebPage\",\"@id\":\"https:\/\/www.camping-jablines.com\/nl\/juridische-kennisgevingen\/\",\"url\":\"https:\/\/www.camping-jablines.com\/nl\/juridische-kennisgevingen\/\",\"name\":\"Wettelijke kennisgeving - International de Jablines\",\"isPartOf\":{\"@id\":\"https:\/\/www.camping-jablines.com\/#website\"},\"datePublished\":\"2023-01-10T16:18:21+00:00\",\"dateModified\":\"2025-10-27T13:48:46+00:00\",\"breadcrumb\":{\"@id\":\"https:\/\/www.camping-jablines.com\/nl\/juridische-kennisgevingen\/#breadcrumb\"},\"inLanguage\":\"nl-NL\",\"potentialAction\":[{\"@type\":\"ReadAction\",\"target\":[\"https:\/\/www.camping-jablines.com\/nl\/juridische-kennisgevingen\/\"]}]},{\"@type\":\"BreadcrumbList\",\"@id\":\"https:\/\/www.camping-jablines.com\/nl\/juridische-kennisgevingen\/#breadcrumb\",\"itemListElement\":[{\"@type\":\"ListItem\",\"position\":1,\"name\":\"Camping Seine-et-Marne\",\"item\":\"https:\/\/www.camping-jablines.com\/nl\/\"},{\"@type\":\"ListItem\",\"position\":2,\"name\":\"Juridische informatie\"}]},{\"@type\":\"WebSite\",\"@id\":\"https:\/\/www.camping-jablines.com\/#website\",\"url\":\"https:\/\/www.camping-jablines.com\/\",\"name\":\"International de Jablines\",\"description\":\"\",\"publisher\":{\"@id\":\"https:\/\/www.camping-jablines.com\/#organization\"},\"potentialAction\":[{\"@type\":\"SearchAction\",\"target\":{\"@type\":\"EntryPoint\",\"urlTemplate\":\"https:\/\/www.camping-jablines.com\/?s={search_term_string}\"},\"query-input\":{\"@type\":\"PropertyValueSpecification\",\"valueRequired\":true,\"valueName\":\"search_term_string\"}}],\"inLanguage\":\"nl-NL\"},{\"@type\":\"Organization\",\"@id\":\"https:\/\/www.camping-jablines.com\/#organization\",\"name\":\"International de Jablines\",\"alternateName\":\"International de Jablines\",\"url\":\"https:\/\/www.camping-jablines.com\/\",\"logo\":{\"@type\":\"ImageObject\",\"inLanguage\":\"nl-NL\",\"@id\":\"https:\/\/www.camping-jablines.com\/#\/schema\/logo\/image\/\",\"url\":\"https:\/\/www.camping-jablines.com\/wp-content\/uploads\/2022\/12\/cropped-favicon.png\",\"contentUrl\":\"https:\/\/www.camping-jablines.com\/wp-content\/uploads\/2022\/12\/cropped-favicon.png\",\"width\":512,\"height\":512,\"caption\":\"International de Jablines\"},\"image\":{\"@id\":\"https:\/\/www.camping-jablines.com\/#\/schema\/logo\/image\/\"}}]}<\/script>\n<!-- \/ Yoast SEO plugin. -->","yoast_head_json":{"title":"Wettelijke kennisgeving - International de Jablines","robots":{"index":"noindex","follow":"nofollow"},"og_locale":"nl_NL","og_type":"article","og_title":"Wettelijke kennisgeving - International de Jablines","og_url":"https:\/\/www.camping-jablines.com\/nl\/juridische-kennisgevingen\/","og_site_name":"International de Jablines","article_modified_time":"2025-10-27T13:48:46+00:00","twitter_card":"summary_large_image","twitter_misc":{"Geschatte leestijd":"2 minuten"},"schema":{"@context":"https:\/\/schema.org","@graph":[{"@type":"WebPage","@id":"https:\/\/www.camping-jablines.com\/nl\/juridische-kennisgevingen\/","url":"https:\/\/www.camping-jablines.com\/nl\/juridische-kennisgevingen\/","name":"Wettelijke kennisgeving - International de Jablines","isPartOf":{"@id":"https:\/\/www.camping-jablines.com\/#website"},"datePublished":"2023-01-10T16:18:21+00:00","dateModified":"2025-10-27T13:48:46+00:00","breadcrumb":{"@id":"https:\/\/www.camping-jablines.com\/nl\/juridische-kennisgevingen\/#breadcrumb"},"inLanguage":"nl-NL","potentialAction":[{"@type":"ReadAction","target":["https:\/\/www.camping-jablines.com\/nl\/juridische-kennisgevingen\/"]}]},{"@type":"BreadcrumbList","@id":"https:\/\/www.camping-jablines.com\/nl\/juridische-kennisgevingen\/#breadcrumb","itemListElement":[{"@type":"ListItem","position":1,"name":"Camping Seine-et-Marne","item":"https:\/\/www.camping-jablines.com\/nl\/"},{"@type":"ListItem","position":2,"name":"Juridische informatie"}]},{"@type":"WebSite","@id":"https:\/\/www.camping-jablines.com\/#website","url":"https:\/\/www.camping-jablines.com\/","name":"International de Jablines","description":"","publisher":{"@id":"https:\/\/www.camping-jablines.com\/#organization"},"potentialAction":[{"@type":"SearchAction","target":{"@type":"EntryPoint","urlTemplate":"https:\/\/www.camping-jablines.com\/?s={search_term_string}"},"query-input":{"@type":"PropertyValueSpecification","valueRequired":true,"valueName":"search_term_string"}}],"inLanguage":"nl-NL"},{"@type":"Organization","@id":"https:\/\/www.camping-jablines.com\/#organization","name":"International de Jablines","alternateName":"International de Jablines","url":"https:\/\/www.camping-jablines.com\/","logo":{"@type":"ImageObject","inLanguage":"nl-NL","@id":"https:\/\/www.camping-jablines.com\/#\/schema\/logo\/image\/","url":"https:\/\/www.camping-jablines.com\/wp-content\/uploads\/2022\/12\/cropped-favicon.png","contentUrl":"https:\/\/www.camping-jablines.com\/wp-content\/uploads\/2022\/12\/cropped-favicon.png","width":512,"height":512,"caption":"International de Jablines"},"image":{"@id":"https:\/\/www.camping-jablines.com\/#\/schema\/logo\/image\/"}}]}},"_links":{"self":[{"href":"https:\/\/www.camping-jablines.com\/nl\/wp-json\/wp\/v2\/pages\/1634","targetHints":{"allow":["GET"]}}],"collection":[{"href":"https:\/\/www.camping-jablines.com\/nl\/wp-json\/wp\/v2\/pages"}],"about":[{"href":"https:\/\/www.camping-jablines.com\/nl\/wp-json\/wp\/v2\/types\/page"}],"author":[{"embeddable":true,"href":"https:\/\/www.camping-jablines.com\/nl\/wp-json\/wp\/v2\/users\/1"}],"replies":[{"embeddable":true,"href":"https:\/\/www.camping-jablines.com\/nl\/wp-json\/wp\/v2\/comments?post=1634"}],"version-history":[{"count":6,"href":"https:\/\/www.camping-jablines.com\/nl\/wp-json\/wp\/v2\/pages\/1634\/revisions"}],"predecessor-version":[{"id":3197,"href":"https:\/\/www.camping-jablines.com\/nl\/wp-json\/wp\/v2\/pages\/1634\/revisions\/3197"}],"wp:attachment":[{"href":"https:\/\/www.camping-jablines.com\/nl\/wp-json\/wp\/v2\/media?parent=1634"}],"wp:term":[{"taxonomy":"sujet","embeddable":true,"href":"https:\/\/www.camping-jablines.com\/nl\/wp-json\/wp\/v2\/sujet?post=1634"}],"curies":[{"name":"wp","href":"https:\/\/api.w.org\/{rel}","templated":true}]}}