{"id":1609,"date":"2023-01-10T16:13:38","date_gmt":"2023-01-10T15:13:38","guid":{"rendered":"https:\/\/www.camping-jablines.com\/camping-barato-paris\/"},"modified":"2025-10-27T14:48:14","modified_gmt":"2025-10-27T13:48:14","slug":"camping-barato-paris","status":"publish","type":"page","link":"https:\/\/www.camping-jablines.com\/es\/camping-barato-paris\/","title":{"rendered":"Tarifas"},"content":{"rendered":"<section id=\"ls-section-block_84d0adfaae70737f93dcf2e1a6e684d9\" class=\"ls-section  has-m-t m-t-0 has-m-b m-b-0\" >\n        <div class=\"container container--wide\">\n        \n\n<h1 class=\"ls__heading wp-block-heading has-text-align-center\">Mejor relaci\u00f3n calidad-precio camping Par\u00eds<\/h1>\n\n\n    <\/div>\n<\/section><section id=\"ls-section-block_119516dd7d55e64137f3dbd68e328498\" class=\"ls-section  has-m-t m-t-0 has-m-b m-b-0\" >\n        <div class=\"container \">\n        \n\n<script>\n    window.ctoutvert = {\n\t\tid: 17740, \n\t\tlang: 'fr', \n\t\turl: 'https:\/\/bookingpremium.secureholiday.net\/widgets\/'\n    };\n\n    (function (w, d, s, ctv, r, js, fjs) {\n        r=new XMLHttpRequest();r.open('GET',w[ctv].url+'js\/src.json');\n        r.responseType='json';r.json=true;r.send();\n        r.onload=function(){w[ctv].src=r.responseType=='json'?r.response:JSON.parse(r.response);\n        js.src=w[ctv].src[0];fjs.parentNode.insertBefore(js, fjs);}\n        js=d.createElement(s),fjs=d.getElementsByTagName(s)[0];\n        js.id='ctvwidget';js.async=1;\n    }(window, document, 'script', 'ctoutvert'));\n<\/script>\n<ctv-availability data-background-color=\"#FFFFFFFF\"><\/ctv-availability>\n\n\n    <\/div>\n<\/section><section id=\"ls-section-block_7701820345e79c854cf6908071684d2f\" class=\"ls-section  has-m-t m-t-0\" >\n        <div class=\"container container--wide\">\n        \n\n<div class=\"wp-block-columns is-layout-flex wp-container-core-columns-is-layout-9d6595d7 wp-block-columns-is-layout-flex\">\n<div class=\"wp-block-column is-layout-flow wp-block-column-is-layout-flow\">\n<h2 class=\"ls__heading wp-block-heading\">Camping Best value Disneyland\u00ae Par\u00eds<\/h2>\n\n\n\n<p class=\"ls-paragraph\">Si busca un lugar donde relajarse sin arruinarse, \u00a1nuestro camping es para usted! Ofrecemos <strong>tarifas muy asequible<\/strong>s para el <a href=\"https:\/\/www.camping-jablines.com\/es\/ubicacion-paris\/\">alquiler<\/a> d<strong>e <a href=\"https:\/\/www.camping-jablines.com\/es\/ubicacion-paris\/\">parcelas<\/a><\/strong> amplias y sombreadas, as\u00ed como para nuestros alojamientos con capacidad para hasta 6 personas.<\/p>\n\n\n\n<p class=\"ls-paragraph\">Nuestros <a href=\"https:\/\/www.camping-jablines.com\/es\/ubicacion-mobil-home-paris\/\">bungalows de alquiler<\/a> est\u00e1n todos equipados con cocina americana, dormitorios, espacio de almacenamiento, instalaciones sanitarias y terraza privada, todo ello a precios muy atractivos. Tambi\u00e9n disponemos de <strong>tiendas de campa\u00f1a<\/strong> a precios a\u00fan m\u00e1s bajos. No pierda la oportunidad de reservar su alojamiento favorito en nuestro <strong>camping familiar a precios econ\u00f3micos<\/strong>.<\/p>\n\n\n\n<p class=\"ls-paragraph\">En el <a href=\"\/\">camping Jablines<\/a> queremos ofrecerle las mejores tarifas durante todo el a\u00f1o. Por eso no le ofrecemos promociones y le garantizamos las <strong>tarifas m\u00e1s ventajosas<\/strong>.<\/p>\n<\/div>\n\n\n\n<div class=\"wp-block-column is-layout-flow wp-block-column-is-layout-flow\">\n<h2 class=\"ls__heading wp-block-heading\">Los mejores precios garantizados directamente desde el camping cerca de Par\u00eds<\/h2>\n\n\n\n<p class=\"ls-paragraph\">\u00bfBusca los mejores precios para su pr\u00f3ximo viaje de camping? Tenemos buenas noticias para usted. Al <strong>reservar directamente<\/strong> con nosotros, se beneficiar\u00e1 autom\u00e1ticamente de nuestras tarifas m\u00e1s ventajosas. Sin comisiones adicionales ni gastos ocultos, s\u00f3lo precios claros y transparentes.<\/p>\n\n\n\n<p class=\"ls-paragraph\">As\u00ed que an\u00edmese y reserve en l\u00ednea para beneficiarse de los mejores precios y ventajas. Esperamos darle la bienvenida y hacer que sus vacaciones sean inolvidables.<\/p>\n<\/div>\n<\/div>\n\n\n    <\/div>\n<\/section><section id=\"ls-section-block_f759abb7e3d683c35a53b9f93db48a0a\" class=\"ls-section \" >\n        <div class=\"container container--wide\">\n        \n\n<div id=\"ls-heading ls-titre-div-block_cc4c4153e6e876dd2a67170145b65a5c\" class=\"ls-titre-div h2-like\" >\n    Descubra nuestros alojamientos y todos los servicios del camping<\/div>\n\n\n<div id=\"ls-maillage-block_4c51bffd2b81b6b350d6e40e6adf07a0\" class=\"ls-maillage cta-style-normal\" data-rows=\"3\">\n    <div class=\"wp-block-columns\"><div class=\"wp-block-column\">\n\n<a href=\"https:\/\/www.camping-jablines.com\/es\/ubicacion-paris\/\" target=\"\" rel=\"noopener\" class=\"ls-cta__link\">\n\n\t<div class=\"ls-cta__image\"><img decoding=\"async\" src=\"https:\/\/www.camping-jablines.com\/wp-content\/uploads\/2022\/12\/emplacement-familial-disneyland-paris-768x576.jpg\" alt=\"emplacements familial\"><\/div>\n\t<div class=\"ls-cta__title\">\n\t\tUbicaciones\t<\/div>\n\n\t\t\n<\/a><\/div><div class=\"wp-block-column\">\n\n<a href=\"https:\/\/www.camping-jablines.com\/es\/camping-familiar-paris\/\" target=\"\" rel=\"noopener\" class=\"ls-cta__link\">\n\n\t<div class=\"ls-cta__image\"><img decoding=\"async\" src=\"https:\/\/www.camping-jablines.com\/wp-content\/uploads\/2023\/09\/Capture-decran-2023-09-24-162644-768x572.png\" alt=\"\"><\/div>\n\t<div class=\"ls-cta__title\">\n\t\tLos servicios\t<\/div>\n\n\t\t\n<\/a><\/div><div class=\"wp-block-column\">\n\n<a href=\"https:\/\/www.camping-jablines.com\/es\/ubicacion-mobil-home-paris\/\" target=\"\" rel=\"noopener\" class=\"ls-cta__link\">\n\n\t<div class=\"ls-cta__image\"><img decoding=\"async\" src=\"https:\/\/www.camping-jablines.com\/wp-content\/uploads\/2023\/10\/IMG_2765-768x512.jpg\" alt=\"\"><\/div>\n\t<div class=\"ls-cta__title\">\n\t\tAlquileres\t<\/div>\n\n\t\t\n<\/a><\/div><\/div><\/div>\n\n    <\/div>\n<\/section>","protected":false},"excerpt":{"rendered":"","protected":false},"author":1,"featured_media":2411,"parent":0,"menu_order":0,"comment_status":"closed","ping_status":"closed","template":"","meta":{"_acf_changed":false,"footnotes":""},"sujet":[],"class_list":["post-1609","page","type-page","status-publish","has-post-thumbnail","hentry"],"acf":[],"yoast_head":"<!-- This site is optimized with the Yoast SEO plugin v23.4 - https:\/\/yoast.com\/wordpress\/plugins\/seo\/ -->\n<title>Camping barato en Par\u00eds | Camping low cost en Disney<\/title>\n<meta name=\"robots\" content=\"index, follow, max-snippet:-1, max-image-preview:large, max-video-preview:-1\" \/>\n<link rel=\"canonical\" href=\"https:\/\/www.camping-jablines.com\/es\/camping-barato-paris\/\" \/>\n<meta property=\"og:locale\" content=\"es_ES\" \/>\n<meta property=\"og:type\" content=\"article\" \/>\n<meta property=\"og:title\" content=\"Camping barato en Par\u00eds | Camping low cost en Disney\" \/>\n<meta property=\"og:url\" content=\"https:\/\/www.camping-jablines.com\/es\/camping-barato-paris\/\" \/>\n<meta property=\"og:site_name\" content=\"International de Jablines\" \/>\n<meta property=\"article:modified_time\" content=\"2025-10-27T13:48:14+00:00\" \/>\n<meta property=\"og:image\" content=\"https:\/\/www.camping-jablines.com\/wp-content\/uploads\/2022\/12\/Capture-decran-2023-09-24-091539-1024x704.png\" \/>\n\t<meta property=\"og:image:width\" content=\"1024\" \/>\n\t<meta property=\"og:image:height\" content=\"704\" \/>\n\t<meta property=\"og:image:type\" content=\"image\/png\" \/>\n<meta name=\"twitter:card\" content=\"summary_large_image\" \/>\n<meta name=\"twitter:label1\" content=\"Tiempo de lectura\" \/>\n\t<meta name=\"twitter:data1\" content=\"2 minutos\" \/>\n<script type=\"application\/ld+json\" class=\"yoast-schema-graph\">{\"@context\":\"https:\/\/schema.org\",\"@graph\":[{\"@type\":\"WebPage\",\"@id\":\"https:\/\/www.camping-jablines.com\/es\/camping-barato-paris\/\",\"url\":\"https:\/\/www.camping-jablines.com\/es\/camping-barato-paris\/\",\"name\":\"Camping barato en Par\u00eds | Camping low cost en Disney\",\"isPartOf\":{\"@id\":\"https:\/\/www.camping-jablines.com\/#website\"},\"primaryImageOfPage\":{\"@id\":\"https:\/\/www.camping-jablines.com\/es\/camping-barato-paris\/#primaryimage\"},\"image\":{\"@id\":\"https:\/\/www.camping-jablines.com\/es\/camping-barato-paris\/#primaryimage\"},\"thumbnailUrl\":\"https:\/\/www.camping-jablines.com\/wp-content\/uploads\/2022\/12\/Capture-decran-2023-09-24-091539.png\",\"datePublished\":\"2023-01-10T15:13:38+00:00\",\"dateModified\":\"2025-10-27T13:48:14+00:00\",\"breadcrumb\":{\"@id\":\"https:\/\/www.camping-jablines.com\/es\/camping-barato-paris\/#breadcrumb\"},\"inLanguage\":\"es\",\"potentialAction\":[{\"@type\":\"ReadAction\",\"target\":[\"https:\/\/www.camping-jablines.com\/es\/camping-barato-paris\/\"]}]},{\"@type\":\"ImageObject\",\"inLanguage\":\"es\",\"@id\":\"https:\/\/www.camping-jablines.com\/es\/camping-barato-paris\/#primaryimage\",\"url\":\"https:\/\/www.camping-jablines.com\/wp-content\/uploads\/2022\/12\/Capture-decran-2023-09-24-091539.png\",\"contentUrl\":\"https:\/\/www.camping-jablines.com\/wp-content\/uploads\/2022\/12\/Capture-decran-2023-09-24-091539.png\",\"width\":1312,\"height\":902},{\"@type\":\"BreadcrumbList\",\"@id\":\"https:\/\/www.camping-jablines.com\/es\/camping-barato-paris\/#breadcrumb\",\"itemListElement\":[{\"@type\":\"ListItem\",\"position\":1,\"name\":\"Camping Seine-et-Marne\",\"item\":\"https:\/\/www.camping-jablines.com\/es\/\"},{\"@type\":\"ListItem\",\"position\":2,\"name\":\"Camping low cost Disney\"}]},{\"@type\":\"WebSite\",\"@id\":\"https:\/\/www.camping-jablines.com\/#website\",\"url\":\"https:\/\/www.camping-jablines.com\/\",\"name\":\"International de Jablines\",\"description\":\"\",\"publisher\":{\"@id\":\"https:\/\/www.camping-jablines.com\/#organization\"},\"potentialAction\":[{\"@type\":\"SearchAction\",\"target\":{\"@type\":\"EntryPoint\",\"urlTemplate\":\"https:\/\/www.camping-jablines.com\/?s={search_term_string}\"},\"query-input\":{\"@type\":\"PropertyValueSpecification\",\"valueRequired\":true,\"valueName\":\"search_term_string\"}}],\"inLanguage\":\"es\"},{\"@type\":\"Organization\",\"@id\":\"https:\/\/www.camping-jablines.com\/#organization\",\"name\":\"International de Jablines\",\"alternateName\":\"International de Jablines\",\"url\":\"https:\/\/www.camping-jablines.com\/\",\"logo\":{\"@type\":\"ImageObject\",\"inLanguage\":\"es\",\"@id\":\"https:\/\/www.camping-jablines.com\/#\/schema\/logo\/image\/\",\"url\":\"https:\/\/www.camping-jablines.com\/wp-content\/uploads\/2022\/12\/cropped-favicon.png\",\"contentUrl\":\"https:\/\/www.camping-jablines.com\/wp-content\/uploads\/2022\/12\/cropped-favicon.png\",\"width\":512,\"height\":512,\"caption\":\"International de Jablines\"},\"image\":{\"@id\":\"https:\/\/www.camping-jablines.com\/#\/schema\/logo\/image\/\"}}]}<\/script>\n<!-- \/ Yoast SEO plugin. -->","yoast_head_json":{"title":"Camping barato en Par\u00eds | Camping low cost en Disney","robots":{"index":"index","follow":"follow","max-snippet":"max-snippet:-1","max-image-preview":"max-image-preview:large","max-video-preview":"max-video-preview:-1"},"canonical":"https:\/\/www.camping-jablines.com\/es\/camping-barato-paris\/","og_locale":"es_ES","og_type":"article","og_title":"Camping barato en Par\u00eds | Camping low cost en Disney","og_url":"https:\/\/www.camping-jablines.com\/es\/camping-barato-paris\/","og_site_name":"International de Jablines","article_modified_time":"2025-10-27T13:48:14+00:00","og_image":[{"width":1024,"height":704,"url":"https:\/\/www.camping-jablines.com\/wp-content\/uploads\/2022\/12\/Capture-decran-2023-09-24-091539-1024x704.png","type":"image\/png"}],"twitter_card":"summary_large_image","twitter_misc":{"Tiempo de lectura":"2 minutos"},"schema":{"@context":"https:\/\/schema.org","@graph":[{"@type":"WebPage","@id":"https:\/\/www.camping-jablines.com\/es\/camping-barato-paris\/","url":"https:\/\/www.camping-jablines.com\/es\/camping-barato-paris\/","name":"Camping barato en Par\u00eds | Camping low cost en Disney","isPartOf":{"@id":"https:\/\/www.camping-jablines.com\/#website"},"primaryImageOfPage":{"@id":"https:\/\/www.camping-jablines.com\/es\/camping-barato-paris\/#primaryimage"},"image":{"@id":"https:\/\/www.camping-jablines.com\/es\/camping-barato-paris\/#primaryimage"},"thumbnailUrl":"https:\/\/www.camping-jablines.com\/wp-content\/uploads\/2022\/12\/Capture-decran-2023-09-24-091539.png","datePublished":"2023-01-10T15:13:38+00:00","dateModified":"2025-10-27T13:48:14+00:00","breadcrumb":{"@id":"https:\/\/www.camping-jablines.com\/es\/camping-barato-paris\/#breadcrumb"},"inLanguage":"es","potentialAction":[{"@type":"ReadAction","target":["https:\/\/www.camping-jablines.com\/es\/camping-barato-paris\/"]}]},{"@type":"ImageObject","inLanguage":"es","@id":"https:\/\/www.camping-jablines.com\/es\/camping-barato-paris\/#primaryimage","url":"https:\/\/www.camping-jablines.com\/wp-content\/uploads\/2022\/12\/Capture-decran-2023-09-24-091539.png","contentUrl":"https:\/\/www.camping-jablines.com\/wp-content\/uploads\/2022\/12\/Capture-decran-2023-09-24-091539.png","width":1312,"height":902},{"@type":"BreadcrumbList","@id":"https:\/\/www.camping-jablines.com\/es\/camping-barato-paris\/#breadcrumb","itemListElement":[{"@type":"ListItem","position":1,"name":"Camping Seine-et-Marne","item":"https:\/\/www.camping-jablines.com\/es\/"},{"@type":"ListItem","position":2,"name":"Camping low cost Disney"}]},{"@type":"WebSite","@id":"https:\/\/www.camping-jablines.com\/#website","url":"https:\/\/www.camping-jablines.com\/","name":"International de Jablines","description":"","publisher":{"@id":"https:\/\/www.camping-jablines.com\/#organization"},"potentialAction":[{"@type":"SearchAction","target":{"@type":"EntryPoint","urlTemplate":"https:\/\/www.camping-jablines.com\/?s={search_term_string}"},"query-input":{"@type":"PropertyValueSpecification","valueRequired":true,"valueName":"search_term_string"}}],"inLanguage":"es"},{"@type":"Organization","@id":"https:\/\/www.camping-jablines.com\/#organization","name":"International de Jablines","alternateName":"International de Jablines","url":"https:\/\/www.camping-jablines.com\/","logo":{"@type":"ImageObject","inLanguage":"es","@id":"https:\/\/www.camping-jablines.com\/#\/schema\/logo\/image\/","url":"https:\/\/www.camping-jablines.com\/wp-content\/uploads\/2022\/12\/cropped-favicon.png","contentUrl":"https:\/\/www.camping-jablines.com\/wp-content\/uploads\/2022\/12\/cropped-favicon.png","width":512,"height":512,"caption":"International de Jablines"},"image":{"@id":"https:\/\/www.camping-jablines.com\/#\/schema\/logo\/image\/"}}]}},"_links":{"self":[{"href":"https:\/\/www.camping-jablines.com\/es\/wp-json\/wp\/v2\/pages\/1609","targetHints":{"allow":["GET"]}}],"collection":[{"href":"https:\/\/www.camping-jablines.com\/es\/wp-json\/wp\/v2\/pages"}],"about":[{"href":"https:\/\/www.camping-jablines.com\/es\/wp-json\/wp\/v2\/types\/page"}],"author":[{"embeddable":true,"href":"https:\/\/www.camping-jablines.com\/es\/wp-json\/wp\/v2\/users\/1"}],"replies":[{"embeddable":true,"href":"https:\/\/www.camping-jablines.com\/es\/wp-json\/wp\/v2\/comments?post=1609"}],"version-history":[{"count":10,"href":"https:\/\/www.camping-jablines.com\/es\/wp-json\/wp\/v2\/pages\/1609\/revisions"}],"predecessor-version":[{"id":3195,"href":"https:\/\/www.camping-jablines.com\/es\/wp-json\/wp\/v2\/pages\/1609\/revisions\/3195"}],"wp:featuredmedia":[{"embeddable":true,"href":"https:\/\/www.camping-jablines.com\/es\/wp-json\/wp\/v2\/media\/2411"}],"wp:attachment":[{"href":"https:\/\/www.camping-jablines.com\/es\/wp-json\/wp\/v2\/media?parent=1609"}],"wp:term":[{"taxonomy":"sujet","embeddable":true,"href":"https:\/\/www.camping-jablines.com\/es\/wp-json\/wp\/v2\/sujet?post=1609"}],"curies":[{"name":"wp","href":"https:\/\/api.w.org\/{rel}","templated":true}]}}