{"id":1605,"date":"2023-01-10T16:06:42","date_gmt":"2023-01-10T15:06:42","guid":{"rendered":"https:\/\/www.camping-jablines.com\/avisos-legales\/"},"modified":"2025-10-27T14:49:34","modified_gmt":"2025-10-27T13:49:34","slug":"avisos-legales","status":"publish","type":"page","link":"https:\/\/www.camping-jablines.com\/es\/avisos-legales\/","title":{"rendered":"Informaci\u00f3n jur\u00eddica"},"content":{"rendered":"<section id=\"ls-section-block_bcb245bfffd1fd947945b8d9e10d4174\" class=\"ls-section \" >\n        <div class=\"container container--wide\">\n        \n\n<h1 class=\"ls__heading wp-block-heading has-text-align-center\">Aviso legal<\/h1>\n\n\n\n<h2 class=\"ls__heading wp-block-heading\">Responsable del sitio<\/h2>\n\n\n\n<p class=\"ls-paragraph\"><strong>L&#8217;INTERNATIONAL DE JABLINES<br\/><\/strong>Base de Loisirs de Jablines &#8211; 77450 Jablines<br\/>T\u00e9l : 01 60 26 09 37 \/ Fax : 01 60 26 43 33<br\/>E-mail: <a href=\"mailto:%77%65%6c%63%6f%6d%65@%63%61%6d%70%69%6e%67-%6a%61%62%6c%69%6e%65%73.%63%6f%6d\">welcome@camping-jablines.com<\/a><br\/>SIRET : 257 702 977 00022<br\/>APE : 926A<br\/>TVA Intracommunautaire : FR28 257 702 977<br\/>RCS : Meaux B 257 702 977<br\/>Responsable Publication : Cyril MIRA et Fanny LE CHAMPION<\/p>\n\n\n\n<h2 class=\"ls__heading wp-block-heading\">REALIZACI\u00d3N<\/h2>\n\n\n\n<p class=\"ls-paragraph\"><strong>GEEK TONIC<\/strong><br\/>Repr\u00e9sent\u00e9e par M. Yohan Darmayan en sa qualit\u00e9 de G\u00e9rant<br\/>Si\u00e8ge social : 1 ALL PIERRE GEORGES LATECOERE 64200 BIARRITZ<br\/>T\u00e9l : 05 32 74 11 52<br\/>E-mail : support@geek-tonic.com<br\/>Site web : <a href=\"https:\/\/www.geek-tonic.com\/\" target=\"_blank\" rel=\"noreferrer noopener\">www.geek-tonic.com<\/a><br\/>SIRET : 79078282500034<br\/>APE : 6201Z<\/p>\n\n\n\n<h2 class=\"ls__heading wp-block-heading\">DERECHOS DE AUTOR<\/h2>\n\n\n\n<p class=\"ls-paragraph\">Todo el contenido de este sitio est\u00e1 sujeto a derechos de autor y de propiedad intelectual seg\u00fan la legislaci\u00f3n francesa. Queda prohibida cualquier reproducci\u00f3n (incluidas fotos, iconos y documentos descargables) sin el consentimiento previo de GEEK TONIC. Queda prohibida la reproducci\u00f3n en un soporte electr\u00f3nico de la totalidad o parte del sitio en formato papel o electr\u00f3nico. GEEK TONIC no es responsable del contenido del sitio web. GEEK TONIC declina asimismo toda responsabilidad por los enlaces externos a este sitio.<\/p>\n\n\n\n<h2 class=\"ls__heading wp-block-heading\" id=\"m-t-6\">DATOS PERSONALES E INFORMACI\u00d3N NOMINATIVA<\/h2>\n\n\n\n<p class=\"ls-paragraph\">Dispone de un derecho de acceso, modificaci\u00f3n, rectificaci\u00f3n y supresi\u00f3n de los datos que le conciernen, de conformidad con el art\u00edculo 34 de la Ley francesa de protecci\u00f3n de datos (Loi \u00bb Informatique et Libert\u00e9s \u00bb n\u00b0 78-17 de 6 de enero de 1978, modificada el 6 de agosto de 2018). Para ejercer este derecho de acceso, puede presentar una solicitud por escrito al editor del sitio.<\/p>\n\n\n\n<h2 class=\"ls__heading wp-block-heading\">LEGISLACI\u00d3N<\/h2>\n\n\n\n<p class=\"ls-paragraph\">Seg\u00fan la ley de 11 de marzo de 1957 (art. 41) y el c\u00f3digo de la propiedad intelectual de 1 de julio de 1992, est\u00e1 prohibida la reproducci\u00f3n total o parcial de cualquier parte del sitio sin autorizaci\u00f3n previa del editor del sitio. Los logotipos, elementos visuales, fotos, v\u00eddeos, cuadros gr\u00e1ficos y textos son propiedad de sus respectivos due\u00f1os. Este sitio puede, sin su conocimiento, haber sido enlazado a otros sitios mediante hiperv\u00ednculos. El editor del sitio declina toda responsabilidad por la informaci\u00f3n presentada en estos otros sitios. El internauta reconoce que la utilizaci\u00f3n de este sitio se rige por la legislaci\u00f3n francesa.<\/p>\n\n\n    <\/div>\n<\/section>","protected":false},"excerpt":{"rendered":"","protected":false},"author":1,"featured_media":0,"parent":0,"menu_order":0,"comment_status":"closed","ping_status":"closed","template":"","meta":{"_acf_changed":false,"footnotes":""},"sujet":[],"class_list":["post-1605","page","type-page","status-publish","hentry"],"acf":[],"yoast_head":"<!-- This site is optimized with the Yoast SEO plugin v23.4 - https:\/\/yoast.com\/wordpress\/plugins\/seo\/ -->\n<title>Aviso legal - International de Jablines<\/title>\n<meta name=\"robots\" content=\"noindex, nofollow\" \/>\n<meta property=\"og:locale\" content=\"es_ES\" \/>\n<meta property=\"og:type\" content=\"article\" \/>\n<meta property=\"og:title\" content=\"Aviso legal - International de Jablines\" \/>\n<meta property=\"og:url\" content=\"https:\/\/www.camping-jablines.com\/es\/avisos-legales\/\" \/>\n<meta property=\"og:site_name\" content=\"International de Jablines\" \/>\n<meta property=\"article:modified_time\" content=\"2025-10-27T13:49:34+00:00\" \/>\n<meta name=\"twitter:card\" content=\"summary_large_image\" \/>\n<meta name=\"twitter:label1\" content=\"Tiempo de lectura\" \/>\n\t<meta name=\"twitter:data1\" content=\"2 minutos\" \/>\n<script type=\"application\/ld+json\" class=\"yoast-schema-graph\">{\"@context\":\"https:\/\/schema.org\",\"@graph\":[{\"@type\":\"WebPage\",\"@id\":\"https:\/\/www.camping-jablines.com\/es\/avisos-legales\/\",\"url\":\"https:\/\/www.camping-jablines.com\/es\/avisos-legales\/\",\"name\":\"Aviso legal - International de Jablines\",\"isPartOf\":{\"@id\":\"https:\/\/www.camping-jablines.com\/#website\"},\"datePublished\":\"2023-01-10T15:06:42+00:00\",\"dateModified\":\"2025-10-27T13:49:34+00:00\",\"breadcrumb\":{\"@id\":\"https:\/\/www.camping-jablines.com\/es\/avisos-legales\/#breadcrumb\"},\"inLanguage\":\"es\",\"potentialAction\":[{\"@type\":\"ReadAction\",\"target\":[\"https:\/\/www.camping-jablines.com\/es\/avisos-legales\/\"]}]},{\"@type\":\"BreadcrumbList\",\"@id\":\"https:\/\/www.camping-jablines.com\/es\/avisos-legales\/#breadcrumb\",\"itemListElement\":[{\"@type\":\"ListItem\",\"position\":1,\"name\":\"Camping Seine-et-Marne\",\"item\":\"https:\/\/www.camping-jablines.com\/es\/\"},{\"@type\":\"ListItem\",\"position\":2,\"name\":\"Informaci\u00f3n jur\u00eddica\"}]},{\"@type\":\"WebSite\",\"@id\":\"https:\/\/www.camping-jablines.com\/#website\",\"url\":\"https:\/\/www.camping-jablines.com\/\",\"name\":\"International de Jablines\",\"description\":\"\",\"publisher\":{\"@id\":\"https:\/\/www.camping-jablines.com\/#organization\"},\"potentialAction\":[{\"@type\":\"SearchAction\",\"target\":{\"@type\":\"EntryPoint\",\"urlTemplate\":\"https:\/\/www.camping-jablines.com\/?s={search_term_string}\"},\"query-input\":{\"@type\":\"PropertyValueSpecification\",\"valueRequired\":true,\"valueName\":\"search_term_string\"}}],\"inLanguage\":\"es\"},{\"@type\":\"Organization\",\"@id\":\"https:\/\/www.camping-jablines.com\/#organization\",\"name\":\"International de Jablines\",\"alternateName\":\"International de Jablines\",\"url\":\"https:\/\/www.camping-jablines.com\/\",\"logo\":{\"@type\":\"ImageObject\",\"inLanguage\":\"es\",\"@id\":\"https:\/\/www.camping-jablines.com\/#\/schema\/logo\/image\/\",\"url\":\"https:\/\/www.camping-jablines.com\/wp-content\/uploads\/2022\/12\/cropped-favicon.png\",\"contentUrl\":\"https:\/\/www.camping-jablines.com\/wp-content\/uploads\/2022\/12\/cropped-favicon.png\",\"width\":512,\"height\":512,\"caption\":\"International de Jablines\"},\"image\":{\"@id\":\"https:\/\/www.camping-jablines.com\/#\/schema\/logo\/image\/\"}}]}<\/script>\n<!-- \/ Yoast SEO plugin. -->","yoast_head_json":{"title":"Aviso legal - International de Jablines","robots":{"index":"noindex","follow":"nofollow"},"og_locale":"es_ES","og_type":"article","og_title":"Aviso legal - International de Jablines","og_url":"https:\/\/www.camping-jablines.com\/es\/avisos-legales\/","og_site_name":"International de Jablines","article_modified_time":"2025-10-27T13:49:34+00:00","twitter_card":"summary_large_image","twitter_misc":{"Tiempo de lectura":"2 minutos"},"schema":{"@context":"https:\/\/schema.org","@graph":[{"@type":"WebPage","@id":"https:\/\/www.camping-jablines.com\/es\/avisos-legales\/","url":"https:\/\/www.camping-jablines.com\/es\/avisos-legales\/","name":"Aviso legal - International de Jablines","isPartOf":{"@id":"https:\/\/www.camping-jablines.com\/#website"},"datePublished":"2023-01-10T15:06:42+00:00","dateModified":"2025-10-27T13:49:34+00:00","breadcrumb":{"@id":"https:\/\/www.camping-jablines.com\/es\/avisos-legales\/#breadcrumb"},"inLanguage":"es","potentialAction":[{"@type":"ReadAction","target":["https:\/\/www.camping-jablines.com\/es\/avisos-legales\/"]}]},{"@type":"BreadcrumbList","@id":"https:\/\/www.camping-jablines.com\/es\/avisos-legales\/#breadcrumb","itemListElement":[{"@type":"ListItem","position":1,"name":"Camping Seine-et-Marne","item":"https:\/\/www.camping-jablines.com\/es\/"},{"@type":"ListItem","position":2,"name":"Informaci\u00f3n jur\u00eddica"}]},{"@type":"WebSite","@id":"https:\/\/www.camping-jablines.com\/#website","url":"https:\/\/www.camping-jablines.com\/","name":"International de Jablines","description":"","publisher":{"@id":"https:\/\/www.camping-jablines.com\/#organization"},"potentialAction":[{"@type":"SearchAction","target":{"@type":"EntryPoint","urlTemplate":"https:\/\/www.camping-jablines.com\/?s={search_term_string}"},"query-input":{"@type":"PropertyValueSpecification","valueRequired":true,"valueName":"search_term_string"}}],"inLanguage":"es"},{"@type":"Organization","@id":"https:\/\/www.camping-jablines.com\/#organization","name":"International de Jablines","alternateName":"International de Jablines","url":"https:\/\/www.camping-jablines.com\/","logo":{"@type":"ImageObject","inLanguage":"es","@id":"https:\/\/www.camping-jablines.com\/#\/schema\/logo\/image\/","url":"https:\/\/www.camping-jablines.com\/wp-content\/uploads\/2022\/12\/cropped-favicon.png","contentUrl":"https:\/\/www.camping-jablines.com\/wp-content\/uploads\/2022\/12\/cropped-favicon.png","width":512,"height":512,"caption":"International de Jablines"},"image":{"@id":"https:\/\/www.camping-jablines.com\/#\/schema\/logo\/image\/"}}]}},"_links":{"self":[{"href":"https:\/\/www.camping-jablines.com\/es\/wp-json\/wp\/v2\/pages\/1605","targetHints":{"allow":["GET"]}}],"collection":[{"href":"https:\/\/www.camping-jablines.com\/es\/wp-json\/wp\/v2\/pages"}],"about":[{"href":"https:\/\/www.camping-jablines.com\/es\/wp-json\/wp\/v2\/types\/page"}],"author":[{"embeddable":true,"href":"https:\/\/www.camping-jablines.com\/es\/wp-json\/wp\/v2\/users\/1"}],"replies":[{"embeddable":true,"href":"https:\/\/www.camping-jablines.com\/es\/wp-json\/wp\/v2\/comments?post=1605"}],"version-history":[{"count":3,"href":"https:\/\/www.camping-jablines.com\/es\/wp-json\/wp\/v2\/pages\/1605\/revisions"}],"predecessor-version":[{"id":3198,"href":"https:\/\/www.camping-jablines.com\/es\/wp-json\/wp\/v2\/pages\/1605\/revisions\/3198"}],"wp:attachment":[{"href":"https:\/\/www.camping-jablines.com\/es\/wp-json\/wp\/v2\/media?parent=1605"}],"wp:term":[{"taxonomy":"sujet","embeddable":true,"href":"https:\/\/www.camping-jablines.com\/es\/wp-json\/wp\/v2\/sujet?post=1605"}],"curies":[{"name":"wp","href":"https:\/\/api.w.org\/{rel}","templated":true}]}}