{"id":1597,"date":"2023-01-10T15:40:34","date_gmt":"2023-01-10T14:40:34","guid":{"rendered":"https:\/\/www.camping-jablines.com\/ubicacion-paris\/"},"modified":"2026-04-21T11:41:51","modified_gmt":"2026-04-21T09:41:51","slug":"ubicacion-paris","status":"publish","type":"page","link":"https:\/\/www.camping-jablines.com\/es\/ubicacion-paris\/","title":{"rendered":"Ubicaciones"},"content":{"rendered":"<section id=\"ls-section-block_035a589d6d13900733e5225b3c40e553\" class=\"ls-section  has-m-t m-t-0 has-m-b m-b-0\" >\n        <div class=\"container container--wide\">\n        \n\n<h1 class=\"ls__heading wp-block-heading has-text-align-center m-b-3\">Alquiler de parcelas cerca de Par\u00eds<\/h1>\n\n\n\n<div id=\"ls-hebergements-block_9e0db59a89177169f5635c99aec44747\" class=\"ls-hebergements\">\n\n    <div class=\"ls-customizer\">\n\n    <div class=\"ls-customizer__filters\">\n        <div class=\"ls-customizer__filters__close\">\n            <i class=\"fas fa-times\"><\/i>\n        <\/div>\n\n        <div class=\"ls-customizer__filters__title\">\n            <b>Filtros<\/b>\n            <span class=\"ls-customizer__filters__clear\"><i class=\"fas fa-times\"><\/i> Borrar filtros<\/span>\n        <\/div>\n\n                \n        <!-- Filtres ACF fields -->\n        \n                                <!-- Filtre nombre_de_personnes -->\n                        <div class=\"filter\" id=\"filter-nombre_de_personnes\">\n                <div class=\"filter__title\">Capacidad m\u00e1xima<i class=\"fas fa-angle-down\"><\/i><\/div>\n                <fieldset data-filter=\"nombre_de_personnes\" data-operator=\"<=\" class=\"input\">\n                    \n                    <div><input type=\"radio\" name=\"nombre_de_personnes\" id=\"nombre_de_personnes-all\"  class=\"checkbox\" \/><label for='nombre_de_personnes-all'>Todos<\/label><\/div><div><input type=\"radio\" name=\"nombre_de_personnes\" id=\"nombre_de_personnes-2\" value=\"2\" class=\"checkbox\"  \/><label for='nombre_de_personnes-2'>Hasta 2 gente<\/label><\/div><div><input type=\"radio\" name=\"nombre_de_personnes\" id=\"nombre_de_personnes-3\" value=\"3\" class=\"checkbox\"  \/><label for='nombre_de_personnes-3'>Hasta 3 gente<\/label><\/div><div><input type=\"radio\" name=\"nombre_de_personnes\" id=\"nombre_de_personnes-4\" value=\"4\" class=\"checkbox\"  \/><label for='nombre_de_personnes-4'>Hasta 4 gente<\/label><\/div><div><input type=\"radio\" name=\"nombre_de_personnes\" id=\"nombre_de_personnes-6\" value=\"6\" class=\"checkbox\"  \/><label for='nombre_de_personnes-6'>Hasta 6 gente<\/label><\/div>                <\/fieldset>\n            <\/div>\n                                <!-- Filtre nombre_de_chambres -->\n                        <div class=\"filter\" id=\"filter-nombre_de_chambres\">\n                <div class=\"filter__title\">N\u00famero de habitaciones<i class=\"fas fa-angle-down\"><\/i><\/div>\n                <fieldset data-filter=\"nombre_de_chambres\" data-operator=\"==\" class=\"input\">\n                    \n                    <div><input type=\"radio\" name=\"nombre_de_chambres\" id=\"nombre_de_chambres-all\"  class=\"checkbox\" \/><label for='nombre_de_chambres-all'>Todos<\/label><\/div><div><input type=\"radio\" name=\"nombre_de_chambres\" id=\"nombre_de_chambres-1\" value=\"1\" class=\"checkbox\"  \/><label for='nombre_de_chambres-1'>1<\/label><\/div><div><input type=\"radio\" name=\"nombre_de_chambres\" id=\"nombre_de_chambres-2\" value=\"2\" class=\"checkbox\"  \/><label for='nombre_de_chambres-2'>2<\/label><\/div><div><input type=\"radio\" name=\"nombre_de_chambres\" id=\"nombre_de_chambres-3\" value=\"3\" class=\"checkbox\"  \/><label for='nombre_de_chambres-3'>3<\/label><\/div>                <\/fieldset>\n            <\/div>\n                    \n        <div id=\"validate-filters\" class=\"ls-button\">Valider la s\u00e9lection<\/div>\n\n        \n    <\/div>\n\n<\/div><div class=\"ls-hebergements__results\" data-row=\"3\" data-campings=\"false\" data-types=\"[23]\"><div class=\"ls-hebergement\" data-postid='2603' data-id-reservation='125839' data-id-site='' data-id1='' data-nombre_de_personnes='6' data-nombre_de_chambres='' data-type='emplacement'>\n\t<div class=\"ls-hebergement__thumb\">\n\t\t<img decoding=\"async\" width=\"1172\" height=\"796\" src=\"https:\/\/www.camping-jablines.com\/wp-content\/uploads\/2022\/12\/Capture-decran-2023-09-24-173833.png\" class=\"attachment-full size-full wp-post-image\" alt=\"\" 0=\"\" srcset=\"https:\/\/www.camping-jablines.com\/wp-content\/uploads\/2022\/12\/Capture-decran-2023-09-24-173833.png 1172w, https:\/\/www.camping-jablines.com\/wp-content\/uploads\/2022\/12\/Capture-decran-2023-09-24-173833-300x204.png 300w, https:\/\/www.camping-jablines.com\/wp-content\/uploads\/2022\/12\/Capture-decran-2023-09-24-173833-1024x695.png 1024w, https:\/\/www.camping-jablines.com\/wp-content\/uploads\/2022\/12\/Capture-decran-2023-09-24-173833-768x522.png 768w\" sizes=\"(max-width: 1172px) 100vw, 1172px\" \/>\t\t<div class=\"ls-hebergement__details\">\n\t\t\t<div class=\"ls-hebergement__icons\">\n\n\t\t\t\t\t\t\t\t\t<span class=\"ls-hebergement__icon\">\n\t\t\t\t\t\t<span class=\"ct-hebergement-surface\"><\/span>\n\t\t\t\t\t\t80m\u00b2\n\t\t\t\t\t<\/span>\n\t\t\t\t\t\t\t\t\t\t\t\t\t<span class=\"ls-hebergement__icon\">\n\t\t\t\t\t\t<span class=\"ct-hebergement-user\"><\/span>\n\t\t\t\t\t\t6\t\t\t\t\t<\/span>\n\t\t\t\t\n\t\t\t\t\n\t\t\t\t\t\t\t<\/div>\n\t\t<\/div>\n\t<\/div>\n\t<div class=\"ls-hebergement__title\">\n\t\tPaquete confort con agua + electricidad + desag\u00fce\t<\/div>\n\n\t<div class=\"ls-hebergement__disponibilites__offline\">\n\t\tDescubra\t<\/div>\n<\/div><div class=\"ls-hebergement\" data-postid='1750' data-id-reservation='125838' data-id-site='' data-id1='' data-nombre_de_personnes='6' data-nombre_de_chambres='' data-type='emplacement'>\n\t<div class=\"ls-hebergement__thumb\">\n\t\t<img decoding=\"async\" width=\"900\" height=\"600\" src=\"https:\/\/www.camping-jablines.com\/wp-content\/uploads\/2022\/12\/emplacement-camping-car-paris-camping-international-de-jablines.jpg\" class=\"attachment-full size-full wp-post-image\" alt=\"emplacement camping car paris\" 0=\"\" srcset=\"https:\/\/www.camping-jablines.com\/wp-content\/uploads\/2022\/12\/emplacement-camping-car-paris-camping-international-de-jablines.jpg 900w, https:\/\/www.camping-jablines.com\/wp-content\/uploads\/2022\/12\/emplacement-camping-car-paris-camping-international-de-jablines-300x200.jpg 300w, https:\/\/www.camping-jablines.com\/wp-content\/uploads\/2022\/12\/emplacement-camping-car-paris-camping-international-de-jablines-768x512.jpg 768w\" sizes=\"(max-width: 900px) 100vw, 900px\" \/>\t\t<div class=\"ls-hebergement__details\">\n\t\t\t<div class=\"ls-hebergement__icons\">\n\n\t\t\t\t\t\t\t\t\t<span class=\"ls-hebergement__icon\">\n\t\t\t\t\t\t<span class=\"ct-hebergement-surface\"><\/span>\n\t\t\t\t\t\t80m\u00b2\n\t\t\t\t\t<\/span>\n\t\t\t\t\t\t\t\t\t\t\t\t\t<span class=\"ls-hebergement__icon\">\n\t\t\t\t\t\t<span class=\"ct-hebergement-user\"><\/span>\n\t\t\t\t\t\t6\t\t\t\t\t<\/span>\n\t\t\t\t\n\t\t\t\t\n\t\t\t\t\t\t\t<\/div>\n\t\t<\/div>\n\t<\/div>\n\t<div class=\"ls-hebergement__title\">\n\t\tPaquete est\u00e1ndar con electricidad\t<\/div>\n\n\t<div class=\"ls-hebergement__disponibilites__offline\">\n\t\tDescubra\t<\/div>\n<\/div><\/div><\/div>\n\n    <\/div>\n<\/section><section id=\"ls-section-block_f24ae655ad2b7a09267f7e8790587caf\" class=\"ls-section  m-t-0\" >\n        <div class=\"container container--wide\">\n        \n\n<div class=\"wp-block-columns is-layout-flex wp-container-core-columns-is-layout-9d6595d7 wp-block-columns-is-layout-flex\">\n<div class=\"wp-block-column is-vertically-aligned-top is-layout-flow wp-block-column-is-layout-flow\">\n<h2 class=\"ls__heading wp-block-heading m-t-0\">Su lugar de alquiler cerca de Disneyland\u00ae Paris<\/h2>\n\n\n\n<p class=\"ls-paragraph\">Nuestras parcelas entre media sombra y sol, de 80 a 100 m\u00b2, est\u00e1ndar o confort, har\u00e1n felices a los <strong>amantes de la naturaleza<\/strong>.<\/p>\n\n\n\n<p class=\"ls-paragraph\">Disponemos de 23 casas m\u00f3viles, 7 caba\u00f1as y 129 parcelas sin equipamiento, todas ellas con una parte de c\u00e9sped y otra pavimentada:<\/p>\n\n\n\n<ul class=\"ls-list ls-list-undefined wp-block-list\">\n<li>69 parcelas de alquiler \u00abEst\u00e1ndar\u00bb con electricidad (10A): ver tarifas y disponibilidad.<\/li>\n\n\n\n<li>60 parcelas \u00abConfort\u00bb con electricidad (10A), agua y desag\u00fce: consulte tarifas y disponibilidad. <\/li>\n<\/ul>\n\n\n\n<p class=\"ls-paragraph\">Alquiladas por noche o m\u00e1s, para un m\u00e1ximo de 6 personas por parcela, nuestras estancias se entienden para una llegada despu\u00e9s de las 14h y una salida antes de las 12h.<\/p>\n\n\n\n<p class=\"ls-paragraph\">Para las familias, los menores de 3 a\u00f1os entran gratis.<\/p>\n\n\n\n<p class=\"ls-paragraph\"><\/p>\n<\/div>\n\n\n\n<div class=\"wp-block-column is-vertically-aligned-top is-layout-flow wp-block-column-is-layout-flow\">\n<p class=\"ls-paragraph\"><\/p>\n\n\n\n<h2 class=\"ls__heading wp-block-heading\">Servicios para terrenos de juego e instalaciones sanitarias<\/h2>\n\n\n\n<p class=\"ls-paragraph\"><strong>Hay dos instalaciones sanitarias<\/strong> disponibles las 24 horas del d\u00eda, de forma gratuita. Est\u00e1n equipadas con duchas, lavabos, cubos para lavar la ropa y la vajilla, lavadoras y secadoras.<\/p>\n\n\n\n<p class=\"ls-paragraph\">Tambi\u00e9n hay disponible una cabina para personas con movilidad reducida.<\/p>\n\n\n\n<p class=\"ls-paragraph\">Hay un <strong>\u00e1rea de servicio<\/strong> disponible para repostar agua (100L). Para activarlo, deber\u00e1 recoger una ficha en recepci\u00f3n. Los campistas tambi\u00e9n tendr\u00e1n acceso a aseos qu\u00edmicos.<\/p>\n\n\n\n<p class=\"ls-paragraph\">Todos los <strong>terminales el\u00e9ctricos est\u00e1n equipados<\/strong> seg\u00fan las normas europeas y se recomienda el uso de adaptadores y alargadores.<\/p>\n<\/div>\n<\/div>\n\n\n    <\/div>\n<\/section><section id=\"ls-section-block_9c2e5bbf0a0e1abfd39a9eaf788e5e81\" class=\"ls-section  home-third fade-background page-two page-trois has-background-image has-parallax\" >\n    <div class=\"ls-section__background-image opacity-100\"><img decoding=\"async\" src=\"https:\/\/www.camping-jablines.com\/wp-content\/uploads\/2023\/01\/animaux-compagnie.jpg\" alt=\"animaux compagnie\"><\/div>    <div class=\"container container--wide\">\n        \n\n<div class=\"wp-block-columns is-layout-flex wp-container-core-columns-is-layout-9d6595d7 wp-block-columns-is-layout-flex\">\n<div class=\"wp-block-column is-layout-flow wp-block-column-is-layout-flow\" style=\"flex-basis:50%\"><\/div>\n\n\n\n<div class=\"wp-block-column is-vertically-aligned-center animated fadeInRight slow is-layout-flow wp-block-column-is-layout-flow\" style=\"flex-basis:50%\">\n<div class=\"wp-block-columns are-vertically-aligned-center is-layout-flex wp-container-core-columns-is-layout-9d6595d7 wp-block-columns-is-layout-flex\">\n<div class=\"wp-block-column is-vertically-aligned-center is-layout-flow wp-block-column-is-layout-flow\">\n<div class=\"wp-block-columns column-content is-layout-flex wp-container-core-columns-is-layout-9d6595d7 wp-block-columns-is-layout-flex\">\n<div class=\"wp-block-column is-layout-flow wp-block-column-is-layout-flow\">\n<h2 class=\"ls__heading wp-block-heading m-t-0 has-color-white-color has-text-color\">ANIMALES ADMITIDOS EN LOS TERRENOS DE JUEGO<\/h2>\n\n\n\n<p class=\"ls-paragraph has-color-white-color has-text-color\">Sus amigos de cuatro patas son bienvenidos en el camping. Estar\u00e1n encantados de conocer en recepci\u00f3n <strong>al perro Stitch<\/strong>, <strong>la mascota<\/strong> del <a href=\"\/\">camping Jablines.<\/a> <\/p>\n\n\n\n<p class=\"ls-paragraph has-color-white-color has-text-color\">Por favor, ll\u00e9valos con correa y ten sus vacunas al d\u00eda.<\/p>\n<\/div>\n<\/div>\n<\/div>\n<\/div>\n<\/div>\n<\/div>\n\n\n    <\/div>\n<\/section><section id=\"ls-section-block_8855ee558f45d63759d0ad7c4d286fab\" class=\"ls-section \" >\n        <div class=\"container container--wide\">\n        \n\n<div id=\"ls-heading ls-titre-div-block_a3960c779715f0f86c44e7f16c04f8d4\" class=\"ls-titre-div h2-like\" >\n    Descubra nuestros mobil-homes, nuestros precios y nuestros servicios<\/div>\n\n\n<div id=\"ls-maillage-block_ac6e72e09234f7f8f9b23751731d9dc2\" class=\"ls-maillage cta-style-normal\" data-rows=\"3\">\n    <div class=\"wp-block-columns\"><div class=\"wp-block-column\">\n\n<a href=\"https:\/\/www.camping-jablines.com\/es\/camping-familiar-paris\/\" target=\"\" rel=\"noopener\" class=\"ls-cta__link\">\n\n\t<div class=\"ls-cta__image\"><img decoding=\"async\" src=\"https:\/\/www.camping-jablines.com\/wp-content\/uploads\/2023\/09\/Capture-decran-2023-09-24-162644-768x572.png\" alt=\"\"><\/div>\n\t<div class=\"ls-cta__title\">\n\t\tLos servicios\t<\/div>\n\n\t\t\n<\/a><\/div><div class=\"wp-block-column\">\n\n<a href=\"https:\/\/www.camping-jablines.com\/es\/ubicacion-mobil-home-paris\/\" target=\"\" rel=\"noopener\" class=\"ls-cta__link\">\n\n\t<div class=\"ls-cta__image\"><img decoding=\"async\" src=\"https:\/\/www.camping-jablines.com\/wp-content\/uploads\/2023\/10\/IMG_2765-768x512.jpg\" alt=\"\"><\/div>\n\t<div class=\"ls-cta__title\">\n\t\tAlquileres\t<\/div>\n\n\t\t\n<\/a><\/div><div class=\"wp-block-column\">\n\n<a href=\"https:\/\/www.camping-jablines.com\/es\/camping-barato-paris\/\" target=\"\" rel=\"noopener\" class=\"ls-cta__link\">\n\n\t<div class=\"ls-cta__image\"><img decoding=\"async\" src=\"https:\/\/www.camping-jablines.com\/wp-content\/uploads\/2023\/01\/emplacement-camping-paris-1.jpg\" alt=\"emplacement camping paris\"><\/div>\n\t<div class=\"ls-cta__title\">\n\t\tTarifas\t<\/div>\n\n\t\t\n<\/a><\/div><\/div><\/div>\n\n    <\/div>\n<\/section>","protected":false},"excerpt":{"rendered":"","protected":false},"author":1,"featured_media":1380,"parent":0,"menu_order":0,"comment_status":"closed","ping_status":"closed","template":"","meta":{"_acf_changed":false,"footnotes":""},"sujet":[],"class_list":["post-1597","page","type-page","status-publish","has-post-thumbnail","hentry"],"acf":[],"yoast_head":"<!-- This site is optimized with the Yoast SEO plugin v23.4 - https:\/\/yoast.com\/wordpress\/plugins\/seo\/ -->\n<title>Location site Paris | Location caravaning Disney<\/title>\n<meta name=\"description\" content=\"Parcelas de camping cerca de Par\u00eds, el CAMPING INTERNATIONAL DE JABLINES *** en Jablines (77), un parque de ocio cerca de Disneyland Resort\u00a9 en Ile de France, ofrece alquiler de casas m\u00f3viles y parcelas junto al lago con un centro de deportes acu\u00e1ticos.\" \/>\n<meta name=\"robots\" content=\"index, follow, max-snippet:-1, max-image-preview:large, max-video-preview:-1\" \/>\n<link rel=\"canonical\" href=\"https:\/\/www.camping-jablines.com\/es\/ubicacion-paris\/\" \/>\n<meta property=\"og:locale\" content=\"es_ES\" \/>\n<meta property=\"og:type\" content=\"article\" \/>\n<meta property=\"og:title\" content=\"Location site Paris | Location caravaning Disney\" \/>\n<meta property=\"og:description\" content=\"Parcelas de camping cerca de Par\u00eds, el CAMPING INTERNATIONAL DE JABLINES *** en Jablines (77), un parque de ocio cerca de Disneyland Resort\u00a9 en Ile de France, ofrece alquiler de casas m\u00f3viles y parcelas junto al lago con un centro de deportes acu\u00e1ticos.\" \/>\n<meta property=\"og:url\" content=\"https:\/\/www.camping-jablines.com\/es\/ubicacion-paris\/\" \/>\n<meta property=\"og:site_name\" content=\"International de Jablines\" \/>\n<meta property=\"article:modified_time\" content=\"2026-04-21T09:41:51+00:00\" \/>\n<meta property=\"og:image\" content=\"https:\/\/www.camping-jablines.com\/wp-content\/uploads\/2023\/01\/emplacement-camping-paris.jpg\" \/>\n\t<meta property=\"og:image:width\" content=\"1900\" \/>\n\t<meta property=\"og:image:height\" content=\"665\" \/>\n\t<meta property=\"og:image:type\" content=\"image\/jpeg\" \/>\n<meta name=\"twitter:card\" content=\"summary_large_image\" \/>\n<meta name=\"twitter:label1\" content=\"Tiempo de lectura\" \/>\n\t<meta name=\"twitter:data1\" content=\"2 minutos\" \/>\n<script type=\"application\/ld+json\" class=\"yoast-schema-graph\">{\"@context\":\"https:\/\/schema.org\",\"@graph\":[{\"@type\":\"WebPage\",\"@id\":\"https:\/\/www.camping-jablines.com\/es\/ubicacion-paris\/\",\"url\":\"https:\/\/www.camping-jablines.com\/es\/ubicacion-paris\/\",\"name\":\"Location site Paris | Location caravaning Disney\",\"isPartOf\":{\"@id\":\"https:\/\/www.camping-jablines.com\/#website\"},\"primaryImageOfPage\":{\"@id\":\"https:\/\/www.camping-jablines.com\/es\/ubicacion-paris\/#primaryimage\"},\"image\":{\"@id\":\"https:\/\/www.camping-jablines.com\/es\/ubicacion-paris\/#primaryimage\"},\"thumbnailUrl\":\"https:\/\/www.camping-jablines.com\/wp-content\/uploads\/2023\/01\/emplacement-camping-paris.jpg\",\"datePublished\":\"2023-01-10T14:40:34+00:00\",\"dateModified\":\"2026-04-21T09:41:51+00:00\",\"description\":\"Parcelas de camping cerca de Par\u00eds, el CAMPING INTERNATIONAL DE JABLINES *** en Jablines (77), un parque de ocio cerca de Disneyland Resort\u00a9 en Ile de France, ofrece alquiler de casas m\u00f3viles y parcelas junto al lago con un centro de deportes acu\u00e1ticos.\",\"breadcrumb\":{\"@id\":\"https:\/\/www.camping-jablines.com\/es\/ubicacion-paris\/#breadcrumb\"},\"inLanguage\":\"es\",\"potentialAction\":[{\"@type\":\"ReadAction\",\"target\":[\"https:\/\/www.camping-jablines.com\/es\/ubicacion-paris\/\"]}]},{\"@type\":\"ImageObject\",\"inLanguage\":\"es\",\"@id\":\"https:\/\/www.camping-jablines.com\/es\/ubicacion-paris\/#primaryimage\",\"url\":\"https:\/\/www.camping-jablines.com\/wp-content\/uploads\/2023\/01\/emplacement-camping-paris.jpg\",\"contentUrl\":\"https:\/\/www.camping-jablines.com\/wp-content\/uploads\/2023\/01\/emplacement-camping-paris.jpg\",\"width\":1900,\"height\":665,\"caption\":\"emplacement camping paris\"},{\"@type\":\"BreadcrumbList\",\"@id\":\"https:\/\/www.camping-jablines.com\/es\/ubicacion-paris\/#breadcrumb\",\"itemListElement\":[{\"@type\":\"ListItem\",\"position\":1,\"name\":\"Camping Seine-et-Marne\",\"item\":\"https:\/\/www.camping-jablines.com\/es\/\"},{\"@type\":\"ListItem\",\"position\":2,\"name\":\"Camping para caravanas Disney\"}]},{\"@type\":\"WebSite\",\"@id\":\"https:\/\/www.camping-jablines.com\/#website\",\"url\":\"https:\/\/www.camping-jablines.com\/\",\"name\":\"International de Jablines\",\"description\":\"\",\"publisher\":{\"@id\":\"https:\/\/www.camping-jablines.com\/#organization\"},\"potentialAction\":[{\"@type\":\"SearchAction\",\"target\":{\"@type\":\"EntryPoint\",\"urlTemplate\":\"https:\/\/www.camping-jablines.com\/?s={search_term_string}\"},\"query-input\":{\"@type\":\"PropertyValueSpecification\",\"valueRequired\":true,\"valueName\":\"search_term_string\"}}],\"inLanguage\":\"es\"},{\"@type\":\"Organization\",\"@id\":\"https:\/\/www.camping-jablines.com\/#organization\",\"name\":\"International de Jablines\",\"alternateName\":\"International de Jablines\",\"url\":\"https:\/\/www.camping-jablines.com\/\",\"logo\":{\"@type\":\"ImageObject\",\"inLanguage\":\"es\",\"@id\":\"https:\/\/www.camping-jablines.com\/#\/schema\/logo\/image\/\",\"url\":\"https:\/\/www.camping-jablines.com\/wp-content\/uploads\/2022\/12\/cropped-favicon.png\",\"contentUrl\":\"https:\/\/www.camping-jablines.com\/wp-content\/uploads\/2022\/12\/cropped-favicon.png\",\"width\":512,\"height\":512,\"caption\":\"International de Jablines\"},\"image\":{\"@id\":\"https:\/\/www.camping-jablines.com\/#\/schema\/logo\/image\/\"}}]}<\/script>\n<!-- \/ Yoast SEO plugin. -->","yoast_head_json":{"title":"Location site Paris | Location caravaning Disney","description":"Parcelas de camping cerca de Par\u00eds, el CAMPING INTERNATIONAL DE JABLINES *** en Jablines (77), un parque de ocio cerca de Disneyland Resort\u00a9 en Ile de France, ofrece alquiler de casas m\u00f3viles y parcelas junto al lago con un centro de deportes acu\u00e1ticos.","robots":{"index":"index","follow":"follow","max-snippet":"max-snippet:-1","max-image-preview":"max-image-preview:large","max-video-preview":"max-video-preview:-1"},"canonical":"https:\/\/www.camping-jablines.com\/es\/ubicacion-paris\/","og_locale":"es_ES","og_type":"article","og_title":"Location site Paris | Location caravaning Disney","og_description":"Parcelas de camping cerca de Par\u00eds, el CAMPING INTERNATIONAL DE JABLINES *** en Jablines (77), un parque de ocio cerca de Disneyland Resort\u00a9 en Ile de France, ofrece alquiler de casas m\u00f3viles y parcelas junto al lago con un centro de deportes acu\u00e1ticos.","og_url":"https:\/\/www.camping-jablines.com\/es\/ubicacion-paris\/","og_site_name":"International de Jablines","article_modified_time":"2026-04-21T09:41:51+00:00","og_image":[{"width":1900,"height":665,"url":"https:\/\/www.camping-jablines.com\/wp-content\/uploads\/2023\/01\/emplacement-camping-paris.jpg","type":"image\/jpeg"}],"twitter_card":"summary_large_image","twitter_misc":{"Tiempo de lectura":"2 minutos"},"schema":{"@context":"https:\/\/schema.org","@graph":[{"@type":"WebPage","@id":"https:\/\/www.camping-jablines.com\/es\/ubicacion-paris\/","url":"https:\/\/www.camping-jablines.com\/es\/ubicacion-paris\/","name":"Location site Paris | Location caravaning Disney","isPartOf":{"@id":"https:\/\/www.camping-jablines.com\/#website"},"primaryImageOfPage":{"@id":"https:\/\/www.camping-jablines.com\/es\/ubicacion-paris\/#primaryimage"},"image":{"@id":"https:\/\/www.camping-jablines.com\/es\/ubicacion-paris\/#primaryimage"},"thumbnailUrl":"https:\/\/www.camping-jablines.com\/wp-content\/uploads\/2023\/01\/emplacement-camping-paris.jpg","datePublished":"2023-01-10T14:40:34+00:00","dateModified":"2026-04-21T09:41:51+00:00","description":"Parcelas de camping cerca de Par\u00eds, el CAMPING INTERNATIONAL DE JABLINES *** en Jablines (77), un parque de ocio cerca de Disneyland Resort\u00a9 en Ile de France, ofrece alquiler de casas m\u00f3viles y parcelas junto al lago con un centro de deportes acu\u00e1ticos.","breadcrumb":{"@id":"https:\/\/www.camping-jablines.com\/es\/ubicacion-paris\/#breadcrumb"},"inLanguage":"es","potentialAction":[{"@type":"ReadAction","target":["https:\/\/www.camping-jablines.com\/es\/ubicacion-paris\/"]}]},{"@type":"ImageObject","inLanguage":"es","@id":"https:\/\/www.camping-jablines.com\/es\/ubicacion-paris\/#primaryimage","url":"https:\/\/www.camping-jablines.com\/wp-content\/uploads\/2023\/01\/emplacement-camping-paris.jpg","contentUrl":"https:\/\/www.camping-jablines.com\/wp-content\/uploads\/2023\/01\/emplacement-camping-paris.jpg","width":1900,"height":665,"caption":"emplacement camping paris"},{"@type":"BreadcrumbList","@id":"https:\/\/www.camping-jablines.com\/es\/ubicacion-paris\/#breadcrumb","itemListElement":[{"@type":"ListItem","position":1,"name":"Camping Seine-et-Marne","item":"https:\/\/www.camping-jablines.com\/es\/"},{"@type":"ListItem","position":2,"name":"Camping para caravanas Disney"}]},{"@type":"WebSite","@id":"https:\/\/www.camping-jablines.com\/#website","url":"https:\/\/www.camping-jablines.com\/","name":"International de Jablines","description":"","publisher":{"@id":"https:\/\/www.camping-jablines.com\/#organization"},"potentialAction":[{"@type":"SearchAction","target":{"@type":"EntryPoint","urlTemplate":"https:\/\/www.camping-jablines.com\/?s={search_term_string}"},"query-input":{"@type":"PropertyValueSpecification","valueRequired":true,"valueName":"search_term_string"}}],"inLanguage":"es"},{"@type":"Organization","@id":"https:\/\/www.camping-jablines.com\/#organization","name":"International de Jablines","alternateName":"International de Jablines","url":"https:\/\/www.camping-jablines.com\/","logo":{"@type":"ImageObject","inLanguage":"es","@id":"https:\/\/www.camping-jablines.com\/#\/schema\/logo\/image\/","url":"https:\/\/www.camping-jablines.com\/wp-content\/uploads\/2022\/12\/cropped-favicon.png","contentUrl":"https:\/\/www.camping-jablines.com\/wp-content\/uploads\/2022\/12\/cropped-favicon.png","width":512,"height":512,"caption":"International de Jablines"},"image":{"@id":"https:\/\/www.camping-jablines.com\/#\/schema\/logo\/image\/"}}]}},"_links":{"self":[{"href":"https:\/\/www.camping-jablines.com\/es\/wp-json\/wp\/v2\/pages\/1597","targetHints":{"allow":["GET"]}}],"collection":[{"href":"https:\/\/www.camping-jablines.com\/es\/wp-json\/wp\/v2\/pages"}],"about":[{"href":"https:\/\/www.camping-jablines.com\/es\/wp-json\/wp\/v2\/types\/page"}],"author":[{"embeddable":true,"href":"https:\/\/www.camping-jablines.com\/es\/wp-json\/wp\/v2\/users\/1"}],"replies":[{"embeddable":true,"href":"https:\/\/www.camping-jablines.com\/es\/wp-json\/wp\/v2\/comments?post=1597"}],"version-history":[{"count":13,"href":"https:\/\/www.camping-jablines.com\/es\/wp-json\/wp\/v2\/pages\/1597\/revisions"}],"predecessor-version":[{"id":3368,"href":"https:\/\/www.camping-jablines.com\/es\/wp-json\/wp\/v2\/pages\/1597\/revisions\/3368"}],"wp:featuredmedia":[{"embeddable":true,"href":"https:\/\/www.camping-jablines.com\/es\/wp-json\/wp\/v2\/media\/1380"}],"wp:attachment":[{"href":"https:\/\/www.camping-jablines.com\/es\/wp-json\/wp\/v2\/media?parent=1597"}],"wp:term":[{"taxonomy":"sujet","embeddable":true,"href":"https:\/\/www.camping-jablines.com\/es\/wp-json\/wp\/v2\/sujet?post=1597"}],"curies":[{"name":"wp","href":"https:\/\/api.w.org\/{rel}","templated":true}]}}