{"id":1593,"date":"2023-01-10T15:32:35","date_gmt":"2023-01-10T14:32:35","guid":{"rendered":"https:\/\/www.camping-jablines.com\/turismo-disneyland-paris\/"},"modified":"2026-02-03T13:20:45","modified_gmt":"2026-02-03T12:20:45","slug":"turismo-disneyland-paris","status":"publish","type":"page","link":"https:\/\/www.camping-jablines.com\/es\/turismo-disneyland-paris\/","title":{"rendered":"Disneyland Par\u00eds"},"content":{"rendered":"<section id=\"ls-section-block_715ae1d802e90a3734ecd4fc97895b3a\" class=\"ls-section  home-first page-un\" >\n        <div class=\"container container--wide\">\n        \n\n<div class=\"wp-block-columns home-first page-un is-layout-flex wp-container-core-columns-is-layout-9d6595d7 wp-block-columns-is-layout-flex\">\n<div class=\"wp-block-column is-vertically-aligned-center is-layout-flow wp-block-column-is-layout-flow\" style=\"flex-basis:50%\"><div class=\"wp-block-image animated fadeInLeft slow\">\n<figure class=\"aligncenter size-large\"><a href=\"https:\/\/www.camping-jablines.com\/wp-content\/uploads\/2025\/01\/DisneylandParis_KV_Famille_1080x1080-1024x1024.jpg\"><img decoding=\"async\" width=\"1024\" height=\"1024\" src=\"https:\/\/www.camping-jablines.com\/wp-content\/uploads\/2025\/01\/DisneylandParis_KV_Famille_1080x1080-1024x1024.jpg\" alt=\"\" class=\"wp-image-2994\" srcset=\"https:\/\/www.camping-jablines.com\/wp-content\/uploads\/2025\/01\/DisneylandParis_KV_Famille_1080x1080-1024x1024.jpg 1024w, https:\/\/www.camping-jablines.com\/wp-content\/uploads\/2025\/01\/DisneylandParis_KV_Famille_1080x1080-300x300.jpg 300w, https:\/\/www.camping-jablines.com\/wp-content\/uploads\/2025\/01\/DisneylandParis_KV_Famille_1080x1080-150x150.jpg 150w, https:\/\/www.camping-jablines.com\/wp-content\/uploads\/2025\/01\/DisneylandParis_KV_Famille_1080x1080-768x768.jpg 768w, https:\/\/www.camping-jablines.com\/wp-content\/uploads\/2025\/01\/DisneylandParis_KV_Famille_1080x1080.jpg 1080w\" sizes=\"(max-width: 1024px) 100vw, 1024px\" \/><\/a><\/figure>\n<\/div><\/div>\n\n\n\n<div class=\"wp-block-column is-vertically-aligned-center colonne-second animated fadeInRight slow delay-100ms is-layout-flow wp-block-column-is-layout-flow\" style=\"flex-basis:50%\">\n<h1 class=\"ls__heading wp-block-heading has-text-align-left home-first\">BILLET EN VENTE A LA RECEPCI\u00d3N<\/h1>\n\n\n\n<p class=\"ls-paragraph\"><\/p>\n\n\n\n<p class=\"ls-paragraph\">Compuesto por dos parques tem\u00e1ticos, <strong>Parque Disneyland\u00ae<\/strong> y <strong>Disney\u00ae Adventure World<\/strong>, impregnados de fantas\u00eda, imaginaci\u00f3n y aventura, le ofrecen una experiencia \u00fanica e inmersiva en usted ofreciendo m\u00e1s de 50 atracciones, una variedad abrumadora de tiendas y restaurantes, espect\u00e1culos imperdibles y, por supuesto, encuentros con los personajes Disney &#8211; Pixar &#8211; Marvel m\u00e1s famosos.<\/p>\n\n\n\n<p class=\"ls-paragraph\"><\/p>\n<\/div>\n<\/div>\n\n\n    <\/div>\n<\/section><section id=\"ls-section-block_24487b1095ac0c2da58c126077add812\" class=\"ls-section  disney m-t-0 page-two p-b-10 page-deux\" >\n        <div class=\"container container--wide\">\n        \n\n<div class=\"wp-block-columns is-layout-flex wp-container-core-columns-is-layout-9d6595d7 wp-block-columns-is-layout-flex\">\n<div class=\"wp-block-column is-layout-flow wp-block-column-is-layout-flow\">\n<h2 class=\"ls__heading wp-block-heading\"><strong>Disney\u00ae Adventure World<\/strong> : EL MUNDO DE LA REINA DE LAS NIEVES<\/h2>\n\n\n\n<p class=\"ls-paragraph\">\u00a1Bienvenido a un universo extraordinario! Descubra el<strong> Mundo de la Reina de las Nieves<\/strong>, desde la inauguraci\u00f3n del parque <strong>Disney\u00ae Adventure World<\/strong> el 29 de marzo de 2026 en <strong>Disneyland\u00ae Paris.<\/strong> <\/p>\n\n\n\n<p class=\"ls-paragraph\">Despierte su esp\u00edritu aventurero y prep\u00e1rese para sumergirse en las historias de Disney, Pixar y MARVEL que tanto le gustan a trav\u00e9s de mundos extraordinarios y envolventes, entre los que se incluye el nuevo Mundo de Frozen. Y en el coraz\u00f3n de su viaje, descubra Adventure Way, un suntuoso paseo que sirve de escenario para un nuevo y deslumbrante espect\u00e1culo nocturno. <\/p>\n<\/div>\n\n\n\n<div class=\"wp-block-column is-layout-flow wp-block-column-is-layout-flow\">\n<figure class=\"wp-block-image size-full\"><img decoding=\"async\" width=\"394\" height=\"325\" src=\"https:\/\/www.camping-jablines.com\/wp-content\/uploads\/2022\/12\/Le-Monde-de-la-Reine-des-Neiges-Annonce-date-ouverture-394x325px.jpg\" alt=\"\" class=\"wp-image-3332\" srcset=\"https:\/\/www.camping-jablines.com\/wp-content\/uploads\/2022\/12\/Le-Monde-de-la-Reine-des-Neiges-Annonce-date-ouverture-394x325px.jpg 394w, https:\/\/www.camping-jablines.com\/wp-content\/uploads\/2022\/12\/Le-Monde-de-la-Reine-des-Neiges-Annonce-date-ouverture-394x325px-300x247.jpg 300w\" sizes=\"(max-width: 394px) 100vw, 394px\" \/><\/figure>\n<\/div>\n<\/div>\n\n\n    <\/div>\n<\/section><section id=\"ls-section-block_4f0a1d7c69ed25ac33abbeb30e1443a5\" class=\"ls-section  home-third fade-background page-two page-trois has-parallax\" >\n        <div class=\"container container--wide\">\n        \n\n<div class=\"wp-block-columns is-layout-flex wp-container-core-columns-is-layout-9d6595d7 wp-block-columns-is-layout-flex\">\n<div class=\"wp-block-column is-layout-flow wp-block-column-is-layout-flow\" style=\"flex-basis:50%\">\n<figure class=\"wp-block-image size-large\"><img decoding=\"async\" width=\"819\" height=\"1024\" src=\"https:\/\/www.camping-jablines.com\/wp-content\/uploads\/2022\/12\/Banner_DAW_1080x1350_B2B_UK_AvecDate-819x1024.webp\" alt=\"\" class=\"wp-image-3327\" srcset=\"https:\/\/www.camping-jablines.com\/wp-content\/uploads\/2022\/12\/Banner_DAW_1080x1350_B2B_UK_AvecDate-819x1024.webp 819w, https:\/\/www.camping-jablines.com\/wp-content\/uploads\/2022\/12\/Banner_DAW_1080x1350_B2B_UK_AvecDate-240x300.webp 240w, https:\/\/www.camping-jablines.com\/wp-content\/uploads\/2022\/12\/Banner_DAW_1080x1350_B2B_UK_AvecDate-768x960.webp 768w, https:\/\/www.camping-jablines.com\/wp-content\/uploads\/2022\/12\/Banner_DAW_1080x1350_B2B_UK_AvecDate-1229x1536.webp 1229w, https:\/\/www.camping-jablines.com\/wp-content\/uploads\/2022\/12\/Banner_DAW_1080x1350_B2B_UK_AvecDate-1638x2048.webp 1638w, https:\/\/www.camping-jablines.com\/wp-content\/uploads\/2022\/12\/Banner_DAW_1080x1350_B2B_UK_AvecDate.webp 1920w\" sizes=\"(max-width: 819px) 100vw, 819px\" \/><\/figure>\n<\/div>\n\n\n\n<div class=\"wp-block-column is-vertically-aligned-center animated fadeInRight slow is-layout-flow wp-block-column-is-layout-flow\" style=\"flex-basis:50%\">\n<div class=\"wp-block-columns are-vertically-aligned-center is-layout-flex wp-container-core-columns-is-layout-9d6595d7 wp-block-columns-is-layout-flex\">\n<div class=\"wp-block-column is-vertically-aligned-center is-layout-flow wp-block-column-is-layout-flow\">\n<div class=\"wp-block-columns column-content is-layout-flex wp-container-core-columns-is-layout-9d6595d7 wp-block-columns-is-layout-flex\">\n<div class=\"wp-block-column is-layout-flow wp-block-column-is-layout-flow\">\n<h2 class=\"ls__heading wp-block-heading m-t-0 has-color-white-color has-text-color\"><\/h2>\n\n\n\n<p class=\"ls-paragraph\"><mark style=\"background-color:rgba(0, 0, 0, 0)\" class=\"has-inline-color has-color-white-color\">\u00bfLe gustar\u00eda ir a Disneyland\u00ae Par\u00eds y alojarse cerca?<\/mark><\/p>\n\n\n\n<p class=\"ls-paragraph\"><mark style=\"background-color:rgba(0, 0, 0, 0)\" class=\"has-inline-color has-color-white-color\">Nuestra <strong>ubicaci\u00f3n es ideal<\/strong> para pasar unos d\u00edas. <\/mark><\/p>\n\n\n\n<p class=\"ls-paragraph\"><mark style=\"background-color:rgba(0, 0, 0, 0)\" class=\"has-inline-color has-color-white-color\">A s\u00f3lo 9 km, estamos encantados de darle la bienvenida <strong>al coraz\u00f3n de la naturaleza<\/strong> en un entorno tranquilo y apacible. <\/mark><\/p>\n\n\n\n<p class=\"ls-paragraph\"><mark style=\"background-color:rgba(0, 0, 0, 0)\" class=\"has-inline-color has-color-white-color\">No hace falta coche. Autob\u00fas p\u00fablico n\u00ba 2263 desde el camping hasta los Parques Disney<\/mark> <mark style=\"background-color:rgba(0, 0, 0, 0)\" class=\"has-inline-color has-color-white-color\">todos los d\u00edas en s\u00f3lo 20 minutos.<\/mark><\/p>\n\n\n\n<p class=\"ls-paragraph\"><\/p>\n\n\n\n<p class=\"ls-paragraph\"><\/p>\n\n\n\n<p class=\"ls-paragraph\"><\/p>\n\n\n\n<p class=\"ls-paragraph\"><\/p>\n\n\n\n<p class=\"ls-paragraph has-small-font-size\"><strong>Photos: \u00a9Disney et \u00a9 2022 MARVEL<\/strong><\/p>\n\n\n\n<p class=\"ls-paragraph\"><\/p>\n<\/div>\n<\/div>\n<\/div>\n<\/div>\n<\/div>\n<\/div>\n\n\n    <\/div>\n<\/section><section id=\"ls-section-block_a8b65a34db46e10bbb254f338981a80c\" class=\"ls-section \" >\n        <div class=\"container container--wide\">\n        \n\n<div id=\"ls-heading ls-titre-div-block_f6ece26394dfd91ccd1040b1f3995bda\" class=\"ls-titre-div h2-like\" >\n    Descubra los alrededores de nuestro camping<\/div>\n\n\n<div id=\"ls-maillage-block_35dfebafe6008031d81e3efb1cb16702\" class=\"ls-maillage cta-style-normal\" data-rows=\"3\">\n    <div class=\"wp-block-columns\"><div class=\"wp-block-column\">\n\n<a href=\"https:\/\/www.camping-jablines.com\/es\/turismo-ile-de-france\/\" target=\"\" rel=\"noopener\" class=\"ls-cta__link\">\n\n\t<div class=\"ls-cta__image\"><img decoding=\"async\" src=\"https:\/\/www.camping-jablines.com\/wp-content\/uploads\/2022\/12\/base-de-loisirs-proche-jablines-768x382.jpg\" alt=\"base de loisirs proche de jablines\"><\/div>\n\t<div class=\"ls-cta__title\">\n\t\tCosas que hacer en los alrededores del camping\t<\/div>\n\n\t\t\n<\/a><\/div><div class=\"wp-block-column\">\n\n<a href=\"https:\/\/www.camping-jablines.com\/es\/camping-centro-ocio-paris\/\" target=\"\" rel=\"noopener\" class=\"ls-cta__link\">\n\n\t<div class=\"ls-cta__image\"><img decoding=\"async\" src=\"https:\/\/www.camping-jablines.com\/wp-content\/uploads\/2022\/12\/Camping-International-des-Jablines_AXELMARONI-13_0-768x576.jpg\" alt=\"\"><\/div>\n\t<div class=\"ls-cta__title\">\n\t\tEL centro de ocio\t<\/div>\n\n\t\t\n<\/a><\/div><div class=\"wp-block-column\">\n\n<a href=\"https:\/\/www.camping-jablines.com\/es\/turismo-paris\/\" target=\"\" rel=\"noopener\" class=\"ls-cta__link\">\n\n\t<div class=\"ls-cta__image\"><img decoding=\"async\" src=\"https:\/\/www.camping-jablines.com\/wp-content\/uploads\/2022\/12\/arc-de-triomphe-paris-768x576.jpg\" alt=\"arc de triomphe paris\"><\/div>\n\t<div class=\"ls-cta__title\">\n\t\tParis\t<\/div>\n\n\t\t\n<\/a><\/div><\/div><\/div>\n\n    <\/div>\n<\/section>","protected":false},"excerpt":{"rendered":"","protected":false},"author":1,"featured_media":904,"parent":0,"menu_order":0,"comment_status":"closed","ping_status":"closed","template":"","meta":{"_acf_changed":false,"footnotes":""},"sujet":[],"class_list":["post-1593","page","type-page","status-publish","has-post-thumbnail","hentry"],"acf":[],"yoast_head":"<!-- This site is optimized with the Yoast SEO plugin v23.4 - https:\/\/yoast.com\/wordpress\/plugins\/seo\/ -->\n<title>Vacaciones en Disneyland Par\u00eds | Turismo en Disneyland Par\u00eds<\/title>\n<meta name=\"robots\" content=\"index, follow, max-snippet:-1, max-image-preview:large, max-video-preview:-1\" \/>\n<link rel=\"canonical\" href=\"https:\/\/www.camping-jablines.com\/es\/turismo-disneyland-paris\/\" \/>\n<meta property=\"og:locale\" content=\"es_ES\" \/>\n<meta property=\"og:type\" content=\"article\" \/>\n<meta property=\"og:title\" content=\"Vacaciones en Disneyland Par\u00eds | Turismo en Disneyland Par\u00eds\" \/>\n<meta property=\"og:url\" content=\"https:\/\/www.camping-jablines.com\/es\/turismo-disneyland-paris\/\" \/>\n<meta property=\"og:site_name\" content=\"International de Jablines\" \/>\n<meta property=\"article:modified_time\" content=\"2026-02-03T12:20:45+00:00\" \/>\n<meta property=\"og:image\" content=\"https:\/\/www.camping-jablines.com\/wp-content\/uploads\/2022\/12\/base-de-loisirs-proche-jablines.jpg\" \/>\n\t<meta property=\"og:image:width\" content=\"1348\" \/>\n\t<meta property=\"og:image:height\" content=\"670\" \/>\n\t<meta property=\"og:image:type\" content=\"image\/jpeg\" \/>\n<meta name=\"twitter:card\" content=\"summary_large_image\" \/>\n<meta name=\"twitter:label1\" content=\"Tiempo de lectura\" \/>\n\t<meta name=\"twitter:data1\" content=\"2 minutos\" \/>\n<script type=\"application\/ld+json\" class=\"yoast-schema-graph\">{\"@context\":\"https:\/\/schema.org\",\"@graph\":[{\"@type\":\"WebPage\",\"@id\":\"https:\/\/www.camping-jablines.com\/es\/turismo-disneyland-paris\/\",\"url\":\"https:\/\/www.camping-jablines.com\/es\/turismo-disneyland-paris\/\",\"name\":\"Vacaciones en Disneyland Par\u00eds | Turismo en Disneyland Par\u00eds\",\"isPartOf\":{\"@id\":\"https:\/\/www.camping-jablines.com\/#website\"},\"primaryImageOfPage\":{\"@id\":\"https:\/\/www.camping-jablines.com\/es\/turismo-disneyland-paris\/#primaryimage\"},\"image\":{\"@id\":\"https:\/\/www.camping-jablines.com\/es\/turismo-disneyland-paris\/#primaryimage\"},\"thumbnailUrl\":\"https:\/\/www.camping-jablines.com\/wp-content\/uploads\/2022\/12\/base-de-loisirs-proche-jablines.jpg\",\"datePublished\":\"2023-01-10T14:32:35+00:00\",\"dateModified\":\"2026-02-03T12:20:45+00:00\",\"breadcrumb\":{\"@id\":\"https:\/\/www.camping-jablines.com\/es\/turismo-disneyland-paris\/#breadcrumb\"},\"inLanguage\":\"es\",\"potentialAction\":[{\"@type\":\"ReadAction\",\"target\":[\"https:\/\/www.camping-jablines.com\/es\/turismo-disneyland-paris\/\"]}]},{\"@type\":\"ImageObject\",\"inLanguage\":\"es\",\"@id\":\"https:\/\/www.camping-jablines.com\/es\/turismo-disneyland-paris\/#primaryimage\",\"url\":\"https:\/\/www.camping-jablines.com\/wp-content\/uploads\/2022\/12\/base-de-loisirs-proche-jablines.jpg\",\"contentUrl\":\"https:\/\/www.camping-jablines.com\/wp-content\/uploads\/2022\/12\/base-de-loisirs-proche-jablines.jpg\",\"width\":1348,\"height\":670,\"caption\":\"base de loisirs proche de jablines\"},{\"@type\":\"BreadcrumbList\",\"@id\":\"https:\/\/www.camping-jablines.com\/es\/turismo-disneyland-paris\/#breadcrumb\",\"itemListElement\":[{\"@type\":\"ListItem\",\"position\":1,\"name\":\"Camping Seine-et-Marne\",\"item\":\"https:\/\/www.camping-jablines.com\/es\/\"},{\"@type\":\"ListItem\",\"position\":2,\"name\":\"Estancia cerca de Disneyland Par\u00eds\"}]},{\"@type\":\"WebSite\",\"@id\":\"https:\/\/www.camping-jablines.com\/#website\",\"url\":\"https:\/\/www.camping-jablines.com\/\",\"name\":\"International de Jablines\",\"description\":\"\",\"publisher\":{\"@id\":\"https:\/\/www.camping-jablines.com\/#organization\"},\"potentialAction\":[{\"@type\":\"SearchAction\",\"target\":{\"@type\":\"EntryPoint\",\"urlTemplate\":\"https:\/\/www.camping-jablines.com\/?s={search_term_string}\"},\"query-input\":{\"@type\":\"PropertyValueSpecification\",\"valueRequired\":true,\"valueName\":\"search_term_string\"}}],\"inLanguage\":\"es\"},{\"@type\":\"Organization\",\"@id\":\"https:\/\/www.camping-jablines.com\/#organization\",\"name\":\"International de Jablines\",\"alternateName\":\"International de Jablines\",\"url\":\"https:\/\/www.camping-jablines.com\/\",\"logo\":{\"@type\":\"ImageObject\",\"inLanguage\":\"es\",\"@id\":\"https:\/\/www.camping-jablines.com\/#\/schema\/logo\/image\/\",\"url\":\"https:\/\/www.camping-jablines.com\/wp-content\/uploads\/2022\/12\/cropped-favicon.png\",\"contentUrl\":\"https:\/\/www.camping-jablines.com\/wp-content\/uploads\/2022\/12\/cropped-favicon.png\",\"width\":512,\"height\":512,\"caption\":\"International de Jablines\"},\"image\":{\"@id\":\"https:\/\/www.camping-jablines.com\/#\/schema\/logo\/image\/\"}}]}<\/script>\n<!-- \/ Yoast SEO plugin. -->","yoast_head_json":{"title":"Vacaciones en Disneyland Par\u00eds | Turismo en Disneyland Par\u00eds","robots":{"index":"index","follow":"follow","max-snippet":"max-snippet:-1","max-image-preview":"max-image-preview:large","max-video-preview":"max-video-preview:-1"},"canonical":"https:\/\/www.camping-jablines.com\/es\/turismo-disneyland-paris\/","og_locale":"es_ES","og_type":"article","og_title":"Vacaciones en Disneyland Par\u00eds | Turismo en Disneyland Par\u00eds","og_url":"https:\/\/www.camping-jablines.com\/es\/turismo-disneyland-paris\/","og_site_name":"International de Jablines","article_modified_time":"2026-02-03T12:20:45+00:00","og_image":[{"width":1348,"height":670,"url":"https:\/\/www.camping-jablines.com\/wp-content\/uploads\/2022\/12\/base-de-loisirs-proche-jablines.jpg","type":"image\/jpeg"}],"twitter_card":"summary_large_image","twitter_misc":{"Tiempo de lectura":"2 minutos"},"schema":{"@context":"https:\/\/schema.org","@graph":[{"@type":"WebPage","@id":"https:\/\/www.camping-jablines.com\/es\/turismo-disneyland-paris\/","url":"https:\/\/www.camping-jablines.com\/es\/turismo-disneyland-paris\/","name":"Vacaciones en Disneyland Par\u00eds | Turismo en Disneyland Par\u00eds","isPartOf":{"@id":"https:\/\/www.camping-jablines.com\/#website"},"primaryImageOfPage":{"@id":"https:\/\/www.camping-jablines.com\/es\/turismo-disneyland-paris\/#primaryimage"},"image":{"@id":"https:\/\/www.camping-jablines.com\/es\/turismo-disneyland-paris\/#primaryimage"},"thumbnailUrl":"https:\/\/www.camping-jablines.com\/wp-content\/uploads\/2022\/12\/base-de-loisirs-proche-jablines.jpg","datePublished":"2023-01-10T14:32:35+00:00","dateModified":"2026-02-03T12:20:45+00:00","breadcrumb":{"@id":"https:\/\/www.camping-jablines.com\/es\/turismo-disneyland-paris\/#breadcrumb"},"inLanguage":"es","potentialAction":[{"@type":"ReadAction","target":["https:\/\/www.camping-jablines.com\/es\/turismo-disneyland-paris\/"]}]},{"@type":"ImageObject","inLanguage":"es","@id":"https:\/\/www.camping-jablines.com\/es\/turismo-disneyland-paris\/#primaryimage","url":"https:\/\/www.camping-jablines.com\/wp-content\/uploads\/2022\/12\/base-de-loisirs-proche-jablines.jpg","contentUrl":"https:\/\/www.camping-jablines.com\/wp-content\/uploads\/2022\/12\/base-de-loisirs-proche-jablines.jpg","width":1348,"height":670,"caption":"base de loisirs proche de jablines"},{"@type":"BreadcrumbList","@id":"https:\/\/www.camping-jablines.com\/es\/turismo-disneyland-paris\/#breadcrumb","itemListElement":[{"@type":"ListItem","position":1,"name":"Camping Seine-et-Marne","item":"https:\/\/www.camping-jablines.com\/es\/"},{"@type":"ListItem","position":2,"name":"Estancia cerca de Disneyland Par\u00eds"}]},{"@type":"WebSite","@id":"https:\/\/www.camping-jablines.com\/#website","url":"https:\/\/www.camping-jablines.com\/","name":"International de Jablines","description":"","publisher":{"@id":"https:\/\/www.camping-jablines.com\/#organization"},"potentialAction":[{"@type":"SearchAction","target":{"@type":"EntryPoint","urlTemplate":"https:\/\/www.camping-jablines.com\/?s={search_term_string}"},"query-input":{"@type":"PropertyValueSpecification","valueRequired":true,"valueName":"search_term_string"}}],"inLanguage":"es"},{"@type":"Organization","@id":"https:\/\/www.camping-jablines.com\/#organization","name":"International de Jablines","alternateName":"International de Jablines","url":"https:\/\/www.camping-jablines.com\/","logo":{"@type":"ImageObject","inLanguage":"es","@id":"https:\/\/www.camping-jablines.com\/#\/schema\/logo\/image\/","url":"https:\/\/www.camping-jablines.com\/wp-content\/uploads\/2022\/12\/cropped-favicon.png","contentUrl":"https:\/\/www.camping-jablines.com\/wp-content\/uploads\/2022\/12\/cropped-favicon.png","width":512,"height":512,"caption":"International de Jablines"},"image":{"@id":"https:\/\/www.camping-jablines.com\/#\/schema\/logo\/image\/"}}]}},"_links":{"self":[{"href":"https:\/\/www.camping-jablines.com\/es\/wp-json\/wp\/v2\/pages\/1593","targetHints":{"allow":["GET"]}}],"collection":[{"href":"https:\/\/www.camping-jablines.com\/es\/wp-json\/wp\/v2\/pages"}],"about":[{"href":"https:\/\/www.camping-jablines.com\/es\/wp-json\/wp\/v2\/types\/page"}],"author":[{"embeddable":true,"href":"https:\/\/www.camping-jablines.com\/es\/wp-json\/wp\/v2\/users\/1"}],"replies":[{"embeddable":true,"href":"https:\/\/www.camping-jablines.com\/es\/wp-json\/wp\/v2\/comments?post=1593"}],"version-history":[{"count":22,"href":"https:\/\/www.camping-jablines.com\/es\/wp-json\/wp\/v2\/pages\/1593\/revisions"}],"predecessor-version":[{"id":3356,"href":"https:\/\/www.camping-jablines.com\/es\/wp-json\/wp\/v2\/pages\/1593\/revisions\/3356"}],"wp:featuredmedia":[{"embeddable":true,"href":"https:\/\/www.camping-jablines.com\/es\/wp-json\/wp\/v2\/media\/904"}],"wp:attachment":[{"href":"https:\/\/www.camping-jablines.com\/es\/wp-json\/wp\/v2\/media?parent=1593"}],"wp:term":[{"taxonomy":"sujet","embeddable":true,"href":"https:\/\/www.camping-jablines.com\/es\/wp-json\/wp\/v2\/sujet?post=1593"}],"curies":[{"name":"wp","href":"https:\/\/api.w.org\/{rel}","templated":true}]}}