{"id":1680,"date":"2023-01-11T08:49:03","date_gmt":"2023-01-11T07:49:03","guid":{"rendered":"https:\/\/www.camping-jablines.com\/legal-notice\/"},"modified":"2025-10-27T14:49:35","modified_gmt":"2025-10-27T13:49:35","slug":"legal-notice","status":"publish","type":"page","link":"https:\/\/www.camping-jablines.com\/en\/legal-notice\/","title":{"rendered":"Legal information"},"content":{"rendered":"<section id=\"ls-section-block_ba3c7de57fbaa87aa55ca39e1348c027\" class=\"ls-section \" >\n        <div class=\"container container--wide\">\n        \n\n<h1 class=\"ls__heading wp-block-heading has-text-align-center\">Legal Notice<\/h1>\n\n\n\n<h2 class=\"ls__heading wp-block-heading\">Responsible for the site<\/h2>\n\n\n\n<p class=\"ls-paragraph\"><strong>L&#8217;INTERNATIONAL DE JABLINES<br\/><\/strong>Base de Loisirs de Jablines &#8211; 77450 Jablines<br\/>T\u00e9l : 01 60 26 09 37 \/ Fax : 01 60 26 43 33<br\/>E-mail: <a href=\"mailto:%77%65%6c%63%6f%6d%65@%63%61%6d%70%69%6e%67-%6a%61%62%6c%69%6e%65%73.%63%6f%6d\">welcome@camping-jablines.com<\/a><br\/>SIRET : 257 702 977 00022<br\/>APE : 926A<br\/>TVA Intracommunautaire : FR28 257 702 977<br\/>RCS : Meaux B 257 702 977<br\/>Responsable Publication : Cyril MIRA et Fanny LE CHAMPION<\/p>\n\n\n\n<h2 class=\"ls__heading wp-block-heading\">REALIZATION<\/h2>\n\n\n\n<p class=\"ls-paragraph\"><strong>GEEK TONIC<\/strong><br\/>Repr\u00e9sent\u00e9e par M. Yohan Darmayan en sa qualit\u00e9 de G\u00e9rant<br\/>Si\u00e8ge social : 1 ALL PIERRE GEORGES LATECOERE 64200 BIARRITZ<br\/>T\u00e9l : 05 32 74 11 52<br\/>E-mail : support@geek-tonic.com<br\/>Site web : <a href=\"https:\/\/www.geek-tonic.com\/\" target=\"_blank\" rel=\"noreferrer noopener\">www.geek-tonic.com<\/a><br\/>SIRET : 79078282500034<br\/>APE : 6201Z<\/p>\n\n\n\n<h2 class=\"ls__heading wp-block-heading\">COPYRIGHTS AND AUTHOR&#8217;S RIGHTS<\/h2>\n\n\n\n<p class=\"ls-paragraph\">The entire content of this site depends on the copyright and intellectual property of the French legislation. Any reproduction (including photos, icons and downloadable documents) is prohibited without prior agreement from GEEK TONIC. The reproduction on an electronic medium of all or part of the site on a paper or electronic format is prohibited. GEEK TONIC is not responsible for the content on the website. GEEK TONIC also disclaims any responsibility for external links to this site.<\/p>\n\n\n\n<h2 class=\"ls__heading wp-block-heading\" id=\"m-t-6\">PERSONAL DATA AND NOMINATIVE INFORMATION<\/h2>\n\n\n\n<p class=\"ls-paragraph\">You have a right to access, modify, rectify and delete data concerning you according to Article 34 of the Law &#8220;Informatique et Libert\u00e9s&#8221; n\u00b0 78-17 of January 6, 1978, modified on August 6, 2018. To exercise this right of access, you may make a written request to the site editor.<\/p>\n\n\n\n<h2 class=\"ls__heading wp-block-heading\">LEGISLATION<\/h2>\n\n\n\n<p class=\"ls-paragraph\">According to the law of March 11, 1957 (art. 41) and the code of intellectual property of July 1, 1992, it is forbidden to reproduce partially or totally any part of the site without prior authorization of the site editor. Logos, visuals, photos, videos, graphic charts, texts are the property of their respective owners. This site may, without its knowledge, have been linked to other sites through hypermedia links. The editor of the site declines any responsibility for the information presented on these other sites. The Internet user acknowledges that the use of this site is governed by French law.<\/p>\n\n\n    <\/div>\n<\/section>","protected":false},"excerpt":{"rendered":"","protected":false},"author":1,"featured_media":0,"parent":0,"menu_order":0,"comment_status":"closed","ping_status":"closed","template":"","meta":{"_acf_changed":false,"footnotes":""},"sujet":[],"class_list":["post-1680","page","type-page","status-publish","hentry"],"acf":[],"yoast_head":"<!-- This site is optimized with the Yoast SEO plugin v23.4 - https:\/\/yoast.com\/wordpress\/plugins\/seo\/ -->\n<title>Legal Notice - International de Jablines<\/title>\n<meta name=\"robots\" content=\"noindex, nofollow\" \/>\n<meta property=\"og:locale\" content=\"en_US\" \/>\n<meta property=\"og:type\" content=\"article\" \/>\n<meta property=\"og:title\" content=\"Legal Notice - International de Jablines\" \/>\n<meta property=\"og:url\" content=\"https:\/\/www.camping-jablines.com\/en\/legal-notice\/\" \/>\n<meta property=\"og:site_name\" content=\"International de Jablines\" \/>\n<meta property=\"article:modified_time\" content=\"2025-10-27T13:49:35+00:00\" \/>\n<meta name=\"twitter:card\" content=\"summary_large_image\" \/>\n<meta name=\"twitter:label1\" content=\"Est. reading time\" \/>\n\t<meta name=\"twitter:data1\" content=\"2 minutes\" \/>\n<script type=\"application\/ld+json\" class=\"yoast-schema-graph\">{\"@context\":\"https:\/\/schema.org\",\"@graph\":[{\"@type\":\"WebPage\",\"@id\":\"https:\/\/www.camping-jablines.com\/en\/legal-notice\/\",\"url\":\"https:\/\/www.camping-jablines.com\/en\/legal-notice\/\",\"name\":\"Legal Notice - International de Jablines\",\"isPartOf\":{\"@id\":\"https:\/\/www.camping-jablines.com\/#website\"},\"datePublished\":\"2023-01-11T07:49:03+00:00\",\"dateModified\":\"2025-10-27T13:49:35+00:00\",\"breadcrumb\":{\"@id\":\"https:\/\/www.camping-jablines.com\/en\/legal-notice\/#breadcrumb\"},\"inLanguage\":\"en-US\",\"potentialAction\":[{\"@type\":\"ReadAction\",\"target\":[\"https:\/\/www.camping-jablines.com\/en\/legal-notice\/\"]}]},{\"@type\":\"BreadcrumbList\",\"@id\":\"https:\/\/www.camping-jablines.com\/en\/legal-notice\/#breadcrumb\",\"itemListElement\":[{\"@type\":\"ListItem\",\"position\":1,\"name\":\"Camping Seine-et-Marne\",\"item\":\"https:\/\/www.camping-jablines.com\/en\/\"},{\"@type\":\"ListItem\",\"position\":2,\"name\":\"Legal information\"}]},{\"@type\":\"WebSite\",\"@id\":\"https:\/\/www.camping-jablines.com\/#website\",\"url\":\"https:\/\/www.camping-jablines.com\/\",\"name\":\"International de Jablines\",\"description\":\"\",\"publisher\":{\"@id\":\"https:\/\/www.camping-jablines.com\/#organization\"},\"potentialAction\":[{\"@type\":\"SearchAction\",\"target\":{\"@type\":\"EntryPoint\",\"urlTemplate\":\"https:\/\/www.camping-jablines.com\/?s={search_term_string}\"},\"query-input\":{\"@type\":\"PropertyValueSpecification\",\"valueRequired\":true,\"valueName\":\"search_term_string\"}}],\"inLanguage\":\"en-US\"},{\"@type\":\"Organization\",\"@id\":\"https:\/\/www.camping-jablines.com\/#organization\",\"name\":\"International de Jablines\",\"alternateName\":\"International de Jablines\",\"url\":\"https:\/\/www.camping-jablines.com\/\",\"logo\":{\"@type\":\"ImageObject\",\"inLanguage\":\"en-US\",\"@id\":\"https:\/\/www.camping-jablines.com\/#\/schema\/logo\/image\/\",\"url\":\"https:\/\/www.camping-jablines.com\/wp-content\/uploads\/2022\/12\/cropped-favicon.png\",\"contentUrl\":\"https:\/\/www.camping-jablines.com\/wp-content\/uploads\/2022\/12\/cropped-favicon.png\",\"width\":512,\"height\":512,\"caption\":\"International de Jablines\"},\"image\":{\"@id\":\"https:\/\/www.camping-jablines.com\/#\/schema\/logo\/image\/\"}}]}<\/script>\n<!-- \/ Yoast SEO plugin. -->","yoast_head_json":{"title":"Legal Notice - International de Jablines","robots":{"index":"noindex","follow":"nofollow"},"og_locale":"en_US","og_type":"article","og_title":"Legal Notice - International de Jablines","og_url":"https:\/\/www.camping-jablines.com\/en\/legal-notice\/","og_site_name":"International de Jablines","article_modified_time":"2025-10-27T13:49:35+00:00","twitter_card":"summary_large_image","twitter_misc":{"Est. reading time":"2 minutes"},"schema":{"@context":"https:\/\/schema.org","@graph":[{"@type":"WebPage","@id":"https:\/\/www.camping-jablines.com\/en\/legal-notice\/","url":"https:\/\/www.camping-jablines.com\/en\/legal-notice\/","name":"Legal Notice - International de Jablines","isPartOf":{"@id":"https:\/\/www.camping-jablines.com\/#website"},"datePublished":"2023-01-11T07:49:03+00:00","dateModified":"2025-10-27T13:49:35+00:00","breadcrumb":{"@id":"https:\/\/www.camping-jablines.com\/en\/legal-notice\/#breadcrumb"},"inLanguage":"en-US","potentialAction":[{"@type":"ReadAction","target":["https:\/\/www.camping-jablines.com\/en\/legal-notice\/"]}]},{"@type":"BreadcrumbList","@id":"https:\/\/www.camping-jablines.com\/en\/legal-notice\/#breadcrumb","itemListElement":[{"@type":"ListItem","position":1,"name":"Camping Seine-et-Marne","item":"https:\/\/www.camping-jablines.com\/en\/"},{"@type":"ListItem","position":2,"name":"Legal information"}]},{"@type":"WebSite","@id":"https:\/\/www.camping-jablines.com\/#website","url":"https:\/\/www.camping-jablines.com\/","name":"International de Jablines","description":"","publisher":{"@id":"https:\/\/www.camping-jablines.com\/#organization"},"potentialAction":[{"@type":"SearchAction","target":{"@type":"EntryPoint","urlTemplate":"https:\/\/www.camping-jablines.com\/?s={search_term_string}"},"query-input":{"@type":"PropertyValueSpecification","valueRequired":true,"valueName":"search_term_string"}}],"inLanguage":"en-US"},{"@type":"Organization","@id":"https:\/\/www.camping-jablines.com\/#organization","name":"International de Jablines","alternateName":"International de Jablines","url":"https:\/\/www.camping-jablines.com\/","logo":{"@type":"ImageObject","inLanguage":"en-US","@id":"https:\/\/www.camping-jablines.com\/#\/schema\/logo\/image\/","url":"https:\/\/www.camping-jablines.com\/wp-content\/uploads\/2022\/12\/cropped-favicon.png","contentUrl":"https:\/\/www.camping-jablines.com\/wp-content\/uploads\/2022\/12\/cropped-favicon.png","width":512,"height":512,"caption":"International de Jablines"},"image":{"@id":"https:\/\/www.camping-jablines.com\/#\/schema\/logo\/image\/"}}]}},"_links":{"self":[{"href":"https:\/\/www.camping-jablines.com\/en\/wp-json\/wp\/v2\/pages\/1680","targetHints":{"allow":["GET"]}}],"collection":[{"href":"https:\/\/www.camping-jablines.com\/en\/wp-json\/wp\/v2\/pages"}],"about":[{"href":"https:\/\/www.camping-jablines.com\/en\/wp-json\/wp\/v2\/types\/page"}],"author":[{"embeddable":true,"href":"https:\/\/www.camping-jablines.com\/en\/wp-json\/wp\/v2\/users\/1"}],"replies":[{"embeddable":true,"href":"https:\/\/www.camping-jablines.com\/en\/wp-json\/wp\/v2\/comments?post=1680"}],"version-history":[{"count":3,"href":"https:\/\/www.camping-jablines.com\/en\/wp-json\/wp\/v2\/pages\/1680\/revisions"}],"predecessor-version":[{"id":3200,"href":"https:\/\/www.camping-jablines.com\/en\/wp-json\/wp\/v2\/pages\/1680\/revisions\/3200"}],"wp:attachment":[{"href":"https:\/\/www.camping-jablines.com\/en\/wp-json\/wp\/v2\/media?parent=1680"}],"wp:term":[{"taxonomy":"sujet","embeddable":true,"href":"https:\/\/www.camping-jablines.com\/en\/wp-json\/wp\/v2\/sujet?post=1680"}],"curies":[{"name":"wp","href":"https:\/\/api.w.org\/{rel}","templated":true}]}}