{"id":1684,"date":"2023-01-11T10:03:03","date_gmt":"2023-01-11T09:03:03","guid":{"rendered":"https:\/\/www.camping-jablines.com\/turismus-disneyland-paris\/"},"modified":"2026-02-03T13:20:15","modified_gmt":"2026-02-03T12:20:15","slug":"turismus-disneyland-paris","status":"publish","type":"page","link":"https:\/\/www.camping-jablines.com\/de\/turismus-disneyland-paris\/","title":{"rendered":"Disneyland Par\u00eds"},"content":{"rendered":"<section id=\"ls-section-block_cbfe562bc8f543acbc618e3c40266eab\" class=\"ls-section  home-first page-un\" >\n        <div class=\"container container--wide\">\n        \n\n<div class=\"wp-block-columns home-first page-un is-layout-flex wp-container-core-columns-is-layout-9d6595d7 wp-block-columns-is-layout-flex\">\n<div class=\"wp-block-column is-vertically-aligned-center is-layout-flow wp-block-column-is-layout-flow\" style=\"flex-basis:50%\"><div class=\"wp-block-image animated fadeInLeft slow\">\n<figure class=\"aligncenter size-large\"><a href=\"https:\/\/www.camping-jablines.com\/wp-content\/uploads\/2025\/01\/DisneylandParis_KV_Famille_1080x1080-1024x1024.jpg\"><img decoding=\"async\" width=\"1024\" height=\"1024\" src=\"https:\/\/www.camping-jablines.com\/wp-content\/uploads\/2025\/01\/DisneylandParis_KV_Famille_1080x1080-1024x1024.jpg\" alt=\"\" class=\"wp-image-2994\" srcset=\"https:\/\/www.camping-jablines.com\/wp-content\/uploads\/2025\/01\/DisneylandParis_KV_Famille_1080x1080-1024x1024.jpg 1024w, https:\/\/www.camping-jablines.com\/wp-content\/uploads\/2025\/01\/DisneylandParis_KV_Famille_1080x1080-300x300.jpg 300w, https:\/\/www.camping-jablines.com\/wp-content\/uploads\/2025\/01\/DisneylandParis_KV_Famille_1080x1080-150x150.jpg 150w, https:\/\/www.camping-jablines.com\/wp-content\/uploads\/2025\/01\/DisneylandParis_KV_Famille_1080x1080-768x768.jpg 768w, https:\/\/www.camping-jablines.com\/wp-content\/uploads\/2025\/01\/DisneylandParis_KV_Famille_1080x1080.jpg 1080w\" sizes=\"(max-width: 1024px) 100vw, 1024px\" \/><\/a><\/figure>\n<\/div><\/div>\n\n\n\n<div class=\"wp-block-column is-vertically-aligned-center colonne-second animated fadeInRight slow delay-100ms is-layout-flow wp-block-column-is-layout-flow\" style=\"flex-basis:50%\">\n<h1 class=\"ls__heading wp-block-heading has-text-align-left home-first\">TICKET EIN WARTEN A LA RECEPTION<\/h1>\n\n\n\n<p class=\"ls-paragraph\"><\/p>\n\n\n\n<p class=\"ls-paragraph\">Bestehend aus zwei Themenparks in Th\u00e8mes, <strong>Park Disneyland\u00ae<\/strong> und <strong>Disney\u00ae Adventure World<\/strong>, durchdrungen von Fantasie, Vorstellungskraft und Abenteuer, bietet Ihnen ein einzigartiges Erlebnis in einer immersiven Welt voller Magie. a18&gt; einzigartiges Erlebnis und eintauchen Sie in Sie bietet mehr als 50 Attraktionen, eine Vielzahl atemberaubender Gesch\u00e4fte und Restaurants, Shows die man nicht verpassen sollte a31&gt; und nat\u00fcrlich Begegnungen mit den Figuren von Disney und Pixar &#8211; Marvel die ber\u00fchmtesten.<\/p>\n\n\n\n<p class=\"ls-paragraph\"><\/p>\n<\/div>\n<\/div>\n\n\n    <\/div>\n<\/section><section id=\"ls-section-block_2f7772f105593b259d51cf3a06d8d02e\" class=\"ls-section  disney m-t-0 page-two p-b-10 page-deux\" >\n        <div class=\"container container--wide\">\n        \n\n<div class=\"wp-block-columns is-layout-flex wp-container-core-columns-is-layout-9d6595d7 wp-block-columns-is-layout-flex\">\n<div class=\"wp-block-column is-layout-flow wp-block-column-is-layout-flow\">\n<h2 class=\"ls__heading wp-block-heading\"><strong>Disney\u00ae Adventure World<\/strong> : <strong>DIE WELT DER SCHNEEK\u00d6NIGIN<\/strong><\/h2>\n\n\n\n<p class=\"ls-paragraph\">Willkommen in einer au\u00dfergew\u00f6hnlichen Welt! Entdecken Sie die Welt der S<strong>chneek\u00f6nigin,<\/strong> sobald der <strong>Disney\u00ae Adventure World Park <\/strong>am 29. M\u00e4rz 2026 im<strong> Disneyland\u00ae Paris <\/strong>er\u00f6ffnet wird. <\/p>\n\n\n\n<p class=\"ls-paragraph\">Wecken Sie Ihren Abenteuergeist und tauchen Sie ein in die Geschichten von Disney, Pixar und MARVEL, die Sie lieben, in au\u00dfergew\u00f6hnlichen und immersiven Welten \u2013 darunter die brandneue Welt von Frozen. Und entdecken Sie im Herzen Ihrer Reise den Adventure Way, eine pr\u00e4chtige Promenade, die als Kulisse f\u00fcr eine brandneue, atemberaubende Abendshow dient. <\/p>\n<\/div>\n\n\n\n<div class=\"wp-block-column is-layout-flow wp-block-column-is-layout-flow\">\n<figure class=\"wp-block-image size-full\"><img decoding=\"async\" width=\"394\" height=\"325\" src=\"https:\/\/www.camping-jablines.com\/wp-content\/uploads\/2022\/12\/Le-Monde-de-la-Reine-des-Neiges-Annonce-date-ouverture-394x325px.jpg\" alt=\"\" class=\"wp-image-3332\" srcset=\"https:\/\/www.camping-jablines.com\/wp-content\/uploads\/2022\/12\/Le-Monde-de-la-Reine-des-Neiges-Annonce-date-ouverture-394x325px.jpg 394w, https:\/\/www.camping-jablines.com\/wp-content\/uploads\/2022\/12\/Le-Monde-de-la-Reine-des-Neiges-Annonce-date-ouverture-394x325px-300x247.jpg 300w\" sizes=\"(max-width: 394px) 100vw, 394px\" \/><\/figure>\n<\/div>\n<\/div>\n\n\n    <\/div>\n<\/section><section id=\"ls-section-block_5928791058038970dd1a381d21abaa66\" class=\"ls-section  home-third fade-background page-two page-trois has-parallax\" >\n        <div class=\"container container--wide\">\n        \n\n<div class=\"wp-block-columns is-layout-flex wp-container-core-columns-is-layout-9d6595d7 wp-block-columns-is-layout-flex\">\n<div class=\"wp-block-column is-layout-flow wp-block-column-is-layout-flow\" style=\"flex-basis:50%\">\n<figure class=\"wp-block-image size-large\"><img decoding=\"async\" width=\"819\" height=\"1024\" src=\"https:\/\/www.camping-jablines.com\/wp-content\/uploads\/2022\/12\/Banner_DAW_1080x1350_B2B_UK_AvecDate-819x1024.webp\" alt=\"\" class=\"wp-image-3327\" srcset=\"https:\/\/www.camping-jablines.com\/wp-content\/uploads\/2022\/12\/Banner_DAW_1080x1350_B2B_UK_AvecDate-819x1024.webp 819w, https:\/\/www.camping-jablines.com\/wp-content\/uploads\/2022\/12\/Banner_DAW_1080x1350_B2B_UK_AvecDate-240x300.webp 240w, https:\/\/www.camping-jablines.com\/wp-content\/uploads\/2022\/12\/Banner_DAW_1080x1350_B2B_UK_AvecDate-768x960.webp 768w, https:\/\/www.camping-jablines.com\/wp-content\/uploads\/2022\/12\/Banner_DAW_1080x1350_B2B_UK_AvecDate-1229x1536.webp 1229w, https:\/\/www.camping-jablines.com\/wp-content\/uploads\/2022\/12\/Banner_DAW_1080x1350_B2B_UK_AvecDate-1638x2048.webp 1638w, https:\/\/www.camping-jablines.com\/wp-content\/uploads\/2022\/12\/Banner_DAW_1080x1350_B2B_UK_AvecDate.webp 1920w\" sizes=\"(max-width: 819px) 100vw, 819px\" \/><\/figure>\n<\/div>\n\n\n\n<div class=\"wp-block-column is-vertically-aligned-center animated fadeInRight slow is-layout-flow wp-block-column-is-layout-flow\" style=\"flex-basis:50%\">\n<div class=\"wp-block-columns are-vertically-aligned-center is-layout-flex wp-container-core-columns-is-layout-9d6595d7 wp-block-columns-is-layout-flex\">\n<div class=\"wp-block-column is-vertically-aligned-center is-layout-flow wp-block-column-is-layout-flow\">\n<div class=\"wp-block-columns column-content is-layout-flex wp-container-core-columns-is-layout-9d6595d7 wp-block-columns-is-layout-flex\">\n<div class=\"wp-block-column is-layout-flow wp-block-column-is-layout-flow\">\n<h2 class=\"ls__heading wp-block-heading m-t-0 has-color-white-color has-text-color\"><\/h2>\n\n\n\n<p class=\"ls-paragraph\"><mark style=\"background-color:rgba(0, 0, 0, 0)\" class=\"has-inline-color has-color-white-color\">Du m\u00f6chtest ins Disneyland\u00ae Paris reisen und nicht zu weit weg wohnen?<\/mark><\/p>\n\n\n\n<p class=\"ls-paragraph\"><mark style=\"background-color:rgba(0, 0, 0, 0)\" class=\"has-inline-color has-color-white-color\">Unsere <strong>geografische Lage ist ideal<\/strong>, um hierher zu kommen und ein paar Tage zu verbringen! <\/mark><\/p>\n\n\n\n<p class=\"ls-paragraph\"><mark style=\"background-color:rgba(0, 0, 0, 0)\" class=\"has-inline-color has-color-white-color\">Nur 9 km entfernt, freuen wir uns, Sie inmitten <strong>der Natur in Ruhe<\/strong> und Frieden begr\u00fc\u00dfen zu d\u00fcrfen. <\/mark><\/p>\n\n\n\n<p class=\"ls-paragraph\"><mark style=\"background-color:rgba(0, 0, 0, 0)\" class=\"has-inline-color has-color-white-color\">Kein Bedarf an seinem Auto. Der \u00f6ffentliche Bus Nr. 2263 vom Campingplatz aus f\u00e4hrt zu den Disney\u00ae Parks<\/mark> <mark style=\"background-color:rgba(0, 0, 0, 0)\" class=\"has-inline-color has-color-white-color\">jeden Tag in nur 20 Minuten<\/mark><\/p>\n\n\n\n<p class=\"ls-paragraph\"><\/p>\n\n\n\n<p class=\"ls-paragraph\"><\/p>\n\n\n\n<p class=\"ls-paragraph\"><\/p>\n\n\n\n<p class=\"ls-paragraph\"><\/p>\n\n\n\n<p class=\"ls-paragraph has-small-font-size\"><strong>Photos: \u00a9Disney et \u00a9 2022 MARVEL<\/strong><\/p>\n\n\n\n<p class=\"ls-paragraph\"><\/p>\n<\/div>\n<\/div>\n<\/div>\n<\/div>\n<\/div>\n<\/div>\n\n\n    <\/div>\n<\/section><section id=\"ls-section-block_5b2f232b4b84cc97ace15823c1480560\" class=\"ls-section \" >\n        <div class=\"container container--wide\">\n        \n\n<div id=\"ls-heading ls-titre-div-block_f0a782d9bbb7c08ce1b459970941a589\" class=\"ls-titre-div h2-like\" >\n    Entdecken Sie die Umgebung unseres Camping<\/div>\n\n\n<div id=\"ls-maillage-block_69c055ec1d67af3a6e0ac3f0afc15d29\" class=\"ls-maillage cta-style-normal\" data-rows=\"3\">\n    <div class=\"wp-block-columns\"><div class=\"wp-block-column\">\n\n<a href=\"https:\/\/www.camping-jablines.com\/de\/tourismus-ile-de-france\/\" target=\"\" rel=\"noopener\" class=\"ls-cta__link\">\n\n\t<div class=\"ls-cta__image\"><img decoding=\"async\" src=\"https:\/\/www.camping-jablines.com\/wp-content\/uploads\/2022\/12\/base-de-loisirs-proche-jablines-768x382.jpg\" alt=\"base de loisirs proche de jablines\"><\/div>\n\t<div class=\"ls-cta__title\">\n\t\tWas man in der Umgebung des Campingplatzes unternehmen kann\t<\/div>\n\n\t\t\n<\/a><\/div><div class=\"wp-block-column\">\n\n<a href=\"https:\/\/www.camping-jablines.com\/de\/camping-freizeitzentrum-paris\/\" target=\"\" rel=\"noopener\" class=\"ls-cta__link\">\n\n\t<div class=\"ls-cta__image\"><img decoding=\"async\" src=\"https:\/\/www.camping-jablines.com\/wp-content\/uploads\/2022\/12\/Camping-International-des-Jablines_AXELMARONI-13_0-768x576.jpg\" alt=\"\"><\/div>\n\t<div class=\"ls-cta__title\">\n\t\tDie Freizeitanlage\t<\/div>\n\n\t\t\n<\/a><\/div><div class=\"wp-block-column\">\n\n<a href=\"https:\/\/www.camping-jablines.com\/de\/tourismus-paris\/\" target=\"\" rel=\"noopener\" class=\"ls-cta__link\">\n\n\t<div class=\"ls-cta__image\"><img decoding=\"async\" src=\"https:\/\/www.camping-jablines.com\/wp-content\/uploads\/2022\/12\/arc-de-triomphe-paris-768x576.jpg\" alt=\"arc de triomphe paris\"><\/div>\n\t<div class=\"ls-cta__title\">\n\t\tParis\t<\/div>\n\n\t\t\n<\/a><\/div><\/div><\/div>\n\n    <\/div>\n<\/section>","protected":false},"excerpt":{"rendered":"","protected":false},"author":1,"featured_media":903,"parent":0,"menu_order":0,"comment_status":"closed","ping_status":"closed","template":"","meta":{"_acf_changed":false,"footnotes":""},"sujet":[],"class_list":["post-1684","page","type-page","status-publish","has-post-thumbnail","hentry"],"acf":[],"yoast_head":"<!-- This site is optimized with the Yoast SEO plugin v23.4 - https:\/\/yoast.com\/wordpress\/plugins\/seo\/ -->\n<title>Urlaub in Disneyland Paris | Tourismus in Disneyland Paris<\/title>\n<meta name=\"robots\" content=\"index, follow, max-snippet:-1, max-image-preview:large, max-video-preview:-1\" \/>\n<link rel=\"canonical\" href=\"https:\/\/www.camping-jablines.com\/de\/turismus-disneyland-paris\/\" \/>\n<meta property=\"og:locale\" content=\"de_DE\" \/>\n<meta property=\"og:type\" content=\"article\" \/>\n<meta property=\"og:title\" content=\"Urlaub in Disneyland Paris | Tourismus in Disneyland Paris\" \/>\n<meta property=\"og:url\" content=\"https:\/\/www.camping-jablines.com\/de\/turismus-disneyland-paris\/\" \/>\n<meta property=\"og:site_name\" content=\"International de Jablines\" \/>\n<meta property=\"article:modified_time\" content=\"2026-02-03T12:20:15+00:00\" \/>\n<meta property=\"og:image\" content=\"https:\/\/www.camping-jablines.com\/wp-content\/uploads\/2022\/12\/base-de-loisirs-proche-jablines.jpg\" \/>\n\t<meta property=\"og:image:width\" content=\"1348\" \/>\n\t<meta property=\"og:image:height\" content=\"670\" \/>\n\t<meta property=\"og:image:type\" content=\"image\/jpeg\" \/>\n<meta name=\"twitter:card\" content=\"summary_large_image\" \/>\n<meta name=\"twitter:label1\" content=\"Gesch\u00e4tzte Lesezeit\" \/>\n\t<meta name=\"twitter:data1\" content=\"2\u00a0Minuten\" \/>\n<script type=\"application\/ld+json\" class=\"yoast-schema-graph\">{\"@context\":\"https:\/\/schema.org\",\"@graph\":[{\"@type\":\"WebPage\",\"@id\":\"https:\/\/www.camping-jablines.com\/de\/turismus-disneyland-paris\/\",\"url\":\"https:\/\/www.camping-jablines.com\/de\/turismus-disneyland-paris\/\",\"name\":\"Urlaub in Disneyland Paris | Tourismus in Disneyland Paris\",\"isPartOf\":{\"@id\":\"https:\/\/www.camping-jablines.com\/#website\"},\"primaryImageOfPage\":{\"@id\":\"https:\/\/www.camping-jablines.com\/de\/turismus-disneyland-paris\/#primaryimage\"},\"image\":{\"@id\":\"https:\/\/www.camping-jablines.com\/de\/turismus-disneyland-paris\/#primaryimage\"},\"thumbnailUrl\":\"https:\/\/www.camping-jablines.com\/wp-content\/uploads\/2022\/12\/base-de-loisirs-proche-jablines.jpg\",\"datePublished\":\"2023-01-11T09:03:03+00:00\",\"dateModified\":\"2026-02-03T12:20:15+00:00\",\"breadcrumb\":{\"@id\":\"https:\/\/www.camping-jablines.com\/de\/turismus-disneyland-paris\/#breadcrumb\"},\"inLanguage\":\"de\",\"potentialAction\":[{\"@type\":\"ReadAction\",\"target\":[\"https:\/\/www.camping-jablines.com\/de\/turismus-disneyland-paris\/\"]}]},{\"@type\":\"ImageObject\",\"inLanguage\":\"de\",\"@id\":\"https:\/\/www.camping-jablines.com\/de\/turismus-disneyland-paris\/#primaryimage\",\"url\":\"https:\/\/www.camping-jablines.com\/wp-content\/uploads\/2022\/12\/base-de-loisirs-proche-jablines.jpg\",\"contentUrl\":\"https:\/\/www.camping-jablines.com\/wp-content\/uploads\/2022\/12\/base-de-loisirs-proche-jablines.jpg\",\"width\":1348,\"height\":670,\"caption\":\"base de loisirs proche de jablines\"},{\"@type\":\"BreadcrumbList\",\"@id\":\"https:\/\/www.camping-jablines.com\/de\/turismus-disneyland-paris\/#breadcrumb\",\"itemListElement\":[{\"@type\":\"ListItem\",\"position\":1,\"name\":\"Camping Seine-et-Marne\",\"item\":\"https:\/\/www.camping-jablines.com\/de\/\"},{\"@type\":\"ListItem\",\"position\":2,\"name\":\"Aufenthalt in der N\u00e4he von Disneyland Paris\"}]},{\"@type\":\"WebSite\",\"@id\":\"https:\/\/www.camping-jablines.com\/#website\",\"url\":\"https:\/\/www.camping-jablines.com\/\",\"name\":\"International de Jablines\",\"description\":\"\",\"publisher\":{\"@id\":\"https:\/\/www.camping-jablines.com\/#organization\"},\"potentialAction\":[{\"@type\":\"SearchAction\",\"target\":{\"@type\":\"EntryPoint\",\"urlTemplate\":\"https:\/\/www.camping-jablines.com\/?s={search_term_string}\"},\"query-input\":{\"@type\":\"PropertyValueSpecification\",\"valueRequired\":true,\"valueName\":\"search_term_string\"}}],\"inLanguage\":\"de\"},{\"@type\":\"Organization\",\"@id\":\"https:\/\/www.camping-jablines.com\/#organization\",\"name\":\"International de Jablines\",\"alternateName\":\"International de Jablines\",\"url\":\"https:\/\/www.camping-jablines.com\/\",\"logo\":{\"@type\":\"ImageObject\",\"inLanguage\":\"de\",\"@id\":\"https:\/\/www.camping-jablines.com\/#\/schema\/logo\/image\/\",\"url\":\"https:\/\/www.camping-jablines.com\/wp-content\/uploads\/2022\/12\/cropped-favicon.png\",\"contentUrl\":\"https:\/\/www.camping-jablines.com\/wp-content\/uploads\/2022\/12\/cropped-favicon.png\",\"width\":512,\"height\":512,\"caption\":\"International de Jablines\"},\"image\":{\"@id\":\"https:\/\/www.camping-jablines.com\/#\/schema\/logo\/image\/\"}}]}<\/script>\n<!-- \/ Yoast SEO plugin. -->","yoast_head_json":{"title":"Urlaub in Disneyland Paris | Tourismus in Disneyland Paris","robots":{"index":"index","follow":"follow","max-snippet":"max-snippet:-1","max-image-preview":"max-image-preview:large","max-video-preview":"max-video-preview:-1"},"canonical":"https:\/\/www.camping-jablines.com\/de\/turismus-disneyland-paris\/","og_locale":"de_DE","og_type":"article","og_title":"Urlaub in Disneyland Paris | Tourismus in Disneyland Paris","og_url":"https:\/\/www.camping-jablines.com\/de\/turismus-disneyland-paris\/","og_site_name":"International de Jablines","article_modified_time":"2026-02-03T12:20:15+00:00","og_image":[{"width":1348,"height":670,"url":"https:\/\/www.camping-jablines.com\/wp-content\/uploads\/2022\/12\/base-de-loisirs-proche-jablines.jpg","type":"image\/jpeg"}],"twitter_card":"summary_large_image","twitter_misc":{"Gesch\u00e4tzte Lesezeit":"2\u00a0Minuten"},"schema":{"@context":"https:\/\/schema.org","@graph":[{"@type":"WebPage","@id":"https:\/\/www.camping-jablines.com\/de\/turismus-disneyland-paris\/","url":"https:\/\/www.camping-jablines.com\/de\/turismus-disneyland-paris\/","name":"Urlaub in Disneyland Paris | Tourismus in Disneyland Paris","isPartOf":{"@id":"https:\/\/www.camping-jablines.com\/#website"},"primaryImageOfPage":{"@id":"https:\/\/www.camping-jablines.com\/de\/turismus-disneyland-paris\/#primaryimage"},"image":{"@id":"https:\/\/www.camping-jablines.com\/de\/turismus-disneyland-paris\/#primaryimage"},"thumbnailUrl":"https:\/\/www.camping-jablines.com\/wp-content\/uploads\/2022\/12\/base-de-loisirs-proche-jablines.jpg","datePublished":"2023-01-11T09:03:03+00:00","dateModified":"2026-02-03T12:20:15+00:00","breadcrumb":{"@id":"https:\/\/www.camping-jablines.com\/de\/turismus-disneyland-paris\/#breadcrumb"},"inLanguage":"de","potentialAction":[{"@type":"ReadAction","target":["https:\/\/www.camping-jablines.com\/de\/turismus-disneyland-paris\/"]}]},{"@type":"ImageObject","inLanguage":"de","@id":"https:\/\/www.camping-jablines.com\/de\/turismus-disneyland-paris\/#primaryimage","url":"https:\/\/www.camping-jablines.com\/wp-content\/uploads\/2022\/12\/base-de-loisirs-proche-jablines.jpg","contentUrl":"https:\/\/www.camping-jablines.com\/wp-content\/uploads\/2022\/12\/base-de-loisirs-proche-jablines.jpg","width":1348,"height":670,"caption":"base de loisirs proche de jablines"},{"@type":"BreadcrumbList","@id":"https:\/\/www.camping-jablines.com\/de\/turismus-disneyland-paris\/#breadcrumb","itemListElement":[{"@type":"ListItem","position":1,"name":"Camping Seine-et-Marne","item":"https:\/\/www.camping-jablines.com\/de\/"},{"@type":"ListItem","position":2,"name":"Aufenthalt in der N\u00e4he von Disneyland Paris"}]},{"@type":"WebSite","@id":"https:\/\/www.camping-jablines.com\/#website","url":"https:\/\/www.camping-jablines.com\/","name":"International de Jablines","description":"","publisher":{"@id":"https:\/\/www.camping-jablines.com\/#organization"},"potentialAction":[{"@type":"SearchAction","target":{"@type":"EntryPoint","urlTemplate":"https:\/\/www.camping-jablines.com\/?s={search_term_string}"},"query-input":{"@type":"PropertyValueSpecification","valueRequired":true,"valueName":"search_term_string"}}],"inLanguage":"de"},{"@type":"Organization","@id":"https:\/\/www.camping-jablines.com\/#organization","name":"International de Jablines","alternateName":"International de Jablines","url":"https:\/\/www.camping-jablines.com\/","logo":{"@type":"ImageObject","inLanguage":"de","@id":"https:\/\/www.camping-jablines.com\/#\/schema\/logo\/image\/","url":"https:\/\/www.camping-jablines.com\/wp-content\/uploads\/2022\/12\/cropped-favicon.png","contentUrl":"https:\/\/www.camping-jablines.com\/wp-content\/uploads\/2022\/12\/cropped-favicon.png","width":512,"height":512,"caption":"International de Jablines"},"image":{"@id":"https:\/\/www.camping-jablines.com\/#\/schema\/logo\/image\/"}}]}},"_links":{"self":[{"href":"https:\/\/www.camping-jablines.com\/de\/wp-json\/wp\/v2\/pages\/1684","targetHints":{"allow":["GET"]}}],"collection":[{"href":"https:\/\/www.camping-jablines.com\/de\/wp-json\/wp\/v2\/pages"}],"about":[{"href":"https:\/\/www.camping-jablines.com\/de\/wp-json\/wp\/v2\/types\/page"}],"author":[{"embeddable":true,"href":"https:\/\/www.camping-jablines.com\/de\/wp-json\/wp\/v2\/users\/1"}],"replies":[{"embeddable":true,"href":"https:\/\/www.camping-jablines.com\/de\/wp-json\/wp\/v2\/comments?post=1684"}],"version-history":[{"count":22,"href":"https:\/\/www.camping-jablines.com\/de\/wp-json\/wp\/v2\/pages\/1684\/revisions"}],"predecessor-version":[{"id":3354,"href":"https:\/\/www.camping-jablines.com\/de\/wp-json\/wp\/v2\/pages\/1684\/revisions\/3354"}],"wp:featuredmedia":[{"embeddable":true,"href":"https:\/\/www.camping-jablines.com\/de\/wp-json\/wp\/v2\/media\/903"}],"wp:attachment":[{"href":"https:\/\/www.camping-jablines.com\/de\/wp-json\/wp\/v2\/media?parent=1684"}],"wp:term":[{"taxonomy":"sujet","embeddable":true,"href":"https:\/\/www.camping-jablines.com\/de\/wp-json\/wp\/v2\/sujet?post=1684"}],"curies":[{"name":"wp","href":"https:\/\/api.w.org\/{rel}","templated":true}]}}