{"id":1675,"date":"2023-01-11T08:39:09","date_gmt":"2023-01-11T07:39:09","guid":{"rendered":"https:\/\/www.camping-jablines.com\/kontakt-acces\/"},"modified":"2025-10-27T14:27:17","modified_gmt":"2025-10-27T13:27:17","slug":"kontakt-acces","status":"publish","type":"page","link":"https:\/\/www.camping-jablines.com\/de\/kontakt-acces\/","title":{"rendered":"Kontakte und Zugang"},"content":{"rendered":"<section id=\"ls-section-block_27aedbf2475320eb0122b96d23917942\" class=\"ls-section  m-t-0\" >\n        <div class=\"container container--wide\">\n        \n\n<h1 class=\"ls__heading wp-block-heading has-text-align-center m-b-3\">Kontakt und Wegbeschreibung<\/h1>\n\n\n\n<div class=\"wp-block-columns is-layout-flex wp-container-core-columns-is-layout-9d6595d7 wp-block-columns-is-layout-flex\">\n<div class=\"wp-block-column is-vertically-aligned-center is-layout-flow wp-block-column-is-layout-flow\">\n<div class=\"wpcf7 no-js\" id=\"wpcf7-f6-o1\" lang=\"fr-FR\" dir=\"ltr\">\n<div class=\"screen-reader-response\"><p role=\"status\" aria-live=\"polite\" aria-atomic=\"true\"><\/p> <ul><\/ul><\/div>\n<form action=\"\/de\/wp-json\/wp\/v2\/pages\/1675#wpcf7-f6-o1\" method=\"post\" class=\"wpcf7-form init\" id=\"formulaire-contact\" aria-label=\"Formulaire de contact\" novalidate=\"novalidate\" data-status=\"init\">\n<div style=\"display: none;\">\n<input type=\"hidden\" name=\"_wpcf7\" value=\"6\" \/>\n<input type=\"hidden\" name=\"_wpcf7_version\" value=\"5.9.8\" \/>\n<input type=\"hidden\" name=\"_wpcf7_locale\" value=\"fr_FR\" \/>\n<input type=\"hidden\" name=\"_wpcf7_unit_tag\" value=\"wpcf7-f6-o1\" \/>\n<input type=\"hidden\" name=\"_wpcf7_container_post\" value=\"0\" \/>\n<input type=\"hidden\" name=\"_wpcf7_posted_data_hash\" value=\"\" \/>\n<input type=\"hidden\" name=\"_wpcf7_recaptcha_response\" value=\"\" \/>\n<\/div>\n<p><label> Votre nom<br \/>\n<span class=\"wpcf7-form-control-wrap\" data-name=\"your-name\"><input size=\"40\" maxlength=\"400\" class=\"wpcf7-form-control wpcf7-text wpcf7-validates-as-required\" aria-required=\"true\" aria-invalid=\"false\" value=\"\" type=\"text\" name=\"your-name\" \/><\/span> <\/label>\n<\/p>\n<p><label> Votre email<br \/>\n<span class=\"wpcf7-form-control-wrap\" data-name=\"your-email\"><input size=\"40\" maxlength=\"400\" class=\"wpcf7-form-control wpcf7-email wpcf7-validates-as-required wpcf7-text wpcf7-validates-as-email\" aria-required=\"true\" aria-invalid=\"false\" value=\"\" type=\"email\" name=\"your-email\" \/><\/span> <\/label>\n<\/p>\n<p><label> Sujet<br \/>\n<span class=\"wpcf7-form-control-wrap\" data-name=\"your-subject\"><input size=\"40\" maxlength=\"400\" class=\"wpcf7-form-control wpcf7-text wpcf7-validates-as-required\" aria-required=\"true\" aria-invalid=\"false\" value=\"\" type=\"text\" name=\"your-subject\" \/><\/span> <\/label>\n<\/p>\n<p><label> Votre message<br \/>\n<span class=\"wpcf7-form-control-wrap\" data-name=\"your-message\"><textarea cols=\"40\" rows=\"10\" maxlength=\"2000\" class=\"wpcf7-form-control wpcf7-textarea\" aria-invalid=\"false\" name=\"your-message\"><\/textarea><\/span> <\/label>\n<\/p>\n<p><span class=\"wpcf7-form-control-wrap\" data-name=\"acceptance-553\"><span class=\"wpcf7-form-control wpcf7-acceptance\"><span class=\"wpcf7-list-item\"><label><input type=\"checkbox\" name=\"acceptance-553\" value=\"1\" aria-invalid=\"false\" \/><span class=\"wpcf7-list-item-label\">En cochant cette case, j'accepte la <a href=\"\/politique-de-confidentialite\/\" rel=\"nofollow\" target=\"_blank\">Politique de confidentialit\u00e9<\/a> de ce site.<\/span><\/label><\/span><\/span><\/span><input class=\"wpcf7-form-control wpcf7-submit has-spinner\" type=\"submit\" value=\"Envoyer\" \/>\n<\/p><input type='hidden' class='wpcf7-pum' value='{\"closepopup\":false,\"closedelay\":0,\"openpopup\":false,\"openpopup_id\":0}' \/><div class=\"wpcf7-response-output\" aria-hidden=\"true\"><\/div>\n<\/form>\n<\/div>\n\n<\/div>\n\n\n\n<div class=\"wp-block-column is-vertically-aligned-top is-layout-flow wp-block-column-is-layout-flow\">\n<h2 class=\"ls__heading wp-block-heading\">Kontaktieren Sie uns<\/h2>\n\n\n\n<p class=\"ls-paragraph\">F\u00fcr Informationsanfragen f\u00fcllen Sie bitte dieses Online-Kontaktformular aus. Wir freuen uns, Ihnen so bald wie m\u00f6glich zu antworten. <\/p>\n\n\n\n<p class=\"ls-paragraph\">Z\u00f6gern Sie nicht, uns direkt \u00fcber unsere E-Mail-Adresse <a href=\"mailto:welcome@camping-jablines.com\">welcome@camping-jablines.com<\/a> oder telefonisch unter <strong>01 60 26 09 37<\/strong> zu erreichen. <\/p>\n\n\n\n<p class=\"ls-paragraph has-text-align-left horaire-footer\"><strong>\u00d6ffnungszeiten der Rezeption: <\/strong><\/p>\n\n\n\n<ul class=\"ls-list ls-list-undefined wp-block-list\">\n<li>April bis Juni: 8:00\u201312:00 Uhr \/ 14:00\u201319:00 Uhr<\/li>\n\n\n\n<li>Juli und August: 8:00\u201312:00 Uhr \/ 14:00\u201320:00 Uhr<\/li>\n\n\n\n<li>September und Oktober: 8:00\u201312:00 Uhr \/ 14:00\u201318:00 Uhr<\/li>\n<\/ul>\n\n\n\n<p class=\"ls-paragraph has-text-align-left\"><br\/>Wir freuen uns darauf, Sie bei uns auf dem <a href=\"\/\">Camping International de Jablines<\/a> begr\u00fc\u00dfen zu d\u00fcrfen!<\/p>\n<\/div>\n<\/div>\n\n\n\n<div class=\"wp-block-columns is-layout-flex wp-container-core-columns-is-layout-9d6595d7 wp-block-columns-is-layout-flex\">\n<div class=\"wp-block-column is-vertically-aligned-center is-layout-flow wp-block-column-is-layout-flow\">\n<h2 class=\"ls__heading wp-block-heading\">Lage des Camping International de Jablines<\/h2>\n\n\n\n<p class=\"ls-paragraph\">Postanschrift: Base de Loisirs de Jablines 77450 JABLINES<\/p>\n\n\n\n<p class=\"ls-paragraph\">GPS-Info: <strong>N 48\u00b054&#8217;48&#8220;<\/strong>; <strong>E 2\u00b044&#8217;3&#8243;<\/strong>.<\/p>\n\n\n\n<p class=\"ls-paragraph\">Autobahn A104: Ausfahrt Base de Loisirs Jablines \u00fcber die D404<\/p>\n\n\n\n<p class=\"ls-paragraph\">Von Disney: Folgen Sie Chalifert, dann Jablines in Richtung Base de Loisirs.<\/p>\n<\/div>\n\n\n\n<div class=\"wp-block-column is-vertically-aligned-center is-layout-flow wp-block-column-is-layout-flow\">\n<iframe src=\"https:\/\/www.google.com\/maps\/embed?pb=!1m18!1m12!1m3!1d2622.027689263849!2d2.7330118158549825!3d48.91486470468232!2m3!1f0!2f0!3f0!3m2!1i1024!2i768!4f13.1!3m3!1m2!1s0x47e61c0a17e544e9%3A0xa4ef1b95778e33a7!2sCamping%20International%20de%20Jablines!5e0!3m2!1sfr!2sfr!4v1672052733284!5m2!1sfr!2sfr\" width=\"600\" height=\"450\" style=\"border:0;\" allowfullscreen=\"\" loading=\"lazy\" referrerpolicy=\"no-referrer-when-downgrade\"><\/iframe>\n<\/div>\n<\/div>\n\n\n    <\/div>\n<\/section>","protected":false},"excerpt":{"rendered":"","protected":false},"author":1,"featured_media":1241,"parent":0,"menu_order":0,"comment_status":"closed","ping_status":"closed","template":"","meta":{"_acf_changed":false,"footnotes":""},"sujet":[],"class_list":["post-1675","page","type-page","status-publish","has-post-thumbnail","hentry"],"acf":[],"yoast_head":"<!-- This site is optimized with the Yoast SEO plugin v23.4 - https:\/\/yoast.com\/wordpress\/plugins\/seo\/ -->\n<title>Zugang zu unserem Camping in der N\u00e4he von Paris | Kontakt zum Camping<\/title>\n<meta name=\"description\" content=\"Kontaktieren Sie unseren Camping 30 km von der Hauptstadt Paris entfernt, in Seine et Marne, der CAMPING INTERNATIONAL DE JABLINES *** in Jablines (77) Freizeitzentrum in der N\u00e4he von Disneyland Resort\u00a9 in der Ile de France, bietet Vermietung von Mobilheimen und Stellpl\u00e4tze am Ufer des Sees\" \/>\n<meta name=\"robots\" content=\"index, follow, max-snippet:-1, max-image-preview:large, max-video-preview:-1\" \/>\n<link rel=\"canonical\" href=\"https:\/\/www.camping-jablines.com\/de\/kontakt-acces\/\" \/>\n<meta property=\"og:locale\" content=\"de_DE\" \/>\n<meta property=\"og:type\" content=\"article\" \/>\n<meta property=\"og:title\" content=\"Zugang zu unserem Camping in der N\u00e4he von Paris | Kontakt zum Camping\" \/>\n<meta property=\"og:description\" content=\"Kontaktieren Sie unseren Camping 30 km von der Hauptstadt Paris entfernt, in Seine et Marne, der CAMPING INTERNATIONAL DE JABLINES *** in Jablines (77) Freizeitzentrum in der N\u00e4he von Disneyland Resort\u00a9 in der Ile de France, bietet Vermietung von Mobilheimen und Stellpl\u00e4tze am Ufer des Sees\" \/>\n<meta property=\"og:url\" content=\"https:\/\/www.camping-jablines.com\/de\/kontakt-acces\/\" \/>\n<meta property=\"og:site_name\" content=\"International de Jablines\" \/>\n<meta property=\"article:modified_time\" content=\"2025-10-27T13:27:17+00:00\" \/>\n<meta property=\"og:image\" content=\"https:\/\/www.camping-jablines.com\/wp-content\/uploads\/2022\/12\/camping-jablines-disneyland.jpg\" \/>\n\t<meta property=\"og:image:width\" content=\"1348\" \/>\n\t<meta property=\"og:image:height\" content=\"670\" \/>\n\t<meta property=\"og:image:type\" content=\"image\/jpeg\" \/>\n<meta name=\"twitter:card\" content=\"summary_large_image\" \/>\n<meta name=\"twitter:label1\" content=\"Gesch\u00e4tzte Lesezeit\" \/>\n\t<meta name=\"twitter:data1\" content=\"1\u00a0Minute\" \/>\n<script type=\"application\/ld+json\" class=\"yoast-schema-graph\">{\"@context\":\"https:\/\/schema.org\",\"@graph\":[{\"@type\":\"WebPage\",\"@id\":\"https:\/\/www.camping-jablines.com\/de\/kontakt-acces\/\",\"url\":\"https:\/\/www.camping-jablines.com\/de\/kontakt-acces\/\",\"name\":\"Zugang zu unserem Camping in der N\u00e4he von Paris | Kontakt zum Camping\",\"isPartOf\":{\"@id\":\"https:\/\/www.camping-jablines.com\/#website\"},\"primaryImageOfPage\":{\"@id\":\"https:\/\/www.camping-jablines.com\/de\/kontakt-acces\/#primaryimage\"},\"image\":{\"@id\":\"https:\/\/www.camping-jablines.com\/de\/kontakt-acces\/#primaryimage\"},\"thumbnailUrl\":\"https:\/\/www.camping-jablines.com\/wp-content\/uploads\/2022\/12\/camping-jablines-disneyland.jpg\",\"datePublished\":\"2023-01-11T07:39:09+00:00\",\"dateModified\":\"2025-10-27T13:27:17+00:00\",\"description\":\"Kontaktieren Sie unseren Camping 30 km von der Hauptstadt Paris entfernt, in Seine et Marne, der CAMPING INTERNATIONAL DE JABLINES *** in Jablines (77) Freizeitzentrum in der N\u00e4he von Disneyland Resort\u00a9 in der Ile de France, bietet Vermietung von Mobilheimen und Stellpl\u00e4tze am Ufer des Sees\",\"breadcrumb\":{\"@id\":\"https:\/\/www.camping-jablines.com\/de\/kontakt-acces\/#breadcrumb\"},\"inLanguage\":\"de\",\"potentialAction\":[{\"@type\":\"ReadAction\",\"target\":[\"https:\/\/www.camping-jablines.com\/de\/kontakt-acces\/\"]}]},{\"@type\":\"ImageObject\",\"inLanguage\":\"de\",\"@id\":\"https:\/\/www.camping-jablines.com\/de\/kontakt-acces\/#primaryimage\",\"url\":\"https:\/\/www.camping-jablines.com\/wp-content\/uploads\/2022\/12\/camping-jablines-disneyland.jpg\",\"contentUrl\":\"https:\/\/www.camping-jablines.com\/wp-content\/uploads\/2022\/12\/camping-jablines-disneyland.jpg\",\"width\":1348,\"height\":670,\"caption\":\"camping jablines disneyland\"},{\"@type\":\"BreadcrumbList\",\"@id\":\"https:\/\/www.camping-jablines.com\/de\/kontakt-acces\/#breadcrumb\",\"itemListElement\":[{\"@type\":\"ListItem\",\"position\":1,\"name\":\"Camping Seine-et-Marne\",\"item\":\"https:\/\/www.camping-jablines.com\/de\/\"},{\"@type\":\"ListItem\",\"position\":2,\"name\":\"Den Camping kontaktieren\"}]},{\"@type\":\"WebSite\",\"@id\":\"https:\/\/www.camping-jablines.com\/#website\",\"url\":\"https:\/\/www.camping-jablines.com\/\",\"name\":\"International de Jablines\",\"description\":\"\",\"publisher\":{\"@id\":\"https:\/\/www.camping-jablines.com\/#organization\"},\"potentialAction\":[{\"@type\":\"SearchAction\",\"target\":{\"@type\":\"EntryPoint\",\"urlTemplate\":\"https:\/\/www.camping-jablines.com\/?s={search_term_string}\"},\"query-input\":{\"@type\":\"PropertyValueSpecification\",\"valueRequired\":true,\"valueName\":\"search_term_string\"}}],\"inLanguage\":\"de\"},{\"@type\":\"Organization\",\"@id\":\"https:\/\/www.camping-jablines.com\/#organization\",\"name\":\"International de Jablines\",\"alternateName\":\"International de Jablines\",\"url\":\"https:\/\/www.camping-jablines.com\/\",\"logo\":{\"@type\":\"ImageObject\",\"inLanguage\":\"de\",\"@id\":\"https:\/\/www.camping-jablines.com\/#\/schema\/logo\/image\/\",\"url\":\"https:\/\/www.camping-jablines.com\/wp-content\/uploads\/2022\/12\/cropped-favicon.png\",\"contentUrl\":\"https:\/\/www.camping-jablines.com\/wp-content\/uploads\/2022\/12\/cropped-favicon.png\",\"width\":512,\"height\":512,\"caption\":\"International de Jablines\"},\"image\":{\"@id\":\"https:\/\/www.camping-jablines.com\/#\/schema\/logo\/image\/\"}}]}<\/script>\n<!-- \/ Yoast SEO plugin. -->","yoast_head_json":{"title":"Zugang zu unserem Camping in der N\u00e4he von Paris | Kontakt zum Camping","description":"Kontaktieren Sie unseren Camping 30 km von der Hauptstadt Paris entfernt, in Seine et Marne, der CAMPING INTERNATIONAL DE JABLINES *** in Jablines (77) Freizeitzentrum in der N\u00e4he von Disneyland Resort\u00a9 in der Ile de France, bietet Vermietung von Mobilheimen und Stellpl\u00e4tze am Ufer des Sees","robots":{"index":"index","follow":"follow","max-snippet":"max-snippet:-1","max-image-preview":"max-image-preview:large","max-video-preview":"max-video-preview:-1"},"canonical":"https:\/\/www.camping-jablines.com\/de\/kontakt-acces\/","og_locale":"de_DE","og_type":"article","og_title":"Zugang zu unserem Camping in der N\u00e4he von Paris | Kontakt zum Camping","og_description":"Kontaktieren Sie unseren Camping 30 km von der Hauptstadt Paris entfernt, in Seine et Marne, der CAMPING INTERNATIONAL DE JABLINES *** in Jablines (77) Freizeitzentrum in der N\u00e4he von Disneyland Resort\u00a9 in der Ile de France, bietet Vermietung von Mobilheimen und Stellpl\u00e4tze am Ufer des Sees","og_url":"https:\/\/www.camping-jablines.com\/de\/kontakt-acces\/","og_site_name":"International de Jablines","article_modified_time":"2025-10-27T13:27:17+00:00","og_image":[{"width":1348,"height":670,"url":"https:\/\/www.camping-jablines.com\/wp-content\/uploads\/2022\/12\/camping-jablines-disneyland.jpg","type":"image\/jpeg"}],"twitter_card":"summary_large_image","twitter_misc":{"Gesch\u00e4tzte Lesezeit":"1\u00a0Minute"},"schema":{"@context":"https:\/\/schema.org","@graph":[{"@type":"WebPage","@id":"https:\/\/www.camping-jablines.com\/de\/kontakt-acces\/","url":"https:\/\/www.camping-jablines.com\/de\/kontakt-acces\/","name":"Zugang zu unserem Camping in der N\u00e4he von Paris | Kontakt zum Camping","isPartOf":{"@id":"https:\/\/www.camping-jablines.com\/#website"},"primaryImageOfPage":{"@id":"https:\/\/www.camping-jablines.com\/de\/kontakt-acces\/#primaryimage"},"image":{"@id":"https:\/\/www.camping-jablines.com\/de\/kontakt-acces\/#primaryimage"},"thumbnailUrl":"https:\/\/www.camping-jablines.com\/wp-content\/uploads\/2022\/12\/camping-jablines-disneyland.jpg","datePublished":"2023-01-11T07:39:09+00:00","dateModified":"2025-10-27T13:27:17+00:00","description":"Kontaktieren Sie unseren Camping 30 km von der Hauptstadt Paris entfernt, in Seine et Marne, der CAMPING INTERNATIONAL DE JABLINES *** in Jablines (77) Freizeitzentrum in der N\u00e4he von Disneyland Resort\u00a9 in der Ile de France, bietet Vermietung von Mobilheimen und Stellpl\u00e4tze am Ufer des Sees","breadcrumb":{"@id":"https:\/\/www.camping-jablines.com\/de\/kontakt-acces\/#breadcrumb"},"inLanguage":"de","potentialAction":[{"@type":"ReadAction","target":["https:\/\/www.camping-jablines.com\/de\/kontakt-acces\/"]}]},{"@type":"ImageObject","inLanguage":"de","@id":"https:\/\/www.camping-jablines.com\/de\/kontakt-acces\/#primaryimage","url":"https:\/\/www.camping-jablines.com\/wp-content\/uploads\/2022\/12\/camping-jablines-disneyland.jpg","contentUrl":"https:\/\/www.camping-jablines.com\/wp-content\/uploads\/2022\/12\/camping-jablines-disneyland.jpg","width":1348,"height":670,"caption":"camping jablines disneyland"},{"@type":"BreadcrumbList","@id":"https:\/\/www.camping-jablines.com\/de\/kontakt-acces\/#breadcrumb","itemListElement":[{"@type":"ListItem","position":1,"name":"Camping Seine-et-Marne","item":"https:\/\/www.camping-jablines.com\/de\/"},{"@type":"ListItem","position":2,"name":"Den Camping kontaktieren"}]},{"@type":"WebSite","@id":"https:\/\/www.camping-jablines.com\/#website","url":"https:\/\/www.camping-jablines.com\/","name":"International de Jablines","description":"","publisher":{"@id":"https:\/\/www.camping-jablines.com\/#organization"},"potentialAction":[{"@type":"SearchAction","target":{"@type":"EntryPoint","urlTemplate":"https:\/\/www.camping-jablines.com\/?s={search_term_string}"},"query-input":{"@type":"PropertyValueSpecification","valueRequired":true,"valueName":"search_term_string"}}],"inLanguage":"de"},{"@type":"Organization","@id":"https:\/\/www.camping-jablines.com\/#organization","name":"International de Jablines","alternateName":"International de Jablines","url":"https:\/\/www.camping-jablines.com\/","logo":{"@type":"ImageObject","inLanguage":"de","@id":"https:\/\/www.camping-jablines.com\/#\/schema\/logo\/image\/","url":"https:\/\/www.camping-jablines.com\/wp-content\/uploads\/2022\/12\/cropped-favicon.png","contentUrl":"https:\/\/www.camping-jablines.com\/wp-content\/uploads\/2022\/12\/cropped-favicon.png","width":512,"height":512,"caption":"International de Jablines"},"image":{"@id":"https:\/\/www.camping-jablines.com\/#\/schema\/logo\/image\/"}}]}},"_links":{"self":[{"href":"https:\/\/www.camping-jablines.com\/de\/wp-json\/wp\/v2\/pages\/1675","targetHints":{"allow":["GET"]}}],"collection":[{"href":"https:\/\/www.camping-jablines.com\/de\/wp-json\/wp\/v2\/pages"}],"about":[{"href":"https:\/\/www.camping-jablines.com\/de\/wp-json\/wp\/v2\/types\/page"}],"author":[{"embeddable":true,"href":"https:\/\/www.camping-jablines.com\/de\/wp-json\/wp\/v2\/users\/1"}],"replies":[{"embeddable":true,"href":"https:\/\/www.camping-jablines.com\/de\/wp-json\/wp\/v2\/comments?post=1675"}],"version-history":[{"count":10,"href":"https:\/\/www.camping-jablines.com\/de\/wp-json\/wp\/v2\/pages\/1675\/revisions"}],"predecessor-version":[{"id":3167,"href":"https:\/\/www.camping-jablines.com\/de\/wp-json\/wp\/v2\/pages\/1675\/revisions\/3167"}],"wp:featuredmedia":[{"embeddable":true,"href":"https:\/\/www.camping-jablines.com\/de\/wp-json\/wp\/v2\/media\/1241"}],"wp:attachment":[{"href":"https:\/\/www.camping-jablines.com\/de\/wp-json\/wp\/v2\/media?parent=1675"}],"wp:term":[{"taxonomy":"sujet","embeddable":true,"href":"https:\/\/www.camping-jablines.com\/de\/wp-json\/wp\/v2\/sujet?post=1675"}],"curies":[{"name":"wp","href":"https:\/\/api.w.org\/{rel}","templated":true}]}}