{"id":1626,"date":"2023-01-10T17:02:35","date_gmt":"2023-01-10T16:02:35","guid":{"rendered":"https:\/\/www.camping-jablines.com\/camping-billig-paris\/"},"modified":"2025-10-27T14:47:38","modified_gmt":"2025-10-27T13:47:38","slug":"camping-billig-paris","status":"publish","type":"page","link":"https:\/\/www.camping-jablines.com\/de\/camping-billig-paris\/","title":{"rendered":"Tarife"},"content":{"rendered":"<section id=\"ls-section-block_a853923d025d23cb384cc28b05525db2\" class=\"ls-section  has-m-t m-t-0 has-m-b m-b-0\" >\n        <div class=\"container container--wide\">\n        \n\n<h1 class=\"ls__heading wp-block-heading has-text-align-center\">Camping mit dem besten Preis-Leistungs-Verh\u00e4ltnis Paris<\/h1>\n\n\n    <\/div>\n<\/section><section id=\"ls-section-block_99dd4a13f31b6e4fb5ac6ce294b755d9\" class=\"ls-section  has-m-t m-t-0 has-m-b m-b-0\" >\n        <div class=\"container \">\n        \n\n<script>\n    window.ctoutvert = {\n\t\tid: 17740, \n\t\tlang: 'fr', \n\t\turl: 'https:\/\/bookingpremium.secureholiday.net\/widgets\/'\n    };\n\n    (function (w, d, s, ctv, r, js, fjs) {\n        r=new XMLHttpRequest();r.open('GET',w[ctv].url+'js\/src.json');\n        r.responseType='json';r.json=true;r.send();\n        r.onload=function(){w[ctv].src=r.responseType=='json'?r.response:JSON.parse(r.response);\n        js.src=w[ctv].src[0];fjs.parentNode.insertBefore(js, fjs);}\n        js=d.createElement(s),fjs=d.getElementsByTagName(s)[0];\n        js.id='ctvwidget';js.async=1;\n    }(window, document, 'script', 'ctoutvert'));\n<\/script>\n<ctv-availability data-background-color=\"#FFFFFFFF\"><\/ctv-availability>\n\n\n    <\/div>\n<\/section><section id=\"ls-section-block_62f584a4df8e61743ee021047f010bc6\" class=\"ls-section  has-m-t m-t-0\" >\n        <div class=\"container container--wide\">\n        \n\n<div class=\"wp-block-columns is-layout-flex wp-container-core-columns-is-layout-9d6595d7 wp-block-columns-is-layout-flex\">\n<div class=\"wp-block-column is-layout-flow wp-block-column-is-layout-flow\">\n<h2 class=\"ls__heading wp-block-heading\">Campingplatz Bestes Preis-Leistungs-Verh\u00e4ltnis Disneyland\u00ae Paris<\/h2>\n\n\n\n<p class=\"ls-paragraph\">Wenn Sie auf der Suche nach einem Ort sind, an dem Sie sich entspannen k\u00f6nnen, ohne viel Geld auszugeben, ist unser Campingplatz genau das Richtige f\u00fcr Sie! Wir bieten <strong>sehr g\u00fcnstige <\/strong>Preise f\u00fcr die <strong>Anmietung <\/strong>von ger\u00e4umigen und schattigen<a href=\"https:\/\/www.camping-jablines.com\/de\/vermietung-standort-paris\/\"> Stellpl\u00e4tzen<\/a> sowie f\u00fcr unsere <a href=\"https:\/\/www.camping-jablines.com\/de\/vermietung-standort-paris\/\">Unterk\u00fcnfte<\/a>, die Platz f\u00fcr bis zu 6 Personen bieten.<\/p>\n\n\n\n<p class=\"ls-paragraph\">Unsere <a href=\"https:\/\/www.camping-jablines.com\/de\/standort-mobil-heimat-paris\/\">Mietbungalows<\/a> sind alle mit einer K\u00fcchenzeile, Schlafzimmern, Stauraum, Sanit\u00e4ranlagen und einer eigenen Terrasse ausgestattet, und das alles zu sehr attraktiven Preisen. Wir haben auch <strong>Lodge-Zelte<\/strong> zu noch g\u00fcnstigeren Preisen verf\u00fcgbar. Verpassen Sie nicht die Gelegenheit, Ihre Lieblingsunterkunft auf unserem familienfreundlichen <strong>Camping zu kleinen Preisen zu buchen<\/strong>.<\/p>\n\n\n\n<p class=\"ls-paragraph\">Auf dem <a href=\"\/\">Camping in Jablines<\/a> ist es uns wichtig, Ihnen das ganze Jahr \u00fcber die besten Preise anzubieten. Aus diesem Grund bieten wir Ihnen keine Sonderangebote an und garantieren Ihnen, dass Sie unsere <strong>g\u00fcnstigsten Preise erhalten<\/strong>.<\/p>\n<\/div>\n\n\n\n<div class=\"wp-block-column is-layout-flow wp-block-column-is-layout-flow\">\n<h2 class=\"ls__heading wp-block-heading\">Garantierte Bestpreise direkt \u00fcber die Website des Camping in der N\u00e4he von Paris<\/h2>\n\n\n\n<p class=\"ls-paragraph\">Suchen Sie die besten Preise f\u00fcr Ihren n\u00e4chsten Camping urlaub? Wir haben gute Nachrichten f\u00fcr Sie! Wenn <strong>Sie direkt<\/strong> bei uns buchen, profitieren Sie automatisch von unseren g\u00fcnstigsten Preisen. Keine zus\u00e4tzlichen Provisionen, keine versteckten Kosten, nur klare und transparente Preise.<\/p>\n\n\n\n<p class=\"ls-paragraph\">Z\u00f6gern Sie also nicht l\u00e4nger und buchen Sie direkt, um von den besten Preisen und Vorteilen zu profitieren. Wir freuen uns darauf, Sie zu begr\u00fc\u00dfen und Ihnen einen unvergesslichen Urlaub zu bereiten!<\/p>\n<\/div>\n<\/div>\n\n\n    <\/div>\n<\/section><section id=\"ls-section-block_041d008f07bd9d9f6f4cdbe6008b4e43\" class=\"ls-section \" >\n        <div class=\"container container--wide\">\n        \n\n<div id=\"ls-heading ls-titre-div-block_bb7d97904cfbb5a934403d4707a83fae\" class=\"ls-titre-div h2-like\" >\n    Entdecken Sie unsere Unterk\u00fcnfte und alle Dienstleistungen des Camping<\/div>\n\n\n<div id=\"ls-maillage-block_6eabcb69487832c9cf8ce0880e801176\" class=\"ls-maillage cta-style-normal\" data-rows=\"3\">\n    <div class=\"wp-block-columns\"><div class=\"wp-block-column\">\n\n<a href=\"https:\/\/www.camping-jablines.com\/de\/vermietung-standort-paris\/\" target=\"\" rel=\"noopener\" class=\"ls-cta__link\">\n\n\t<div class=\"ls-cta__image\"><img decoding=\"async\" src=\"https:\/\/www.camping-jablines.com\/wp-content\/uploads\/2022\/12\/emplacement-familial-disneyland-paris-768x576.jpg\" alt=\"emplacements familial\"><\/div>\n\t<div class=\"ls-cta__title\">\n\t\tStandorte\t<\/div>\n\n\t\t\n<\/a><\/div><div class=\"wp-block-column\">\n\n<a href=\"https:\/\/www.camping-jablines.com\/de\/camping-familien-paris\/\" target=\"\" rel=\"noopener\" class=\"ls-cta__link\">\n\n\t<div class=\"ls-cta__image\"><img decoding=\"async\" src=\"https:\/\/www.camping-jablines.com\/wp-content\/uploads\/2023\/09\/Capture-decran-2023-09-24-162644-768x572.png\" alt=\"\"><\/div>\n\t<div class=\"ls-cta__title\">\n\t\tDie Dienste\t<\/div>\n\n\t\t\n<\/a><\/div><div class=\"wp-block-column\">\n\n<a href=\"https:\/\/www.camping-jablines.com\/de\/standort-mobil-heimat-paris\/\" target=\"\" rel=\"noopener\" class=\"ls-cta__link\">\n\n\t<div class=\"ls-cta__image\"><img decoding=\"async\" src=\"https:\/\/www.camping-jablines.com\/wp-content\/uploads\/2023\/10\/IMG_2765-768x512.jpg\" alt=\"\"><\/div>\n\t<div class=\"ls-cta__title\">\n\t\tVermietungen\t<\/div>\n\n\t\t\n<\/a><\/div><\/div><\/div>\n\n    <\/div>\n<\/section>","protected":false},"excerpt":{"rendered":"","protected":false},"author":1,"featured_media":2410,"parent":0,"menu_order":0,"comment_status":"closed","ping_status":"closed","template":"","meta":{"_acf_changed":false,"footnotes":""},"sujet":[],"class_list":["post-1626","page","type-page","status-publish","has-post-thumbnail","hentry"],"acf":[],"yoast_head":"<!-- This site is optimized with the Yoast SEO plugin v23.4 - https:\/\/yoast.com\/wordpress\/plugins\/seo\/ -->\n<title>Billigcamping Paris | Billigcamping Disney<\/title>\n<meta name=\"robots\" content=\"index, follow, max-snippet:-1, max-image-preview:large, max-video-preview:-1\" \/>\n<link rel=\"canonical\" href=\"https:\/\/www.camping-jablines.com\/de\/camping-billig-paris\/\" \/>\n<meta property=\"og:locale\" content=\"de_DE\" \/>\n<meta property=\"og:type\" content=\"article\" \/>\n<meta property=\"og:title\" content=\"Billigcamping Paris | Billigcamping Disney\" \/>\n<meta property=\"og:url\" content=\"https:\/\/www.camping-jablines.com\/de\/camping-billig-paris\/\" \/>\n<meta property=\"og:site_name\" content=\"International de Jablines\" \/>\n<meta property=\"article:modified_time\" content=\"2025-10-27T13:47:38+00:00\" \/>\n<meta property=\"og:image\" content=\"https:\/\/www.camping-jablines.com\/wp-content\/uploads\/2022\/12\/Capture-decran-2023-09-24-091539-1024x704.png\" \/>\n\t<meta property=\"og:image:width\" content=\"1024\" \/>\n\t<meta property=\"og:image:height\" content=\"704\" \/>\n\t<meta property=\"og:image:type\" content=\"image\/png\" \/>\n<meta name=\"twitter:card\" content=\"summary_large_image\" \/>\n<meta name=\"twitter:label1\" content=\"Gesch\u00e4tzte Lesezeit\" \/>\n\t<meta name=\"twitter:data1\" content=\"2\u00a0Minuten\" \/>\n<script type=\"application\/ld+json\" class=\"yoast-schema-graph\">{\"@context\":\"https:\/\/schema.org\",\"@graph\":[{\"@type\":\"WebPage\",\"@id\":\"https:\/\/www.camping-jablines.com\/de\/camping-billig-paris\/\",\"url\":\"https:\/\/www.camping-jablines.com\/de\/camping-billig-paris\/\",\"name\":\"Billigcamping Paris | Billigcamping Disney\",\"isPartOf\":{\"@id\":\"https:\/\/www.camping-jablines.com\/#website\"},\"primaryImageOfPage\":{\"@id\":\"https:\/\/www.camping-jablines.com\/de\/camping-billig-paris\/#primaryimage\"},\"image\":{\"@id\":\"https:\/\/www.camping-jablines.com\/de\/camping-billig-paris\/#primaryimage\"},\"thumbnailUrl\":\"https:\/\/www.camping-jablines.com\/wp-content\/uploads\/2022\/12\/Capture-decran-2023-09-24-091539.png\",\"datePublished\":\"2023-01-10T16:02:35+00:00\",\"dateModified\":\"2025-10-27T13:47:38+00:00\",\"breadcrumb\":{\"@id\":\"https:\/\/www.camping-jablines.com\/de\/camping-billig-paris\/#breadcrumb\"},\"inLanguage\":\"de\",\"potentialAction\":[{\"@type\":\"ReadAction\",\"target\":[\"https:\/\/www.camping-jablines.com\/de\/camping-billig-paris\/\"]}]},{\"@type\":\"ImageObject\",\"inLanguage\":\"de\",\"@id\":\"https:\/\/www.camping-jablines.com\/de\/camping-billig-paris\/#primaryimage\",\"url\":\"https:\/\/www.camping-jablines.com\/wp-content\/uploads\/2022\/12\/Capture-decran-2023-09-24-091539.png\",\"contentUrl\":\"https:\/\/www.camping-jablines.com\/wp-content\/uploads\/2022\/12\/Capture-decran-2023-09-24-091539.png\",\"width\":1312,\"height\":902},{\"@type\":\"BreadcrumbList\",\"@id\":\"https:\/\/www.camping-jablines.com\/de\/camping-billig-paris\/#breadcrumb\",\"itemListElement\":[{\"@type\":\"ListItem\",\"position\":1,\"name\":\"Camping Seine-et-Marne\",\"item\":\"https:\/\/www.camping-jablines.com\/de\/\"},{\"@type\":\"ListItem\",\"position\":2,\"name\":\"Billig Camping Disney\"}]},{\"@type\":\"WebSite\",\"@id\":\"https:\/\/www.camping-jablines.com\/#website\",\"url\":\"https:\/\/www.camping-jablines.com\/\",\"name\":\"International de Jablines\",\"description\":\"\",\"publisher\":{\"@id\":\"https:\/\/www.camping-jablines.com\/#organization\"},\"potentialAction\":[{\"@type\":\"SearchAction\",\"target\":{\"@type\":\"EntryPoint\",\"urlTemplate\":\"https:\/\/www.camping-jablines.com\/?s={search_term_string}\"},\"query-input\":{\"@type\":\"PropertyValueSpecification\",\"valueRequired\":true,\"valueName\":\"search_term_string\"}}],\"inLanguage\":\"de\"},{\"@type\":\"Organization\",\"@id\":\"https:\/\/www.camping-jablines.com\/#organization\",\"name\":\"International de Jablines\",\"alternateName\":\"International de Jablines\",\"url\":\"https:\/\/www.camping-jablines.com\/\",\"logo\":{\"@type\":\"ImageObject\",\"inLanguage\":\"de\",\"@id\":\"https:\/\/www.camping-jablines.com\/#\/schema\/logo\/image\/\",\"url\":\"https:\/\/www.camping-jablines.com\/wp-content\/uploads\/2022\/12\/cropped-favicon.png\",\"contentUrl\":\"https:\/\/www.camping-jablines.com\/wp-content\/uploads\/2022\/12\/cropped-favicon.png\",\"width\":512,\"height\":512,\"caption\":\"International de Jablines\"},\"image\":{\"@id\":\"https:\/\/www.camping-jablines.com\/#\/schema\/logo\/image\/\"}}]}<\/script>\n<!-- \/ Yoast SEO plugin. -->","yoast_head_json":{"title":"Billigcamping Paris | Billigcamping Disney","robots":{"index":"index","follow":"follow","max-snippet":"max-snippet:-1","max-image-preview":"max-image-preview:large","max-video-preview":"max-video-preview:-1"},"canonical":"https:\/\/www.camping-jablines.com\/de\/camping-billig-paris\/","og_locale":"de_DE","og_type":"article","og_title":"Billigcamping Paris | Billigcamping Disney","og_url":"https:\/\/www.camping-jablines.com\/de\/camping-billig-paris\/","og_site_name":"International de Jablines","article_modified_time":"2025-10-27T13:47:38+00:00","og_image":[{"width":1024,"height":704,"url":"https:\/\/www.camping-jablines.com\/wp-content\/uploads\/2022\/12\/Capture-decran-2023-09-24-091539-1024x704.png","type":"image\/png"}],"twitter_card":"summary_large_image","twitter_misc":{"Gesch\u00e4tzte Lesezeit":"2\u00a0Minuten"},"schema":{"@context":"https:\/\/schema.org","@graph":[{"@type":"WebPage","@id":"https:\/\/www.camping-jablines.com\/de\/camping-billig-paris\/","url":"https:\/\/www.camping-jablines.com\/de\/camping-billig-paris\/","name":"Billigcamping Paris | Billigcamping Disney","isPartOf":{"@id":"https:\/\/www.camping-jablines.com\/#website"},"primaryImageOfPage":{"@id":"https:\/\/www.camping-jablines.com\/de\/camping-billig-paris\/#primaryimage"},"image":{"@id":"https:\/\/www.camping-jablines.com\/de\/camping-billig-paris\/#primaryimage"},"thumbnailUrl":"https:\/\/www.camping-jablines.com\/wp-content\/uploads\/2022\/12\/Capture-decran-2023-09-24-091539.png","datePublished":"2023-01-10T16:02:35+00:00","dateModified":"2025-10-27T13:47:38+00:00","breadcrumb":{"@id":"https:\/\/www.camping-jablines.com\/de\/camping-billig-paris\/#breadcrumb"},"inLanguage":"de","potentialAction":[{"@type":"ReadAction","target":["https:\/\/www.camping-jablines.com\/de\/camping-billig-paris\/"]}]},{"@type":"ImageObject","inLanguage":"de","@id":"https:\/\/www.camping-jablines.com\/de\/camping-billig-paris\/#primaryimage","url":"https:\/\/www.camping-jablines.com\/wp-content\/uploads\/2022\/12\/Capture-decran-2023-09-24-091539.png","contentUrl":"https:\/\/www.camping-jablines.com\/wp-content\/uploads\/2022\/12\/Capture-decran-2023-09-24-091539.png","width":1312,"height":902},{"@type":"BreadcrumbList","@id":"https:\/\/www.camping-jablines.com\/de\/camping-billig-paris\/#breadcrumb","itemListElement":[{"@type":"ListItem","position":1,"name":"Camping Seine-et-Marne","item":"https:\/\/www.camping-jablines.com\/de\/"},{"@type":"ListItem","position":2,"name":"Billig Camping Disney"}]},{"@type":"WebSite","@id":"https:\/\/www.camping-jablines.com\/#website","url":"https:\/\/www.camping-jablines.com\/","name":"International de Jablines","description":"","publisher":{"@id":"https:\/\/www.camping-jablines.com\/#organization"},"potentialAction":[{"@type":"SearchAction","target":{"@type":"EntryPoint","urlTemplate":"https:\/\/www.camping-jablines.com\/?s={search_term_string}"},"query-input":{"@type":"PropertyValueSpecification","valueRequired":true,"valueName":"search_term_string"}}],"inLanguage":"de"},{"@type":"Organization","@id":"https:\/\/www.camping-jablines.com\/#organization","name":"International de Jablines","alternateName":"International de Jablines","url":"https:\/\/www.camping-jablines.com\/","logo":{"@type":"ImageObject","inLanguage":"de","@id":"https:\/\/www.camping-jablines.com\/#\/schema\/logo\/image\/","url":"https:\/\/www.camping-jablines.com\/wp-content\/uploads\/2022\/12\/cropped-favicon.png","contentUrl":"https:\/\/www.camping-jablines.com\/wp-content\/uploads\/2022\/12\/cropped-favicon.png","width":512,"height":512,"caption":"International de Jablines"},"image":{"@id":"https:\/\/www.camping-jablines.com\/#\/schema\/logo\/image\/"}}]}},"_links":{"self":[{"href":"https:\/\/www.camping-jablines.com\/de\/wp-json\/wp\/v2\/pages\/1626","targetHints":{"allow":["GET"]}}],"collection":[{"href":"https:\/\/www.camping-jablines.com\/de\/wp-json\/wp\/v2\/pages"}],"about":[{"href":"https:\/\/www.camping-jablines.com\/de\/wp-json\/wp\/v2\/types\/page"}],"author":[{"embeddable":true,"href":"https:\/\/www.camping-jablines.com\/de\/wp-json\/wp\/v2\/users\/1"}],"replies":[{"embeddable":true,"href":"https:\/\/www.camping-jablines.com\/de\/wp-json\/wp\/v2\/comments?post=1626"}],"version-history":[{"count":8,"href":"https:\/\/www.camping-jablines.com\/de\/wp-json\/wp\/v2\/pages\/1626\/revisions"}],"predecessor-version":[{"id":3194,"href":"https:\/\/www.camping-jablines.com\/de\/wp-json\/wp\/v2\/pages\/1626\/revisions\/3194"}],"wp:featuredmedia":[{"embeddable":true,"href":"https:\/\/www.camping-jablines.com\/de\/wp-json\/wp\/v2\/media\/2410"}],"wp:attachment":[{"href":"https:\/\/www.camping-jablines.com\/de\/wp-json\/wp\/v2\/media?parent=1626"}],"wp:term":[{"taxonomy":"sujet","embeddable":true,"href":"https:\/\/www.camping-jablines.com\/de\/wp-json\/wp\/v2\/sujet?post=1626"}],"curies":[{"name":"wp","href":"https:\/\/api.w.org\/{rel}","templated":true}]}}