{"id":1624,"date":"2023-01-10T16:56:23","date_gmt":"2023-01-10T15:56:23","guid":{"rendered":"https:\/\/www.camping-jablines.com\/tourismus-paris\/"},"modified":"2024-04-27T15:16:40","modified_gmt":"2024-04-27T13:16:40","slug":"tourismus-paris","status":"publish","type":"page","link":"https:\/\/www.camping-jablines.com\/de\/tourismus-paris\/","title":{"rendered":"Paris"},"content":{"rendered":"<section id=\"ls-section-block_f2028c5ad888b149e48b88f4b5984ed4\" class=\"ls-section  home-first page-un\" >\n        <div class=\"container container--wide\">\n        \n\n<div class=\"wp-block-columns home-first page-un is-layout-flex wp-container-core-columns-is-layout-9d6595d7 wp-block-columns-is-layout-flex\">\n<div class=\"wp-block-column is-vertically-aligned-center is-layout-flow wp-block-column-is-layout-flow\" style=\"flex-basis:50%\"><div class=\"wp-block-image animated fadeInLeft slow\">\n<figure class=\"aligncenter size-full\"><a href=\"https:\/\/www.camping-jablines.com\/wp-content\/uploads\/2022\/12\/paris-la-tour-effeil.jpg\"><img decoding=\"async\" width=\"1000\" height=\"750\" src=\"https:\/\/www.camping-jablines.com\/wp-content\/uploads\/2022\/12\/paris-la-tour-effeil.jpg\" alt=\"camping proche paris tour effeil\" class=\"wp-image-988\" srcset=\"https:\/\/www.camping-jablines.com\/wp-content\/uploads\/2022\/12\/paris-la-tour-effeil.jpg 1000w, https:\/\/www.camping-jablines.com\/wp-content\/uploads\/2022\/12\/paris-la-tour-effeil-300x225.jpg 300w, https:\/\/www.camping-jablines.com\/wp-content\/uploads\/2022\/12\/paris-la-tour-effeil-768x576.jpg 768w\" sizes=\"(max-width: 1000px) 100vw, 1000px\" \/><\/a><\/figure>\n<\/div><\/div>\n\n\n\n<div class=\"wp-block-column is-vertically-aligned-center colonne-second animated fadeInRight slow delay-100ms is-layout-flow wp-block-column-is-layout-flow\" style=\"flex-basis:50%\">\n<h1 class=\"ls__heading wp-block-heading has-text-align-left home-first\">Tourismus in Paris<\/h1>\n\n\n\n<p class=\"ls-paragraph\">Entdecken <a href=\"https:\/\/de.parisinfo.com\/\" target=\"_blank\" rel=\"noreferrer noopener nofollow\">Sie Paris<\/a> und seine zahlreichen Sehensw\u00fcrdigkeiten, die nur 40 km vom Campingplatz entfernt liegen.<\/p>\n\n\n\n<p class=\"ls-paragraph\">Sie k\u00f6nnen mit dem Bus 2263 von unserem Camping aus und mit der RER A dorthin gelangen!<\/p>\n\n\n\n<h2 class=\"ls__heading wp-block-heading\"><strong>Die wichtigsten Orte, die man in Paris gesehen haben muss<\/strong><\/h2>\n\n\n\n<p class=\"ls-paragraph\">Erkunden Sie die Stadt der Lichter in nur einer Stunde vom <a href=\"\/de\/\">Camping in der N\u00e4he von Disneyland aus<\/a>. <\/p>\n\n\n\n<p class=\"ls-paragraph\">Beginnen Sie Ihren Tag mit einem Kaffee auf der <strong>Champs Elys\u00e9es<\/strong> und gehen Sie dann gem\u00fctlich zu Fu\u00df <strong>hinunter zum Eiffelturm<\/strong>, dem Wahrzeichen von Paris. <\/p>\n\n\n\n<p class=\"ls-paragraph\">Lassen Sie sich anschlie\u00dfend mit einem der <strong>ber\u00fchmten Fliegenboote<\/strong> der Stadt auf der Seine bis zur Notre Dame de Paris treiben. <\/p>\n\n\n\n<p class=\"ls-paragraph\">Beenden Sie Ihren Tag auf dem Montmartre-H\u00fcgel und genie\u00dfen Sie einen au\u00dfergew\u00f6hnlichen Ausblick auf die Stadt und ihre bei Einbruch der Dunkelheit beleuchteten Denkm\u00e4ler.<\/p>\n<\/div>\n<\/div>\n\n\n    <\/div>\n<\/section>\n\n<section id=\"ls-section-block_4fca86abc0ff604a7c8b796a0f3b9f10\" class=\"ls-section  home-second m-t-0 page-two p-b-10 page-deux has-background-image has-parallax has-m-b m-b-0\" >\n    <div class=\"ls-section__background-image opacity-100\"><img decoding=\"async\" src=\"https:\/\/www.camping-jablines.com\/wp-content\/uploads\/2022\/12\/jablines-proche-musee-du-louvre.jpg\" alt=\"jablines proche mus\u00e9e du louvre\"><\/div>    <div class=\"container container--wide\">\n        \n\n<div class=\"wp-block-columns is-layout-flex wp-container-core-columns-is-layout-9d6595d7 wp-block-columns-is-layout-flex\">\n<div class=\"wp-block-column is-layout-flow wp-block-column-is-layout-flow\">\n<h2 class=\"ls__heading wp-block-heading\"><strong>Sehensw\u00fcrdigkeiten in Paris<\/strong><\/h2>\n\n\n\n<p class=\"ls-paragraph\">Als Liebhaber von Geschichte und Kultur k\u00f6nnen Sie nicht nach Paris kommen, ohne den <a href=\"https:\/\/www.louvre.fr\/en\" target=\"_blank\" rel=\"noreferrer noopener\">Louvre zu besuchen<\/a>.<\/p>\n\n\n\n<p class=\"ls-paragraph\">Museum seit 1793, seine Sammlungen geh\u00f6ren zu den sch\u00f6nsten der Welt. Sie umfassen mehrere Jahrtausende und es werden mehr als 35.000 Werke ausgestellt, darunter weltber\u00fchmte Meisterwerke wie der Sieg von Samothrake, die Mona Lisa oder Michelangelos Sklaven.<\/p>\n<\/div>\n\n\n\n<div class=\"wp-block-column is-vertically-aligned-center is-layout-flow wp-block-column-is-layout-flow\">\n<p class=\"ls-paragraph\">In Paris gibt es viele weitere Museen, die Sie besuchen k\u00f6nnen, wie das <strong>Mus\u00e9e d&#8217;Orsay<\/strong>, das <strong>Mus\u00e9e Gr\u00e9vin<\/strong>, das <strong>Centre Pompidou<\/strong> &#8230;<\/p>\n\n\n\n<p class=\"ls-paragraph\">Wenn Sie mehrere Besuche machen m\u00f6chten, bietet der Paris Museum Pass Zugang zu mehr als f\u00fcnfzig Pariser Denkm\u00e4lern und Museen.<\/p>\n<\/div>\n<\/div>\n\n\n    <\/div>\n<\/section>\n\n<section id=\"ls-section-block_6f7dfeb034afb3c3b4c659d9ebc60e76\" class=\"ls-section  has-m-t m-t-0\" >\n        <div class=\"container container--full\">\n        \n\n<h2 class=\"ls__heading wp-block-heading has-text-align-center\">Einmaliger Aufenthalt in Paris, unsere besten Adressen<\/h2>\n\n\n\n<div class=\"wp-block-columns faux-cta is-layout-flex wp-container-core-columns-is-layout-9d6595d7 wp-block-columns-is-layout-flex\">\n<div class=\"wp-block-column is-layout-flow wp-block-column-is-layout-flow\">\n<div id=\"ls-cta-block_92f9d57407e20f085ec8b2b080a01f49\" class=\"ls-cta\">  \n    \n\n<a href=\"https:\/\/www.operadeparis.fr\/en\" target=\"\" rel=\"noopener\" class=\"ls-cta__link\">\n\n\t<div class=\"ls-cta__image\"><img decoding=\"async\" src=\"https:\/\/www.camping-jablines.com\/wp-content\/uploads\/2022\/12\/opera-garnier-paris-768x576.jpg\" alt=\"opera garnier paris\"><\/div>\n\t<div class=\"ls-cta__title\">\n\t\tOp\u00e9ra Garnier\t<\/div>\n\n\t\t\t<div class=\"ls-cta__description\">\n\t\t\tAls Liebhaber des Schauspiels lassen Sie sich von diesem wahren Juwel im Herzen von Paris blenden.\t\t\n\t\t<\/div>\n\t\t\n<\/a><\/div><\/div>\n\n\n\n<div class=\"wp-block-column is-layout-flow wp-block-column-is-layout-flow\">\n<div id=\"ls-cta-block_65dbec623004e4d1c42ab70a1f2acbd6\" class=\"ls-cta\">  \n    \n\n<a href=\"https:\/\/www.camping-jablines.com\/de\/tourismus-paris\/\" target=\"\" rel=\"noopener\" class=\"ls-cta__link\">\n\n\t<div class=\"ls-cta__image\"><img decoding=\"async\" src=\"https:\/\/www.camping-jablines.com\/wp-content\/uploads\/2022\/12\/les-galeries-lafayette-de-paris-768x576.jpg\" alt=\"les galeries lafayette paris\"><\/div>\n\t<div class=\"ls-cta__title\">\n\t\tGalerie Lafayette\t<\/div>\n\n\t\t\t<div class=\"ls-cta__description\">\n\t\t\tEntdecken Sie die Schaufenster der luxuri\u00f6sesten Modegesch\u00e4fte der Welt.\t\t\n\t\t<\/div>\n\t\t\n<\/a><\/div><\/div>\n\n\n\n<div class=\"wp-block-column is-layout-flow wp-block-column-is-layout-flow\">\n<div id=\"ls-cta-block_2da3ed228cfca026b6c05f9dd318734e\" class=\"ls-cta\">  \n    \n\n<a href=\"https:\/\/www.camping-jablines.com\/de\/tourismus-paris\/\" target=\"\" rel=\"noopener\" class=\"ls-cta__link\">\n\n\t<div class=\"ls-cta__image\"><img decoding=\"async\" src=\"https:\/\/www.camping-jablines.com\/wp-content\/uploads\/2022\/12\/marche-des-enfants-rouges-paris-768x576.jpg\" alt=\"march\u00e9 des enfants rouges\"><\/div>\n\t<div class=\"ls-cta__title\">\n\t\tMarkt der roten Kinder\t<\/div>\n\n\t\t\t<div class=\"ls-cta__description\">\n\t\t\tProbieren Sie auf dem \u00e4ltesten Markt von Paris franz\u00f6sische Spezialit\u00e4ten.\t\t\n\t\t<\/div>\n\t\t\n<\/a><\/div><\/div>\n\n\n\n<div class=\"wp-block-column is-layout-flow wp-block-column-is-layout-flow\">\n<div id=\"ls-cta-block_e576768faf55d53afb63a988767629dc\" class=\"ls-cta\">  \n    \n\n<a href=\"https:\/\/www.camping-jablines.com\/de\/tourismus-paris\/\" target=\"\" rel=\"noopener\" class=\"ls-cta__link\">\n\n\t<div class=\"ls-cta__image\"><img decoding=\"async\" src=\"https:\/\/www.camping-jablines.com\/wp-content\/uploads\/2022\/12\/la-coulee-verte-paris-768x576.jpg\" alt=\"la coul\u00e9e verte paris\"><\/div>\n\t<div class=\"ls-cta__title\">\n\t\tDer gr\u00fcne Korridor\t<\/div>\n\n\t\t\t<div class=\"ls-cta__description\">\n\t\t\tSpazieren Sie von Bastille bis Vincennes durch diese Vielzahl von G\u00e4rten, von denen einer blumiger ist als der andere.\t\t\n\t\t<\/div>\n\t\t\n<\/a><\/div><\/div>\n<\/div>\n\n\n    <\/div>\n<\/section>\n\n<section id=\"ls-section-block_c78de64c761b10d59c1e6d9539481351\" class=\"ls-section \" >\n        <div class=\"container container--wide\">\n        \n\n<div id=\"ls-heading ls-titre-div-block_8d353aa9d754f75cc403428c77891c5d\" class=\"ls-titre-div h2-like\" >\n    Entdeckenswertes in der Umgebung des Camping<\/div>\n\n\n<div id=\"ls-maillage-block_6a24495364f2922496a81061a9df4f81\" class=\"ls-maillage cta-style-normal\" data-rows=\"3\">\n    <div class=\"wp-block-columns\"><div class=\"wp-block-column\">\n\n<a href=\"https:\/\/www.camping-jablines.com\/de\/tourismus-ile-de-france\/\" target=\"\" rel=\"noopener\" class=\"ls-cta__link\">\n\n\t<div class=\"ls-cta__image\"><img decoding=\"async\" src=\"https:\/\/www.camping-jablines.com\/wp-content\/uploads\/2022\/12\/base-de-loisirs-proche-jablines-768x382.jpg\" alt=\"base de loisirs proche de jablines\"><\/div>\n\t<div class=\"ls-cta__title\">\n\t\tWas man in der Umgebung des Campingplatzes unternehmen kann\t<\/div>\n\n\t\t\n<\/a><\/div><div class=\"wp-block-column\">\n\n<a href=\"https:\/\/www.camping-jablines.com\/de\/camping-freizeitzentrum-paris\/\" target=\"\" rel=\"noopener\" class=\"ls-cta__link\">\n\n\t<div class=\"ls-cta__image\"><img decoding=\"async\" src=\"https:\/\/www.camping-jablines.com\/wp-content\/uploads\/2022\/12\/Camping-International-des-Jablines_AXELMARONI-13_0-768x576.jpg\" alt=\"\"><\/div>\n\t<div class=\"ls-cta__title\">\n\t\tDie Freizeitanlage\t<\/div>\n\n\t\t\n<\/a><\/div><div class=\"wp-block-column\">\n\n<a href=\"https:\/\/www.camping-jablines.com\/de\/turismus-disneyland-paris\/\" target=\"\" rel=\"noopener\" class=\"ls-cta__link\">\n\n\t<div class=\"ls-cta__image\"><img decoding=\"async\" src=\"https:\/\/www.camping-jablines.com\/wp-content\/uploads\/2023\/10\/60622-PTM-KV-Adapt-Adapt-Print-PCV_210x210-768x768.jpg\" alt=\"\"><\/div>\n\t<div class=\"ls-cta__title\">\n\t\tDisneyland Par\u00eds\t<\/div>\n\n\t\t\n<\/a><\/div><\/div><\/div>\n\n    <\/div>\n<\/section>","protected":false},"excerpt":{"rendered":"","protected":false},"author":1,"featured_media":1044,"parent":0,"menu_order":0,"comment_status":"closed","ping_status":"closed","template":"","meta":{"_acf_changed":false,"footnotes":""},"sujet":[],"class_list":["post-1624","page","type-page","status-publish","has-post-thumbnail","hentry"],"acf":[],"yoast_head":"<!-- This site is optimized with the Yoast SEO plugin v23.4 - https:\/\/yoast.com\/wordpress\/plugins\/seo\/ -->\n<title>Urlaub in der N\u00e4he von Paris | Tourismus in Paris | Aufenthalt in Paris<\/title>\n<meta name=\"robots\" content=\"index, follow, max-snippet:-1, max-image-preview:large, max-video-preview:-1\" \/>\n<link rel=\"canonical\" href=\"https:\/\/www.camping-jablines.com\/de\/tourismus-paris\/\" \/>\n<meta property=\"og:locale\" content=\"de_DE\" \/>\n<meta property=\"og:type\" content=\"article\" \/>\n<meta property=\"og:title\" content=\"Urlaub in der N\u00e4he von Paris | Tourismus in Paris | Aufenthalt in Paris\" \/>\n<meta property=\"og:url\" content=\"https:\/\/www.camping-jablines.com\/de\/tourismus-paris\/\" \/>\n<meta property=\"og:site_name\" content=\"International de Jablines\" \/>\n<meta property=\"article:modified_time\" content=\"2024-04-27T13:16:40+00:00\" \/>\n<meta property=\"og:image\" content=\"https:\/\/www.camping-jablines.com\/wp-content\/uploads\/2022\/12\/camping-familial-pour-visiter-paris.jpg\" \/>\n\t<meta property=\"og:image:width\" content=\"1348\" \/>\n\t<meta property=\"og:image:height\" content=\"670\" \/>\n\t<meta property=\"og:image:type\" content=\"image\/jpeg\" \/>\n<meta name=\"twitter:card\" content=\"summary_large_image\" \/>\n<meta name=\"twitter:label1\" content=\"Gesch\u00e4tzte Lesezeit\" \/>\n\t<meta name=\"twitter:data1\" content=\"2\u00a0Minuten\" \/>\n<script type=\"application\/ld+json\" class=\"yoast-schema-graph\">{\"@context\":\"https:\/\/schema.org\",\"@graph\":[{\"@type\":\"WebPage\",\"@id\":\"https:\/\/www.camping-jablines.com\/de\/tourismus-paris\/\",\"url\":\"https:\/\/www.camping-jablines.com\/de\/tourismus-paris\/\",\"name\":\"Urlaub in der N\u00e4he von Paris | Tourismus in Paris | Aufenthalt in Paris\",\"isPartOf\":{\"@id\":\"https:\/\/www.camping-jablines.com\/#website\"},\"primaryImageOfPage\":{\"@id\":\"https:\/\/www.camping-jablines.com\/de\/tourismus-paris\/#primaryimage\"},\"image\":{\"@id\":\"https:\/\/www.camping-jablines.com\/de\/tourismus-paris\/#primaryimage\"},\"thumbnailUrl\":\"https:\/\/www.camping-jablines.com\/wp-content\/uploads\/2022\/12\/camping-familial-pour-visiter-paris.jpg\",\"datePublished\":\"2023-01-10T15:56:23+00:00\",\"dateModified\":\"2024-04-27T13:16:40+00:00\",\"breadcrumb\":{\"@id\":\"https:\/\/www.camping-jablines.com\/de\/tourismus-paris\/#breadcrumb\"},\"inLanguage\":\"de\",\"potentialAction\":[{\"@type\":\"ReadAction\",\"target\":[\"https:\/\/www.camping-jablines.com\/de\/tourismus-paris\/\"]}]},{\"@type\":\"ImageObject\",\"inLanguage\":\"de\",\"@id\":\"https:\/\/www.camping-jablines.com\/de\/tourismus-paris\/#primaryimage\",\"url\":\"https:\/\/www.camping-jablines.com\/wp-content\/uploads\/2022\/12\/camping-familial-pour-visiter-paris.jpg\",\"contentUrl\":\"https:\/\/www.camping-jablines.com\/wp-content\/uploads\/2022\/12\/camping-familial-pour-visiter-paris.jpg\",\"width\":1348,\"height\":670,\"caption\":\"camping familial pour visiter paris\"},{\"@type\":\"BreadcrumbList\",\"@id\":\"https:\/\/www.camping-jablines.com\/de\/tourismus-paris\/#breadcrumb\",\"itemListElement\":[{\"@type\":\"ListItem\",\"position\":1,\"name\":\"Camping Seine-et-Marne\",\"item\":\"https:\/\/www.camping-jablines.com\/de\/\"},{\"@type\":\"ListItem\",\"position\":2,\"name\":\"Aufenthalt in der N\u00e4he von Paris\"}]},{\"@type\":\"WebSite\",\"@id\":\"https:\/\/www.camping-jablines.com\/#website\",\"url\":\"https:\/\/www.camping-jablines.com\/\",\"name\":\"International de Jablines\",\"description\":\"\",\"publisher\":{\"@id\":\"https:\/\/www.camping-jablines.com\/#organization\"},\"potentialAction\":[{\"@type\":\"SearchAction\",\"target\":{\"@type\":\"EntryPoint\",\"urlTemplate\":\"https:\/\/www.camping-jablines.com\/?s={search_term_string}\"},\"query-input\":{\"@type\":\"PropertyValueSpecification\",\"valueRequired\":true,\"valueName\":\"search_term_string\"}}],\"inLanguage\":\"de\"},{\"@type\":\"Organization\",\"@id\":\"https:\/\/www.camping-jablines.com\/#organization\",\"name\":\"International de Jablines\",\"alternateName\":\"International de Jablines\",\"url\":\"https:\/\/www.camping-jablines.com\/\",\"logo\":{\"@type\":\"ImageObject\",\"inLanguage\":\"de\",\"@id\":\"https:\/\/www.camping-jablines.com\/#\/schema\/logo\/image\/\",\"url\":\"https:\/\/www.camping-jablines.com\/wp-content\/uploads\/2022\/12\/cropped-favicon.png\",\"contentUrl\":\"https:\/\/www.camping-jablines.com\/wp-content\/uploads\/2022\/12\/cropped-favicon.png\",\"width\":512,\"height\":512,\"caption\":\"International de Jablines\"},\"image\":{\"@id\":\"https:\/\/www.camping-jablines.com\/#\/schema\/logo\/image\/\"}}]}<\/script>\n<!-- \/ Yoast SEO plugin. -->","yoast_head_json":{"title":"Urlaub in der N\u00e4he von Paris | Tourismus in Paris | Aufenthalt in Paris","robots":{"index":"index","follow":"follow","max-snippet":"max-snippet:-1","max-image-preview":"max-image-preview:large","max-video-preview":"max-video-preview:-1"},"canonical":"https:\/\/www.camping-jablines.com\/de\/tourismus-paris\/","og_locale":"de_DE","og_type":"article","og_title":"Urlaub in der N\u00e4he von Paris | Tourismus in Paris | Aufenthalt in Paris","og_url":"https:\/\/www.camping-jablines.com\/de\/tourismus-paris\/","og_site_name":"International de Jablines","article_modified_time":"2024-04-27T13:16:40+00:00","og_image":[{"width":1348,"height":670,"url":"https:\/\/www.camping-jablines.com\/wp-content\/uploads\/2022\/12\/camping-familial-pour-visiter-paris.jpg","type":"image\/jpeg"}],"twitter_card":"summary_large_image","twitter_misc":{"Gesch\u00e4tzte Lesezeit":"2\u00a0Minuten"},"schema":{"@context":"https:\/\/schema.org","@graph":[{"@type":"WebPage","@id":"https:\/\/www.camping-jablines.com\/de\/tourismus-paris\/","url":"https:\/\/www.camping-jablines.com\/de\/tourismus-paris\/","name":"Urlaub in der N\u00e4he von Paris | Tourismus in Paris | Aufenthalt in Paris","isPartOf":{"@id":"https:\/\/www.camping-jablines.com\/#website"},"primaryImageOfPage":{"@id":"https:\/\/www.camping-jablines.com\/de\/tourismus-paris\/#primaryimage"},"image":{"@id":"https:\/\/www.camping-jablines.com\/de\/tourismus-paris\/#primaryimage"},"thumbnailUrl":"https:\/\/www.camping-jablines.com\/wp-content\/uploads\/2022\/12\/camping-familial-pour-visiter-paris.jpg","datePublished":"2023-01-10T15:56:23+00:00","dateModified":"2024-04-27T13:16:40+00:00","breadcrumb":{"@id":"https:\/\/www.camping-jablines.com\/de\/tourismus-paris\/#breadcrumb"},"inLanguage":"de","potentialAction":[{"@type":"ReadAction","target":["https:\/\/www.camping-jablines.com\/de\/tourismus-paris\/"]}]},{"@type":"ImageObject","inLanguage":"de","@id":"https:\/\/www.camping-jablines.com\/de\/tourismus-paris\/#primaryimage","url":"https:\/\/www.camping-jablines.com\/wp-content\/uploads\/2022\/12\/camping-familial-pour-visiter-paris.jpg","contentUrl":"https:\/\/www.camping-jablines.com\/wp-content\/uploads\/2022\/12\/camping-familial-pour-visiter-paris.jpg","width":1348,"height":670,"caption":"camping familial pour visiter paris"},{"@type":"BreadcrumbList","@id":"https:\/\/www.camping-jablines.com\/de\/tourismus-paris\/#breadcrumb","itemListElement":[{"@type":"ListItem","position":1,"name":"Camping Seine-et-Marne","item":"https:\/\/www.camping-jablines.com\/de\/"},{"@type":"ListItem","position":2,"name":"Aufenthalt in der N\u00e4he von Paris"}]},{"@type":"WebSite","@id":"https:\/\/www.camping-jablines.com\/#website","url":"https:\/\/www.camping-jablines.com\/","name":"International de Jablines","description":"","publisher":{"@id":"https:\/\/www.camping-jablines.com\/#organization"},"potentialAction":[{"@type":"SearchAction","target":{"@type":"EntryPoint","urlTemplate":"https:\/\/www.camping-jablines.com\/?s={search_term_string}"},"query-input":{"@type":"PropertyValueSpecification","valueRequired":true,"valueName":"search_term_string"}}],"inLanguage":"de"},{"@type":"Organization","@id":"https:\/\/www.camping-jablines.com\/#organization","name":"International de Jablines","alternateName":"International de Jablines","url":"https:\/\/www.camping-jablines.com\/","logo":{"@type":"ImageObject","inLanguage":"de","@id":"https:\/\/www.camping-jablines.com\/#\/schema\/logo\/image\/","url":"https:\/\/www.camping-jablines.com\/wp-content\/uploads\/2022\/12\/cropped-favicon.png","contentUrl":"https:\/\/www.camping-jablines.com\/wp-content\/uploads\/2022\/12\/cropped-favicon.png","width":512,"height":512,"caption":"International de Jablines"},"image":{"@id":"https:\/\/www.camping-jablines.com\/#\/schema\/logo\/image\/"}}]}},"_links":{"self":[{"href":"https:\/\/www.camping-jablines.com\/de\/wp-json\/wp\/v2\/pages\/1624","targetHints":{"allow":["GET"]}}],"collection":[{"href":"https:\/\/www.camping-jablines.com\/de\/wp-json\/wp\/v2\/pages"}],"about":[{"href":"https:\/\/www.camping-jablines.com\/de\/wp-json\/wp\/v2\/types\/page"}],"author":[{"embeddable":true,"href":"https:\/\/www.camping-jablines.com\/de\/wp-json\/wp\/v2\/users\/1"}],"replies":[{"embeddable":true,"href":"https:\/\/www.camping-jablines.com\/de\/wp-json\/wp\/v2\/comments?post=1624"}],"version-history":[{"count":5,"href":"https:\/\/www.camping-jablines.com\/de\/wp-json\/wp\/v2\/pages\/1624\/revisions"}],"predecessor-version":[{"id":2831,"href":"https:\/\/www.camping-jablines.com\/de\/wp-json\/wp\/v2\/pages\/1624\/revisions\/2831"}],"wp:featuredmedia":[{"embeddable":true,"href":"https:\/\/www.camping-jablines.com\/de\/wp-json\/wp\/v2\/media\/1044"}],"wp:attachment":[{"href":"https:\/\/www.camping-jablines.com\/de\/wp-json\/wp\/v2\/media?parent=1624"}],"wp:term":[{"taxonomy":"sujet","embeddable":true,"href":"https:\/\/www.camping-jablines.com\/de\/wp-json\/wp\/v2\/sujet?post=1624"}],"curies":[{"name":"wp","href":"https:\/\/api.w.org\/{rel}","templated":true}]}}