{"id":1616,"date":"2023-01-10T16:27:01","date_gmt":"2023-01-10T15:27:01","guid":{"rendered":"https:\/\/www.camping-jablines.com\/vermietung-standort-paris\/"},"modified":"2025-10-27T14:29:13","modified_gmt":"2025-10-27T13:29:13","slug":"vermietung-standort-paris","status":"publish","type":"page","link":"https:\/\/www.camping-jablines.com\/de\/vermietung-standort-paris\/","title":{"rendered":"Standorte"},"content":{"rendered":"<section id=\"ls-section-block_ec31702a59774dee441425a6c8fe7758\" class=\"ls-section  has-m-t m-t-0 has-m-b m-b-0\" >\n        <div class=\"container container--wide\">\n        \n\n<h1 class=\"ls__heading wp-block-heading has-text-align-center m-b-3\">Vermietung von Stellpl\u00e4tzen in der N\u00e4he von Paris<\/h1>\n\n\n\n<div id=\"ls-hebergements-block_034119116a740052b5caa80c89429ab5\" class=\"ls-hebergements\">\n\n    <div class=\"ls-customizer\">\n\n    <div class=\"ls-customizer__filters\">\n        <div class=\"ls-customizer__filters__close\">\n            <i class=\"fas fa-times\"><\/i>\n        <\/div>\n\n        <div class=\"ls-customizer__filters__title\">\n            <b>Filter<\/b>\n            <span class=\"ls-customizer__filters__clear\"><i class=\"fas fa-times\"><\/i> Filter l\u00f6schen<\/span>\n        <\/div>\n\n                \n        <!-- Filtres ACF fields -->\n        \n                                <!-- Filtre nombre_de_personnes -->\n                        <div class=\"filter\" id=\"filter-nombre_de_personnes\">\n                <div class=\"filter__title\">Maximale Kapazit\u00e4t<i class=\"fas fa-angle-down\"><\/i><\/div>\n                <fieldset data-filter=\"nombre_de_personnes\" data-operator=\"<=\" class=\"input\">\n                    \n                    <div><input type=\"radio\" name=\"nombre_de_personnes\" id=\"nombre_de_personnes-all\"  class=\"checkbox\" \/><label for='nombre_de_personnes-all'>Alle<\/label><\/div><div><input type=\"radio\" name=\"nombre_de_personnes\" id=\"nombre_de_personnes-2\" value=\"2\" class=\"checkbox\"  \/><label for='nombre_de_personnes-2'>Bis zu 2 Personen<\/label><\/div><div><input type=\"radio\" name=\"nombre_de_personnes\" id=\"nombre_de_personnes-3\" value=\"3\" class=\"checkbox\"  \/><label for='nombre_de_personnes-3'>Bis zu 3 Personen<\/label><\/div><div><input type=\"radio\" name=\"nombre_de_personnes\" id=\"nombre_de_personnes-4\" value=\"4\" class=\"checkbox\"  \/><label for='nombre_de_personnes-4'>Bis zu 4 Personen<\/label><\/div><div><input type=\"radio\" name=\"nombre_de_personnes\" id=\"nombre_de_personnes-6\" value=\"6\" class=\"checkbox\"  \/><label for='nombre_de_personnes-6'>Bis zu 6 Personen<\/label><\/div>                <\/fieldset>\n            <\/div>\n                                <!-- Filtre nombre_de_chambres -->\n                        <div class=\"filter\" id=\"filter-nombre_de_chambres\">\n                <div class=\"filter__title\">Anzahl der Zimmer<i class=\"fas fa-angle-down\"><\/i><\/div>\n                <fieldset data-filter=\"nombre_de_chambres\" data-operator=\"==\" class=\"input\">\n                    \n                    <div><input type=\"radio\" name=\"nombre_de_chambres\" id=\"nombre_de_chambres-all\"  class=\"checkbox\" \/><label for='nombre_de_chambres-all'>Alle<\/label><\/div><div><input type=\"radio\" name=\"nombre_de_chambres\" id=\"nombre_de_chambres-1\" value=\"1\" class=\"checkbox\"  \/><label for='nombre_de_chambres-1'>1<\/label><\/div><div><input type=\"radio\" name=\"nombre_de_chambres\" id=\"nombre_de_chambres-2\" value=\"2\" class=\"checkbox\"  \/><label for='nombre_de_chambres-2'>2<\/label><\/div><div><input type=\"radio\" name=\"nombre_de_chambres\" id=\"nombre_de_chambres-3\" value=\"3\" class=\"checkbox\"  \/><label for='nombre_de_chambres-3'>3<\/label><\/div>                <\/fieldset>\n            <\/div>\n                    \n        <div id=\"validate-filters\" class=\"ls-button\">Valider la s\u00e9lection<\/div>\n\n        \n    <\/div>\n\n<\/div><div class=\"ls-hebergements__results\" data-row=\"3\" data-campings=\"false\" data-types=\"[23]\"><div class=\"ls-hebergement\" data-postid='2602' data-id-reservation='125839' data-id-site='' data-id1='' data-nombre_de_personnes='6' data-nombre_de_chambres='' data-type='emplacement'>\n\t<div class=\"ls-hebergement__thumb\">\n\t\t<img decoding=\"async\" width=\"1172\" height=\"796\" src=\"https:\/\/www.camping-jablines.com\/wp-content\/uploads\/2022\/12\/Capture-decran-2023-09-24-173833.png\" class=\"attachment-full size-full wp-post-image\" alt=\"\" 0=\"\" srcset=\"https:\/\/www.camping-jablines.com\/wp-content\/uploads\/2022\/12\/Capture-decran-2023-09-24-173833.png 1172w, https:\/\/www.camping-jablines.com\/wp-content\/uploads\/2022\/12\/Capture-decran-2023-09-24-173833-300x204.png 300w, https:\/\/www.camping-jablines.com\/wp-content\/uploads\/2022\/12\/Capture-decran-2023-09-24-173833-1024x695.png 1024w, https:\/\/www.camping-jablines.com\/wp-content\/uploads\/2022\/12\/Capture-decran-2023-09-24-173833-768x522.png 768w\" sizes=\"(max-width: 1172px) 100vw, 1172px\" \/>\t\t<div class=\"ls-hebergement__details\">\n\t\t\t<div class=\"ls-hebergement__icons\">\n\n\t\t\t\t\t\t\t\t\t<span class=\"ls-hebergement__icon\">\n\t\t\t\t\t\t<span class=\"ct-hebergement-surface\"><\/span>\n\t\t\t\t\t\t80m\u00b2\n\t\t\t\t\t<\/span>\n\t\t\t\t\t\t\t\t\t\t\t\t\t<span class=\"ls-hebergement__icon\">\n\t\t\t\t\t\t<span class=\"ct-hebergement-user\"><\/span>\n\t\t\t\t\t\t6\t\t\t\t\t<\/span>\n\t\t\t\t\n\t\t\t\t\n\t\t\t\t\t\t\t<\/div>\n\t\t<\/div>\n\t<\/div>\n\t<div class=\"ls-hebergement__title\">\n\t\tPauschale Confort mit Wasser + Strom + Abwasserentsorgung\t<\/div>\n\n\t<div class=\"ls-hebergement__disponibilites__offline\">\n\t\tEntdecken Sie\t<\/div>\n<\/div><div class=\"ls-hebergement\" data-postid='1745' data-id-reservation='125838' data-id-site='' data-id1='' data-nombre_de_personnes='6' data-nombre_de_chambres='' data-type='emplacement'>\n\t<div class=\"ls-hebergement__thumb\">\n\t\t<img decoding=\"async\" width=\"900\" height=\"600\" src=\"https:\/\/www.camping-jablines.com\/wp-content\/uploads\/2022\/12\/emplacement-camping-car-paris-camping-international-de-jablines.jpg\" class=\"attachment-full size-full wp-post-image\" alt=\"emplacement camping car paris\" 0=\"\" srcset=\"https:\/\/www.camping-jablines.com\/wp-content\/uploads\/2022\/12\/emplacement-camping-car-paris-camping-international-de-jablines.jpg 900w, https:\/\/www.camping-jablines.com\/wp-content\/uploads\/2022\/12\/emplacement-camping-car-paris-camping-international-de-jablines-300x200.jpg 300w, https:\/\/www.camping-jablines.com\/wp-content\/uploads\/2022\/12\/emplacement-camping-car-paris-camping-international-de-jablines-768x512.jpg 768w\" sizes=\"(max-width: 900px) 100vw, 900px\" \/>\t\t<div class=\"ls-hebergement__details\">\n\t\t\t<div class=\"ls-hebergement__icons\">\n\n\t\t\t\t\t\t\t\t\t<span class=\"ls-hebergement__icon\">\n\t\t\t\t\t\t<span class=\"ct-hebergement-surface\"><\/span>\n\t\t\t\t\t\t80m\u00b2\n\t\t\t\t\t<\/span>\n\t\t\t\t\t\t\t\t\t\t\t\t\t<span class=\"ls-hebergement__icon\">\n\t\t\t\t\t\t<span class=\"ct-hebergement-user\"><\/span>\n\t\t\t\t\t\t6\t\t\t\t\t<\/span>\n\t\t\t\t\n\t\t\t\t\n\t\t\t\t\t\t\t<\/div>\n\t\t<\/div>\n\t<\/div>\n\t<div class=\"ls-hebergement__title\">\n\t\tKOMFORTPLATZ\t<\/div>\n\n\t<div class=\"ls-hebergement__disponibilites__offline\">\n\t\tEntdecken Sie\t<\/div>\n<\/div><\/div><\/div>\n\n    <\/div>\n<\/section><section id=\"ls-section-block_ca5329af86dd2675d3063df868431d39\" class=\"ls-section  m-t-0\" >\n        <div class=\"container container--wide\">\n        \n\n<div class=\"wp-block-columns is-layout-flex wp-container-core-columns-is-layout-9d6595d7 wp-block-columns-is-layout-flex\">\n<div class=\"wp-block-column is-vertically-aligned-top is-layout-flow wp-block-column-is-layout-flow\">\n<h2 class=\"ls__heading wp-block-heading m-t-0\">Ihr Stellplatz zum Mieten in der N\u00e4he von Disneyland\u00ae Paris<\/h2>\n\n\n\n<p class=\"ls-paragraph\">Unsere Stellpl\u00e4tze zwischen Halbschatten und Sonne mit einer Fl\u00e4che von 80 bis 100m\u00b2, Standard oder Komfort werden <strong>Naturliebhaber gl\u00fccklich machen<\/strong>.<\/p>\n\n\n\n<p class=\"ls-paragraph\">Wir bieten <a href=\"https:\/\/www.camping-jablines.com\/de\/standort-mobil-heimat-paris\/\">Mobilheime, Lodges<\/a> und 129 Stellpl\u00e4tze zur Miete an, die alle aus einem Rasen- und einem befestigten Teil bestehen:<\/p>\n\n\n\n<ul class=\"ls-list ls-list-undefined wp-block-list\">\n<li>69 Mietstellpl\u00e4tze &#8222;Standard&#8220; mit Strom (10A): siehe Preise und Verf\u00fcgbarkeit.<\/li>\n\n\n\n<li>60 &#8222;Komfort&#8220;-Stellpl\u00e4tze mit Strom (10A), Wasser und Abwasser: siehe Preise und Verf\u00fcgbarkeit. <\/li>\n<\/ul>\n\n\n\n<p class=\"ls-paragraph\">Vermietet wird pro Nacht oder l\u00e4nger, f\u00fcr maximal 6 Personen pro Stellplatz. Unsere Aufenthalte verstehen sich bei einer Ankunft nach 14:00 Uhr und einer Abreise vor 12:00 Uhr.<\/p>\n\n\n\n<p class=\"ls-paragraph\">F\u00fcr Familien: Kinder unter 3 Jahren sind dort kostenlos.<\/p>\n\n\n\n<p class=\"ls-paragraph\"><\/p>\n<\/div>\n\n\n\n<div class=\"wp-block-column is-vertically-aligned-top is-layout-flow wp-block-column-is-layout-flow\">\n<p class=\"ls-paragraph\"><\/p>\n\n\n\n<h2 class=\"ls__heading wp-block-heading\">Dienstleistungen f\u00fcr Stellpl\u00e4tze und Sanit\u00e4ranlagen<\/h2>\n\n\n\n<p class=\"ls-paragraph\"><strong>Zwei Sanit\u00e4ranlagen<\/strong> stehen Ihnen rund um die Uhr und kostenlos zur Verf\u00fcgung. Sie sind mit Duschen, Waschbecken, W\u00e4sche- und Geschirrbeh\u00e4ltern, Waschmaschinen und W\u00e4schetrocknern ausgestattet.<\/p>\n\n\n\n<p class=\"ls-paragraph\">Eine Kabine f\u00fcr Menschen mit eingeschr\u00e4nkter Mobilit\u00e4t ist ebenfalls vorhanden.<\/p>\n\n\n\n<p class=\"ls-paragraph\">Um Wasser zu tanken, gibt es einen <strong>Servicebereich<\/strong> (100L). Sie m\u00fcssen an der Rezeption einen Chip abholen, um ihn zu aktivieren. Die Camper haben au\u00dferdem Zugang zu chemischen Toiletten.<\/p>\n\n\n\n<p class=\"ls-paragraph\">Alle <strong>Stromanschlussklemmen<\/strong> sind nach europ\u00e4ischen Normen ausgestattet und es ist ratsam, Adapter und Verl\u00e4ngerungskabel mitzunehmen.<\/p>\n<\/div>\n<\/div>\n\n\n    <\/div>\n<\/section><section id=\"ls-section-block_b87b4e55f475e978b17dc9fe1e24ef3e\" class=\"ls-section  home-third fade-background page-two page-trois has-background-image has-parallax\" >\n    <div class=\"ls-section__background-image opacity-100\"><img decoding=\"async\" src=\"https:\/\/www.camping-jablines.com\/wp-content\/uploads\/2023\/01\/animaux-compagnie.jpg\" alt=\"animaux compagnie\"><\/div>    <div class=\"container container--wide\">\n        \n\n<div class=\"wp-block-columns is-layout-flex wp-container-core-columns-is-layout-9d6595d7 wp-block-columns-is-layout-flex\">\n<div class=\"wp-block-column is-layout-flow wp-block-column-is-layout-flow\" style=\"flex-basis:50%\"><\/div>\n\n\n\n<div class=\"wp-block-column is-vertically-aligned-center animated fadeInRight slow is-layout-flow wp-block-column-is-layout-flow\" style=\"flex-basis:50%\">\n<div class=\"wp-block-columns are-vertically-aligned-center is-layout-flex wp-container-core-columns-is-layout-9d6595d7 wp-block-columns-is-layout-flex\">\n<div class=\"wp-block-column is-vertically-aligned-center is-layout-flow wp-block-column-is-layout-flow\">\n<div class=\"wp-block-columns column-content is-layout-flex wp-container-core-columns-is-layout-9d6595d7 wp-block-columns-is-layout-flex\">\n<div class=\"wp-block-column is-layout-flow wp-block-column-is-layout-flow\">\n<h2 class=\"ls__heading wp-block-heading m-t-0 has-color-white-color has-text-color\">HAUSTIERE AUF DEN STELLPL\u00c4TZEN ERLAUBT<\/h2>\n\n\n\n<p class=\"ls-paragraph has-color-white-color has-text-color\">Ihre vierbeinigen Freunde sind auf dem Camping erlaubt. Sie werden begeistert sein, den <strong>Hund Stitch<\/strong> an der Rezeption zu treffen, das <strong>Maskottchen<\/strong> des <a href=\"\/\">Campingplatzes in Jablines.<\/a> <\/p>\n\n\n\n<p class=\"ls-paragraph has-color-white-color has-text-color\">Es wird darum gebeten, sie an der Leine zu f\u00fchren und auf dem neuesten Stand der Impfungen zu sein.<\/p>\n<\/div>\n<\/div>\n<\/div>\n<\/div>\n<\/div>\n<\/div>\n\n\n    <\/div>\n<\/section><section id=\"ls-section-block_21a02620bf14de35d4f308870bc26b6a\" class=\"ls-section \" >\n        <div class=\"container container--wide\">\n        \n\n<div id=\"ls-heading ls-titre-div-block_5304faa1f2bb24bdd42e58d7b179ae12\" class=\"ls-titre-div h2-like\" >\n    Entdecken Sie unsere Mobilheime, unsere Preise und unseren Service<\/div>\n\n\n<div id=\"ls-maillage-block_4f22eb9da3680c0ce9fd94921ddf3e01\" class=\"ls-maillage cta-style-normal\" data-rows=\"3\">\n    <div class=\"wp-block-columns\"><div class=\"wp-block-column\">\n\n<a href=\"https:\/\/www.camping-jablines.com\/de\/camping-familien-paris\/\" target=\"\" rel=\"noopener\" class=\"ls-cta__link\">\n\n\t<div class=\"ls-cta__image\"><img decoding=\"async\" src=\"https:\/\/www.camping-jablines.com\/wp-content\/uploads\/2023\/09\/Capture-decran-2023-09-24-162644-768x572.png\" alt=\"\"><\/div>\n\t<div class=\"ls-cta__title\">\n\t\tDie Dienste\t<\/div>\n\n\t\t\n<\/a><\/div><div class=\"wp-block-column\">\n\n<a href=\"https:\/\/www.camping-jablines.com\/de\/standort-mobil-heimat-paris\/\" target=\"\" rel=\"noopener\" class=\"ls-cta__link\">\n\n\t<div class=\"ls-cta__image\"><img decoding=\"async\" src=\"https:\/\/www.camping-jablines.com\/wp-content\/uploads\/2023\/10\/IMG_2765-768x512.jpg\" alt=\"\"><\/div>\n\t<div class=\"ls-cta__title\">\n\t\tVermietungen\t<\/div>\n\n\t\t\n<\/a><\/div><div class=\"wp-block-column\">\n\n<a href=\"https:\/\/www.camping-jablines.com\/de\/camping-billig-paris\/\" target=\"\" rel=\"noopener\" class=\"ls-cta__link\">\n\n\t<div class=\"ls-cta__image\"><img decoding=\"async\" src=\"https:\/\/www.camping-jablines.com\/wp-content\/uploads\/2023\/01\/emplacement-camping-paris-1.jpg\" alt=\"emplacement camping paris\"><\/div>\n\t<div class=\"ls-cta__title\">\n\t\tTarife\t<\/div>\n\n\t\t\n<\/a><\/div><\/div><\/div>\n\n    <\/div>\n<\/section>","protected":false},"excerpt":{"rendered":"","protected":false},"author":1,"featured_media":1379,"parent":0,"menu_order":0,"comment_status":"closed","ping_status":"closed","template":"","meta":{"_acf_changed":false,"footnotes":""},"sujet":[],"class_list":["post-1616","page","type-page","status-publish","has-post-thumbnail","hentry"],"acf":[],"yoast_head":"<!-- This site is optimized with the Yoast SEO plugin v23.4 - https:\/\/yoast.com\/wordpress\/plugins\/seo\/ -->\n<title>Vermietung Stellplatz Paris | Stellplatz Caravaning Disney<\/title>\n<meta name=\"description\" content=\"Camping-Stellpl\u00e4tze in der N\u00e4he von Paris, CAMPING INTERNATIONAL DE JABLINES *** in Jablines (77), Freizeitzentrum in der N\u00e4he von Disneyland Resort\u00a9 in der Ile de France, bietet Vermietung von Mobilheimen und Stellpl\u00e4tze am See mit Wassersportzentrum.\" \/>\n<meta name=\"robots\" content=\"index, follow, max-snippet:-1, max-image-preview:large, max-video-preview:-1\" \/>\n<link rel=\"canonical\" href=\"https:\/\/www.camping-jablines.com\/de\/vermietung-standort-paris\/\" \/>\n<meta property=\"og:locale\" content=\"de_DE\" \/>\n<meta property=\"og:type\" content=\"article\" \/>\n<meta property=\"og:title\" content=\"Vermietung Stellplatz Paris | Stellplatz Caravaning Disney\" \/>\n<meta property=\"og:description\" content=\"Camping-Stellpl\u00e4tze in der N\u00e4he von Paris, CAMPING INTERNATIONAL DE JABLINES *** in Jablines (77), Freizeitzentrum in der N\u00e4he von Disneyland Resort\u00a9 in der Ile de France, bietet Vermietung von Mobilheimen und Stellpl\u00e4tze am See mit Wassersportzentrum.\" \/>\n<meta property=\"og:url\" content=\"https:\/\/www.camping-jablines.com\/de\/vermietung-standort-paris\/\" \/>\n<meta property=\"og:site_name\" content=\"International de Jablines\" \/>\n<meta property=\"article:modified_time\" content=\"2025-10-27T13:29:13+00:00\" \/>\n<meta property=\"og:image\" content=\"https:\/\/www.camping-jablines.com\/wp-content\/uploads\/2023\/01\/emplacement-camping-paris.jpg\" \/>\n\t<meta property=\"og:image:width\" content=\"1900\" \/>\n\t<meta property=\"og:image:height\" content=\"665\" \/>\n\t<meta property=\"og:image:type\" content=\"image\/jpeg\" \/>\n<meta name=\"twitter:card\" content=\"summary_large_image\" \/>\n<meta name=\"twitter:label1\" content=\"Gesch\u00e4tzte Lesezeit\" \/>\n\t<meta name=\"twitter:data1\" content=\"2\u00a0Minuten\" \/>\n<script type=\"application\/ld+json\" class=\"yoast-schema-graph\">{\"@context\":\"https:\/\/schema.org\",\"@graph\":[{\"@type\":\"WebPage\",\"@id\":\"https:\/\/www.camping-jablines.com\/de\/vermietung-standort-paris\/\",\"url\":\"https:\/\/www.camping-jablines.com\/de\/vermietung-standort-paris\/\",\"name\":\"Vermietung Stellplatz Paris | Stellplatz Caravaning Disney\",\"isPartOf\":{\"@id\":\"https:\/\/www.camping-jablines.com\/#website\"},\"primaryImageOfPage\":{\"@id\":\"https:\/\/www.camping-jablines.com\/de\/vermietung-standort-paris\/#primaryimage\"},\"image\":{\"@id\":\"https:\/\/www.camping-jablines.com\/de\/vermietung-standort-paris\/#primaryimage\"},\"thumbnailUrl\":\"https:\/\/www.camping-jablines.com\/wp-content\/uploads\/2023\/01\/emplacement-camping-paris.jpg\",\"datePublished\":\"2023-01-10T15:27:01+00:00\",\"dateModified\":\"2025-10-27T13:29:13+00:00\",\"description\":\"Camping-Stellpl\u00e4tze in der N\u00e4he von Paris, CAMPING INTERNATIONAL DE JABLINES *** in Jablines (77), Freizeitzentrum in der N\u00e4he von Disneyland Resort\u00a9 in der Ile de France, bietet Vermietung von Mobilheimen und Stellpl\u00e4tze am See mit Wassersportzentrum.\",\"breadcrumb\":{\"@id\":\"https:\/\/www.camping-jablines.com\/de\/vermietung-standort-paris\/#breadcrumb\"},\"inLanguage\":\"de\",\"potentialAction\":[{\"@type\":\"ReadAction\",\"target\":[\"https:\/\/www.camping-jablines.com\/de\/vermietung-standort-paris\/\"]}]},{\"@type\":\"ImageObject\",\"inLanguage\":\"de\",\"@id\":\"https:\/\/www.camping-jablines.com\/de\/vermietung-standort-paris\/#primaryimage\",\"url\":\"https:\/\/www.camping-jablines.com\/wp-content\/uploads\/2023\/01\/emplacement-camping-paris.jpg\",\"contentUrl\":\"https:\/\/www.camping-jablines.com\/wp-content\/uploads\/2023\/01\/emplacement-camping-paris.jpg\",\"width\":1900,\"height\":665,\"caption\":\"emplacement camping paris\"},{\"@type\":\"BreadcrumbList\",\"@id\":\"https:\/\/www.camping-jablines.com\/de\/vermietung-standort-paris\/#breadcrumb\",\"itemListElement\":[{\"@type\":\"ListItem\",\"position\":1,\"name\":\"Camping Seine-et-Marne\",\"item\":\"https:\/\/www.camping-jablines.com\/de\/\"},{\"@type\":\"ListItem\",\"position\":2,\"name\":\"Caravaning-Stellplatz Disney\"}]},{\"@type\":\"WebSite\",\"@id\":\"https:\/\/www.camping-jablines.com\/#website\",\"url\":\"https:\/\/www.camping-jablines.com\/\",\"name\":\"International de Jablines\",\"description\":\"\",\"publisher\":{\"@id\":\"https:\/\/www.camping-jablines.com\/#organization\"},\"potentialAction\":[{\"@type\":\"SearchAction\",\"target\":{\"@type\":\"EntryPoint\",\"urlTemplate\":\"https:\/\/www.camping-jablines.com\/?s={search_term_string}\"},\"query-input\":{\"@type\":\"PropertyValueSpecification\",\"valueRequired\":true,\"valueName\":\"search_term_string\"}}],\"inLanguage\":\"de\"},{\"@type\":\"Organization\",\"@id\":\"https:\/\/www.camping-jablines.com\/#organization\",\"name\":\"International de Jablines\",\"alternateName\":\"International de Jablines\",\"url\":\"https:\/\/www.camping-jablines.com\/\",\"logo\":{\"@type\":\"ImageObject\",\"inLanguage\":\"de\",\"@id\":\"https:\/\/www.camping-jablines.com\/#\/schema\/logo\/image\/\",\"url\":\"https:\/\/www.camping-jablines.com\/wp-content\/uploads\/2022\/12\/cropped-favicon.png\",\"contentUrl\":\"https:\/\/www.camping-jablines.com\/wp-content\/uploads\/2022\/12\/cropped-favicon.png\",\"width\":512,\"height\":512,\"caption\":\"International de Jablines\"},\"image\":{\"@id\":\"https:\/\/www.camping-jablines.com\/#\/schema\/logo\/image\/\"}}]}<\/script>\n<!-- \/ Yoast SEO plugin. -->","yoast_head_json":{"title":"Vermietung Stellplatz Paris | Stellplatz Caravaning Disney","description":"Camping-Stellpl\u00e4tze in der N\u00e4he von Paris, CAMPING INTERNATIONAL DE JABLINES *** in Jablines (77), Freizeitzentrum in der N\u00e4he von Disneyland Resort\u00a9 in der Ile de France, bietet Vermietung von Mobilheimen und Stellpl\u00e4tze am See mit Wassersportzentrum.","robots":{"index":"index","follow":"follow","max-snippet":"max-snippet:-1","max-image-preview":"max-image-preview:large","max-video-preview":"max-video-preview:-1"},"canonical":"https:\/\/www.camping-jablines.com\/de\/vermietung-standort-paris\/","og_locale":"de_DE","og_type":"article","og_title":"Vermietung Stellplatz Paris | Stellplatz Caravaning Disney","og_description":"Camping-Stellpl\u00e4tze in der N\u00e4he von Paris, CAMPING INTERNATIONAL DE JABLINES *** in Jablines (77), Freizeitzentrum in der N\u00e4he von Disneyland Resort\u00a9 in der Ile de France, bietet Vermietung von Mobilheimen und Stellpl\u00e4tze am See mit Wassersportzentrum.","og_url":"https:\/\/www.camping-jablines.com\/de\/vermietung-standort-paris\/","og_site_name":"International de Jablines","article_modified_time":"2025-10-27T13:29:13+00:00","og_image":[{"width":1900,"height":665,"url":"https:\/\/www.camping-jablines.com\/wp-content\/uploads\/2023\/01\/emplacement-camping-paris.jpg","type":"image\/jpeg"}],"twitter_card":"summary_large_image","twitter_misc":{"Gesch\u00e4tzte Lesezeit":"2\u00a0Minuten"},"schema":{"@context":"https:\/\/schema.org","@graph":[{"@type":"WebPage","@id":"https:\/\/www.camping-jablines.com\/de\/vermietung-standort-paris\/","url":"https:\/\/www.camping-jablines.com\/de\/vermietung-standort-paris\/","name":"Vermietung Stellplatz Paris | Stellplatz Caravaning Disney","isPartOf":{"@id":"https:\/\/www.camping-jablines.com\/#website"},"primaryImageOfPage":{"@id":"https:\/\/www.camping-jablines.com\/de\/vermietung-standort-paris\/#primaryimage"},"image":{"@id":"https:\/\/www.camping-jablines.com\/de\/vermietung-standort-paris\/#primaryimage"},"thumbnailUrl":"https:\/\/www.camping-jablines.com\/wp-content\/uploads\/2023\/01\/emplacement-camping-paris.jpg","datePublished":"2023-01-10T15:27:01+00:00","dateModified":"2025-10-27T13:29:13+00:00","description":"Camping-Stellpl\u00e4tze in der N\u00e4he von Paris, CAMPING INTERNATIONAL DE JABLINES *** in Jablines (77), Freizeitzentrum in der N\u00e4he von Disneyland Resort\u00a9 in der Ile de France, bietet Vermietung von Mobilheimen und Stellpl\u00e4tze am See mit Wassersportzentrum.","breadcrumb":{"@id":"https:\/\/www.camping-jablines.com\/de\/vermietung-standort-paris\/#breadcrumb"},"inLanguage":"de","potentialAction":[{"@type":"ReadAction","target":["https:\/\/www.camping-jablines.com\/de\/vermietung-standort-paris\/"]}]},{"@type":"ImageObject","inLanguage":"de","@id":"https:\/\/www.camping-jablines.com\/de\/vermietung-standort-paris\/#primaryimage","url":"https:\/\/www.camping-jablines.com\/wp-content\/uploads\/2023\/01\/emplacement-camping-paris.jpg","contentUrl":"https:\/\/www.camping-jablines.com\/wp-content\/uploads\/2023\/01\/emplacement-camping-paris.jpg","width":1900,"height":665,"caption":"emplacement camping paris"},{"@type":"BreadcrumbList","@id":"https:\/\/www.camping-jablines.com\/de\/vermietung-standort-paris\/#breadcrumb","itemListElement":[{"@type":"ListItem","position":1,"name":"Camping Seine-et-Marne","item":"https:\/\/www.camping-jablines.com\/de\/"},{"@type":"ListItem","position":2,"name":"Caravaning-Stellplatz Disney"}]},{"@type":"WebSite","@id":"https:\/\/www.camping-jablines.com\/#website","url":"https:\/\/www.camping-jablines.com\/","name":"International de Jablines","description":"","publisher":{"@id":"https:\/\/www.camping-jablines.com\/#organization"},"potentialAction":[{"@type":"SearchAction","target":{"@type":"EntryPoint","urlTemplate":"https:\/\/www.camping-jablines.com\/?s={search_term_string}"},"query-input":{"@type":"PropertyValueSpecification","valueRequired":true,"valueName":"search_term_string"}}],"inLanguage":"de"},{"@type":"Organization","@id":"https:\/\/www.camping-jablines.com\/#organization","name":"International de Jablines","alternateName":"International de Jablines","url":"https:\/\/www.camping-jablines.com\/","logo":{"@type":"ImageObject","inLanguage":"de","@id":"https:\/\/www.camping-jablines.com\/#\/schema\/logo\/image\/","url":"https:\/\/www.camping-jablines.com\/wp-content\/uploads\/2022\/12\/cropped-favicon.png","contentUrl":"https:\/\/www.camping-jablines.com\/wp-content\/uploads\/2022\/12\/cropped-favicon.png","width":512,"height":512,"caption":"International de Jablines"},"image":{"@id":"https:\/\/www.camping-jablines.com\/#\/schema\/logo\/image\/"}}]}},"_links":{"self":[{"href":"https:\/\/www.camping-jablines.com\/de\/wp-json\/wp\/v2\/pages\/1616","targetHints":{"allow":["GET"]}}],"collection":[{"href":"https:\/\/www.camping-jablines.com\/de\/wp-json\/wp\/v2\/pages"}],"about":[{"href":"https:\/\/www.camping-jablines.com\/de\/wp-json\/wp\/v2\/types\/page"}],"author":[{"embeddable":true,"href":"https:\/\/www.camping-jablines.com\/de\/wp-json\/wp\/v2\/users\/1"}],"replies":[{"embeddable":true,"href":"https:\/\/www.camping-jablines.com\/de\/wp-json\/wp\/v2\/comments?post=1616"}],"version-history":[{"count":11,"href":"https:\/\/www.camping-jablines.com\/de\/wp-json\/wp\/v2\/pages\/1616\/revisions"}],"predecessor-version":[{"id":3170,"href":"https:\/\/www.camping-jablines.com\/de\/wp-json\/wp\/v2\/pages\/1616\/revisions\/3170"}],"wp:featuredmedia":[{"embeddable":true,"href":"https:\/\/www.camping-jablines.com\/de\/wp-json\/wp\/v2\/media\/1379"}],"wp:attachment":[{"href":"https:\/\/www.camping-jablines.com\/de\/wp-json\/wp\/v2\/media?parent=1616"}],"wp:term":[{"taxonomy":"sujet","embeddable":true,"href":"https:\/\/www.camping-jablines.com\/de\/wp-json\/wp\/v2\/sujet?post=1616"}],"curies":[{"name":"wp","href":"https:\/\/api.w.org\/{rel}","templated":true}]}}